{"id":5,"date":"2022-11-01T12:17:44","date_gmt":"2022-11-01T12:17:44","guid":{"rendered":"https:\/\/achdsehcp-dev-001.azurewebsites.net\/en-us\/achondroplasia\/?page_id=5"},"modified":"2024-04-11T08:08:10","modified_gmt":"2024-04-11T08:08:10","slug":"home","status":"publish","type":"page","link":"https:\/\/hcp.biomarin.com\/pt-pt\/achondroplasia\/","title":{"rendered":"Home"},"content":{"rendered":"<div id=\"acf-block-63f4e69734bf1\" class=\"hero hero-no-overlay pull-bottom\">\n            <div class=\"hero-background-image hero-background-image-desktop\" style=\"background-image: url(https:\/\/hcp.biomarin.com\/pt-pt\/achondroplasia\/wp-content\/uploads\/sites\/11\/2022\/11\/Resources-Hero.jpg?v=0.122);\"><\/div>\n\t    <div class=\"hero-background-image hero-background-image-mobile\" style=\"background-image: url(https:\/\/hcp.biomarin.com\/pt-pt\/achondroplasia\/wp-content\/uploads\/sites\/11\/2022\/12\/mobile_bg.png?v=0.122);\"><\/div>\n    \t<div class=\"overlay\"><\/div>\n\t<div class=\"wrapper\">\n\t\t<div class=\"inner-wrapper\">\n\t\t\t<div class=\"hero-content\">\n\t\t\t    \t\t\t\t\t\t\t\t\t\t\t\t    <h1>Para vermos a acondroplasia no seu todo, temos de aprofundar os nossos conhecimentos\n<\/h1>\n\t\t\t\t\t\t\t\t\t\t\t\t    <p>Cabe-lhe a si assegurar que os cuidados abrangentes contemplam o cen\u00e1rio inteiro<\/p>\n\t\t\t\t\t\t\t\t\n                <p class=\"inline-buttons\">\n                                                        <\/p>\n\t\t\t\t\t\t\t<\/div>\n\t\t<\/div>\n\t<\/div>\n<\/div>\n\n\n<div id=\"acf-block-63f4e69734c47\" class=\"block boxed-content boxed-content-white\">\n\t<div class=\"wrapper\">\n\t\t<div class=\"inner-wrapper\">\n\t\t\t<div class=\"box\">\n\t\t\t\t\t\t\t\t\n<div id=\"acf-block-63f4e69734c66\" class=\"image-text-block bottom-border\">\n            <div class=\"image-block medium\">\n            <figure>\n                <div class=\"image image-rounded\">\n                    <img decoding=\"async\" class=\"\" src=\"https:\/\/hcp.biomarin.com\/pt-pt\/achondroplasia\/wp-content\/uploads\/sites\/11\/2022\/11\/chondrocyte-cell-500-blue-bg.png?v=0.122\" alt=\"chondrocyte cell\" \/>                <\/div>\n            <\/figure>\n        <\/div>\n        <div class=\"content-block\">\n                    <h3>A acondroplasia \u00e9 o tipo mais comum de displasia esquel\u00e9tica e \u00e9 caracterizada por comprometimento do crescimento \u00f3sseo endocondral<sup>1<\/sup>\n<\/h3>\n                            <p>A acondroplasia \u00e9 o tipo mais comum de displasia esquel\u00e9tica e \u00e9 caracterizada por comprometimento do crescimento \u00f3sseo endocondral<sup>1<\/sup><\/p>\n                                            <p><a class=\"button button-arrow\" href=\"https:\/\/hcp.biomarin.com\/pt-pt\/achondroplasia\/causa\/\" target=\"_self\">Crescimento \u00f3sseo<\/a><\/p>\n                        <\/div>\n<\/div>\n\n<div id=\"acf-block-63f4e69734c86\" class=\"image-text-block bottom-border\">\n            <div class=\"image-block medium\">\n            <figure>\n                <div class=\"image image-rounded\">\n                    <img decoding=\"async\" class=\"\" src=\"https:\/\/hcp.biomarin.com\/pt-pt\/achondroplasia\/wp-content\/uploads\/sites\/11\/2022\/11\/kid-doing-homework.png?v=0.122\" alt=\"A young boy with Achondroplasia sitting at a table doing homework\" \/>                <\/div>\n            <\/figure>\n        <\/div>\n        <div class=\"content-block\">\n                    <h3>Qual \u00e9 o impacto da acondroplasia?\n<\/h3>\n                            <p>Um crescimento \u00f3sseo comprometido afeta os doentes em termos f\u00edsicos, funcionais e psicossociais<\/p>\n                                            <p><a class=\"button button-arrow\" href=\"https:\/\/hcp.biomarin.com\/pt-pt\/achondroplasia\/impacto\/\" target=\"_self\">Complica\u00e7\u00f5es multissist\u00e9micas<\/a><\/p>\n                        <\/div>\n<\/div>\n\n<div id=\"acf-block-63f4e69734c9f\" class=\"image-text-block\">\n            <div class=\"image-block medium\">\n            <figure>\n                <div class=\"image image-rounded\">\n                    <img decoding=\"async\" class=\"\" src=\"https:\/\/hcp.biomarin.com\/pt-pt\/achondroplasia\/wp-content\/uploads\/sites\/11\/2023\/02\/consensus-750x750.png\" alt=\"\" \/>                <\/div>\n            <\/figure>\n        <\/div>\n        <div class=\"content-block\">\n                    <h3>Declara\u00e7\u00e3o de Consenso Internacional\n<\/h3>\n                            <p>A Declara\u00e7\u00e3o de Consenso Internacional sobre o diagn\u00f3stico, gest\u00e3o multidisciplinar e cuidados ao longo da vida de indiv\u00edduos com acondroplasia<\/p>\n                                            <p><a class=\"button button-arrow\" href=\"https:\/\/hcp.biomarin.com\/pt-pt\/achondroplasia\/international-consensus-statement\/\" target=\"_self\">Declara\u00e7\u00e3o de consenso<\/a><\/p>\n                        <\/div>\n<\/div>\n\t\t\t<\/div>\n\t\t<\/div>\n\t<\/div>\n<\/div>\n\n<div id=\"acf-block-63f4e69734cb0\" class=\"block wrapped-content block-zero-bottom\">\n    <div class=\"wrapper\">\n        <div class=\"inner-wrapper\">\n                \n<div id=\"acf-block-63f4e69734cbf\" class=\"block-wysiwyg\">\n            <h2>Suporte para acondroplasia<\/h2>\n<p>Os pais, cuidadores e doentes poder\u00e3o precisar de fortes comunidades m\u00e9dicas desde o primeiro dia<sup>1<\/sup><\/p>\n    <\/div>\n        <\/div>\n    <\/div>\n<\/div>\n\n<div id=\"acf-block-63f4e69734cd6\" class=\"block cards cards-2-col block-zero-top\">\n\t<div class=\"wrapper\">\n\t\t<div class=\"inner-wrapper\">\n\t\t\t<div class=\"cards-title\">\n\t\t\t    \t\t\t\t\t\t\t<\/div>\n\t\t\t<div class=\"cards-wrapper\">\n\t\t\t    \n<div id=\"acf-block-63f4e69734cf2\" class=\"card card-fixed-button\" data-muted-autoplay=\"false\">\n    \t    \n\n                    <img decoding=\"async\" class=\"card-image\" src=\"https:\/\/hcp.biomarin.com\/pt-pt\/achondroplasia\/wp-content\/uploads\/sites\/11\/2022\/11\/mother-with-child.jpg?v=0.122\" alt=\"mother sat reading with child with Achodroplasia\" \/>        \n\t    <div class=\"card-content\">\n                            <h4>Gest\u00e3o dos cuidados de sa\u00fade da acondroplasia\n<\/h4>\n        \n                                                                                                            <p>Os especialistas de cl\u00ednica geral podem ajudar a coordenar uma abordagem multidisciplinar aos cuidados a receber<\/p>\n                                                                                                                                                                                                                                                                        \n                                                                                        <\/div>\n                                <div class=\"card-actions\">\n                            \n                            <p><a class=\"button button-text button-arrow\" href=\"https:\/\/hcp.biomarin.com\/pt-pt\/achondroplasia\/controlo\/\" target=\"_self\">Saiba mais sobre o tratamento da acondroplasia<\/a><\/p>\n                                                                                    <\/div>\n<\/div>\n\n<div id=\"acf-block-63f4e69734d1c\" class=\"card card-fixed-button\" data-muted-autoplay=\"false\">\n    \t    \n\n                    <img decoding=\"async\" class=\"card-image\" src=\"https:\/\/hcp.biomarin.com\/pt-pt\/achondroplasia\/wp-content\/uploads\/sites\/11\/2024\/03\/Complication-Timeline-Resource-Group-4070_2X-B-PT.png?v=0.122\" alt=\"\" \/>        \n\t    <div class=\"card-content\">\n                            <h4>Biblioteca\n<\/h4>\n        \n                                                                                                            <p>Tudo que voc\u00ea precisa para aprofundar seu conhecimento sobre acondroplasia<\/p>\n                                                                                                                                                                                                                                                                        \n                                                                                        <\/div>\n                                <div class=\"card-actions\">\n                            \n                            <p><a class=\"button button-text button-arrow\" href=\"https:\/\/hcp.biomarin.com\/pt-pt\/achondroplasia\/recursos\/\" target=\"_self\">Aceda a fichas informativas e recursos sobre acondroplasia<\/a><\/p>\n                                                                                    <\/div>\n<\/div>\n\t\t\t<\/div>\n\t\t<\/div>\n\t<\/div>\n<\/div>\n\n<div id=\"acf-block-6423fe33120fb\" class=\"block boxed-content quiz block-tight-top block-tight-bottom\">\n    <div class=\"wrapper\">\n        <div class=\"inner-wrapper\">\n            <div class=\"box\">\n\t\t\t\t<div class=\"quiz-question\">\n                    \t\t\t\t\t    <h2>Teste seu conhecimento\n<\/h2>\n\t\t\t\t\t\n\t\t\t\t\t\t\t\t\t\t    <p>A acondroplasia \u00e9 respons\u00e1vel por qual percentagem de nanismo?<\/p>\n\t\t\t\t\t\n                                            <div class=\"quiz-question-responses\">\n                                                                                                                                                            <a class=\"button button-ghost\" href=\"#\" data-correct-answer=\"false\">\n                                    20%\n                                <\/a>\n                                                                                                                                                            <a class=\"button button-ghost\" href=\"#\" data-correct-answer=\"false\">\n                                    40%\n                                <\/a>\n                                                                                                                                                            <a class=\"button button-ghost\" href=\"#\" data-correct-answer=\"true\">\n                                    90%\n                                <\/a>\n                                                                                                                                                            <a class=\"button button-ghost\" href=\"#\" data-correct-answer=\"false\">\n                                    70%\n                                <\/a>\n                                                    <\/div>\n\t\t\t\t\t\n                                            <div class=\"quiz-question-submit\">\n                            <p><a class=\"button\" href=\"#\">Enviar<\/a><\/p>\n                        <\/div>\n\t\t\t\t\t\t\t\t\t<\/div>\n\n\t\t\t\t<div class=\"quiz-answer\" style=\"display:none;\">\n\t\t\t\t    \t\t\t\t        \t\t\t\t\t    <p class=\"quiz-answer-choice\">Voc\u00ea escolheu: %choice%\n<\/p>\n\t\t\t\t\t\n\t\t\t\t\t                                                    <h2 class=\"correct\" style=\"display:none;\">Correta!\n<\/h2>\n                                                                            <h2 class=\"incorrect\" style=\"display:none;\">N\u00e3o \u00e9 isso \u2013 a resposta correta \u00e9 %answer%\n<\/h2>\n                                                                            <p>A acondroplasia \u00e9 respons\u00e1vel por aproximadamente 90% do nanismo,<sup>1<\/sup> com 80% dos casos ocorrendo em filhos de pais de estatura m\u00e9dia.<sup>2<\/sup><\/p>\n                        \n                                                                                                                                        \t\t\t\t\t\n\t\t\t\t\t                        <p class=\"references\">\n                            <a class=\"quiz-references-modal\" href=\"#quiz-references-modal\">Bibliograf\u00eda<\/a>\n                        <\/p>\n                        <div id=\"quiz-references-modal\" class=\"quiz-references white-popup-block mfp-hide\">\n                            <div class=\"box references\">\n                                <p><a class=\"modal-close\" href=\"#\">Fechar refer\u00eancias<\/a><\/p>\n                                                                    <h2>Bibliograf\u00eda:\n<\/h2>\n                                                                <ol>\n                                                                                                                                                                                                        <li><span>Waller DK, Correa A, Vo TM, et al. The population-based prevalence of achondroplasia and thanatophoric dysplasia in selected regions of the US.\u202fAm J Med Genet A. 2008;146A(18):2385-2389. doi:10.1002\/ajmg.a.32485.\n<\/span><\/li>\n                                                                                                                                                                                                                                                <li><span>Hecht JT, Bodensteiner JB, Butler IJ. Neurologic manifestations of achondroplasia.\u202fHandb Clin Neurol. 2014;119:551-563. doi:10.1016\/B978-0-7020-4086-3.00036-9.\n<\/span><\/li>\n                                                                                                            <\/ol>\n                            <\/div>\n                        <\/div>\n\t\t\t\t\t\t\t\t\t<\/div>\n\t\t\t<\/div>\n        <\/div>\n    <\/div>\n<\/div>\n\n<div id=\"acf-block-63f4e697351af\" class=\"block references\">\n    <div class=\"wrapper\">\n\t\t<div class=\"inner-wrapper\">\n\t\t    \t\t\t    <h4>Bibliograf\u00eda:\n<\/h4>\n\t\t\t\t\t\t                <ol>\n                                                                                                                        <li><span>Hoover-Fong J, Scott CI, Jones MC; Committee on Genetics. Health supervision for people with achondroplasia. <em>Pediatrics<\/em>. 2020;145(6):e20201010.\n<\/span><\/li>\n                                                            <\/ol>\n\t\t\t\t\t<\/div>\n\t<\/div>\n<\/div>\n\n<div id=\"acf-block-6423fe8a2e365\" class=\"block print-page\">\n    <div class=\"wrapper\">\n        <div class=\"inner-wrapper\">\n            <p><a class=\"button button-print\" href=\"#\">Imprima esta p\u00e1gina<\/a><\/p>\n        <\/div>\n    <\/div>\n<\/div>","protected":false},"excerpt":{"rendered":"","protected":false},"author":2,"featured_media":0,"parent":0,"menu_order":0,"comment_status":"closed","ping_status":"closed","template":"","meta":{"_acf_changed":false,"inline_featured_image":false,"footnotes":""},"class_list":["post-5","page","type-page","status-publish","hentry"],"acf":[],"yoast_head":"<!-- This site is optimized with the Yoast SEO plugin v27.1.1 - https:\/\/yoast.com\/product\/yoast-seo-wordpress\/ -->\n<title>Acondroplasia e displasia esquel\u00e9tica | Profissionais de sa\u00fade<\/title>\n<meta name=\"description\" content=\"Explore nossos recursos para profissionais m\u00e9dicos sobre a acondroplasia, o tipo mais comum de nanismo, incluindo pesquisas atuais, causas e muito mais.\" \/>\n<meta name=\"robots\" content=\"index, follow, max-snippet:-1, max-image-preview:large, max-video-preview:-1\" \/>\n<link rel=\"canonical\" href=\"https:\/\/hcp.biomarin.com\/pt-pt\/achondroplasia\/\" \/>\n<meta property=\"og:locale\" content=\"pt_PT\" \/>\n<meta property=\"og:type\" content=\"article\" \/>\n<meta property=\"og:title\" content=\"Acondroplasia e displasia esquel\u00e9tica | Profissionais de sa\u00fade\" \/>\n<meta property=\"og:description\" content=\"Explore nossos recursos para profissionais m\u00e9dicos sobre a acondroplasia, o tipo mais comum de nanismo, incluindo pesquisas atuais, causas e muito mais.\" \/>\n<meta property=\"og:url\" content=\"https:\/\/hcp.biomarin.com\/pt-pt\/achondroplasia\/\" \/>\n<meta property=\"og:site_name\" content=\"BioMarin ACH DSE HCP PT-PT\" \/>\n<meta property=\"article:publisher\" content=\"https:\/\/www.facebook.com\/BioMarinOfficial\/\" \/>\n<meta property=\"article:modified_time\" content=\"2024-04-11T08:08:10+00:00\" \/>\n<meta name=\"twitter:card\" content=\"summary_large_image\" \/>\n<script type=\"application\/ld+json\" class=\"yoast-schema-graph\">{\"@context\":\"https:\/\/schema.org\",\"@graph\":[{\"@type\":\"WebPage\",\"@id\":\"https:\/\/hcp.biomarin.com\/pt-pt\/achondroplasia\/\",\"url\":\"https:\/\/hcp.biomarin.com\/pt-pt\/achondroplasia\/\",\"name\":\"Acondroplasia e displasia esquel\u00e9tica | Profissionais de sa\u00fade\",\"isPartOf\":{\"@id\":\"https:\/\/hcp.biomarin.com\/pt-pt\/achondroplasia\/#website\"},\"datePublished\":\"2022-11-01T12:17:44+00:00\",\"dateModified\":\"2024-04-11T08:08:10+00:00\",\"description\":\"Explore nossos recursos para profissionais m\u00e9dicos sobre a acondroplasia, o tipo mais comum de nanismo, incluindo pesquisas atuais, causas e muito mais.\",\"breadcrumb\":{\"@id\":\"https:\/\/hcp.biomarin.com\/pt-pt\/achondroplasia\/#breadcrumb\"},\"inLanguage\":\"pt-PT\",\"potentialAction\":[{\"@type\":\"ReadAction\",\"target\":[\"https:\/\/hcp.biomarin.com\/pt-pt\/achondroplasia\/\"]}]},{\"@type\":\"BreadcrumbList\",\"@id\":\"https:\/\/hcp.biomarin.com\/pt-pt\/achondroplasia\/#breadcrumb\",\"itemListElement\":[{\"@type\":\"ListItem\",\"position\":1,\"name\":\"Home\",\"item\":\"https:\/\/hcp.biomarin.com\/pt-pt\/achondroplasia\/\"},{\"@type\":\"ListItem\",\"position\":2,\"name\":\"Home\"}]},{\"@type\":\"WebSite\",\"@id\":\"https:\/\/hcp.biomarin.com\/pt-pt\/achondroplasia\/#website\",\"url\":\"https:\/\/hcp.biomarin.com\/pt-pt\/achondroplasia\/\",\"name\":\"BioMarin ACH DSE HCP PT-PT\",\"description\":\"\",\"publisher\":{\"@id\":\"https:\/\/hcp.biomarin.com\/pt-pt\/achondroplasia\/#organization\"},\"potentialAction\":[{\"@type\":\"SearchAction\",\"target\":{\"@type\":\"EntryPoint\",\"urlTemplate\":\"https:\/\/hcp.biomarin.com\/pt-pt\/achondroplasia\/?s={search_term_string}\"},\"query-input\":{\"@type\":\"PropertyValueSpecification\",\"valueRequired\":true,\"valueName\":\"search_term_string\"}}],\"inLanguage\":\"pt-PT\"},{\"@type\":\"Organization\",\"@id\":\"https:\/\/hcp.biomarin.com\/pt-pt\/achondroplasia\/#organization\",\"name\":\"BioMarin\",\"url\":\"https:\/\/hcp.biomarin.com\/pt-pt\/achondroplasia\/\",\"logo\":{\"@type\":\"ImageObject\",\"inLanguage\":\"pt-PT\",\"@id\":\"https:\/\/hcp.biomarin.com\/pt-pt\/achondroplasia\/#\/schema\/logo\/image\/\",\"url\":\"https:\/\/hcp.biomarin.com\/pt-pt\/achondroplasia\/wp-content\/uploads\/sites\/11\/2023\/01\/biomarin-logo.svg\",\"contentUrl\":\"https:\/\/hcp.biomarin.com\/pt-pt\/achondroplasia\/wp-content\/uploads\/sites\/11\/2023\/01\/biomarin-logo.svg\",\"width\":\"1024\",\"height\":\"1024\",\"caption\":\"BioMarin\"},\"image\":{\"@id\":\"https:\/\/hcp.biomarin.com\/pt-pt\/achondroplasia\/#\/schema\/logo\/image\/\"},\"sameAs\":[\"https:\/\/www.facebook.com\/BioMarinOfficial\/\",\"https:\/\/www.linkedin.com\/company\/biomarin\"]}]}<\/script>\n<!-- \/ Yoast SEO plugin. -->","yoast_head_json":{"title":"Acondroplasia e displasia esquel\u00e9tica | Profissionais de sa\u00fade","description":"Explore nossos recursos para profissionais m\u00e9dicos sobre a acondroplasia, o tipo mais comum de nanismo, incluindo pesquisas atuais, causas e muito mais.","robots":{"index":"index","follow":"follow","max-snippet":"max-snippet:-1","max-image-preview":"max-image-preview:large","max-video-preview":"max-video-preview:-1"},"canonical":"https:\/\/hcp.biomarin.com\/pt-pt\/achondroplasia\/","og_locale":"pt_PT","og_type":"article","og_title":"Acondroplasia e displasia esquel\u00e9tica | Profissionais de sa\u00fade","og_description":"Explore nossos recursos para profissionais m\u00e9dicos sobre a acondroplasia, o tipo mais comum de nanismo, incluindo pesquisas atuais, causas e muito mais.","og_url":"https:\/\/hcp.biomarin.com\/pt-pt\/achondroplasia\/","og_site_name":"BioMarin ACH DSE HCP PT-PT","article_publisher":"https:\/\/www.facebook.com\/BioMarinOfficial\/","article_modified_time":"2024-04-11T08:08:10+00:00","twitter_card":"summary_large_image","schema":{"@context":"https:\/\/schema.org","@graph":[{"@type":"WebPage","@id":"https:\/\/hcp.biomarin.com\/pt-pt\/achondroplasia\/","url":"https:\/\/hcp.biomarin.com\/pt-pt\/achondroplasia\/","name":"Acondroplasia e displasia esquel\u00e9tica | Profissionais de sa\u00fade","isPartOf":{"@id":"https:\/\/hcp.biomarin.com\/pt-pt\/achondroplasia\/#website"},"datePublished":"2022-11-01T12:17:44+00:00","dateModified":"2024-04-11T08:08:10+00:00","description":"Explore nossos recursos para profissionais m\u00e9dicos sobre a acondroplasia, o tipo mais comum de nanismo, incluindo pesquisas atuais, causas e muito mais.","breadcrumb":{"@id":"https:\/\/hcp.biomarin.com\/pt-pt\/achondroplasia\/#breadcrumb"},"inLanguage":"pt-PT","potentialAction":[{"@type":"ReadAction","target":["https:\/\/hcp.biomarin.com\/pt-pt\/achondroplasia\/"]}]},{"@type":"BreadcrumbList","@id":"https:\/\/hcp.biomarin.com\/pt-pt\/achondroplasia\/#breadcrumb","itemListElement":[{"@type":"ListItem","position":1,"name":"Home","item":"https:\/\/hcp.biomarin.com\/pt-pt\/achondroplasia\/"},{"@type":"ListItem","position":2,"name":"Home"}]},{"@type":"WebSite","@id":"https:\/\/hcp.biomarin.com\/pt-pt\/achondroplasia\/#website","url":"https:\/\/hcp.biomarin.com\/pt-pt\/achondroplasia\/","name":"BioMarin ACH DSE HCP PT-PT","description":"","publisher":{"@id":"https:\/\/hcp.biomarin.com\/pt-pt\/achondroplasia\/#organization"},"potentialAction":[{"@type":"SearchAction","target":{"@type":"EntryPoint","urlTemplate":"https:\/\/hcp.biomarin.com\/pt-pt\/achondroplasia\/?s={search_term_string}"},"query-input":{"@type":"PropertyValueSpecification","valueRequired":true,"valueName":"search_term_string"}}],"inLanguage":"pt-PT"},{"@type":"Organization","@id":"https:\/\/hcp.biomarin.com\/pt-pt\/achondroplasia\/#organization","name":"BioMarin","url":"https:\/\/hcp.biomarin.com\/pt-pt\/achondroplasia\/","logo":{"@type":"ImageObject","inLanguage":"pt-PT","@id":"https:\/\/hcp.biomarin.com\/pt-pt\/achondroplasia\/#\/schema\/logo\/image\/","url":"https:\/\/hcp.biomarin.com\/pt-pt\/achondroplasia\/wp-content\/uploads\/sites\/11\/2023\/01\/biomarin-logo.svg","contentUrl":"https:\/\/hcp.biomarin.com\/pt-pt\/achondroplasia\/wp-content\/uploads\/sites\/11\/2023\/01\/biomarin-logo.svg","width":"1024","height":"1024","caption":"BioMarin"},"image":{"@id":"https:\/\/hcp.biomarin.com\/pt-pt\/achondroplasia\/#\/schema\/logo\/image\/"},"sameAs":["https:\/\/www.facebook.com\/BioMarinOfficial\/","https:\/\/www.linkedin.com\/company\/biomarin"]}]}},"_links":{"self":[{"href":"https:\/\/hcp.biomarin.com\/pt-pt\/achondroplasia\/wp-json\/wp\/v2\/pages\/5","targetHints":{"allow":["GET"]}}],"collection":[{"href":"https:\/\/hcp.biomarin.com\/pt-pt\/achondroplasia\/wp-json\/wp\/v2\/pages"}],"about":[{"href":"https:\/\/hcp.biomarin.com\/pt-pt\/achondroplasia\/wp-json\/wp\/v2\/types\/page"}],"author":[{"embeddable":true,"href":"https:\/\/hcp.biomarin.com\/pt-pt\/achondroplasia\/wp-json\/wp\/v2\/users\/2"}],"replies":[{"embeddable":true,"href":"https:\/\/hcp.biomarin.com\/pt-pt\/achondroplasia\/wp-json\/wp\/v2\/comments?post=5"}],"version-history":[{"count":204,"href":"https:\/\/hcp.biomarin.com\/pt-pt\/achondroplasia\/wp-json\/wp\/v2\/pages\/5\/revisions"}],"predecessor-version":[{"id":2693,"href":"https:\/\/hcp.biomarin.com\/pt-pt\/achondroplasia\/wp-json\/wp\/v2\/pages\/5\/revisions\/2693"}],"wp:attachment":[{"href":"https:\/\/hcp.biomarin.com\/pt-pt\/achondroplasia\/wp-json\/wp\/v2\/media?parent=5"}],"curies":[{"name":"wp","href":"https:\/\/api.w.org\/{rel}","templated":true}]}}