{"id":847,"date":"2023-01-12T07:10:10","date_gmt":"2023-01-12T07:10:10","guid":{"rendered":"https:\/\/pkudsehcp-dev-001.azurewebsites.net\/pt-br\/?page_id=847"},"modified":"2024-09-03T10:45:34","modified_gmt":"2024-09-03T10:45:34","slug":"recursos-de-hcp","status":"publish","type":"page","link":"https:\/\/hcp.biomarin.com\/pt-br\/pku\/recursos-de-hcp\/","title":{"rendered":"Recursos de HCP"},"content":{"rendered":"<div id=\"acf-block-63f651fa98b8e\" class=\"hero hero-no-overlay\">\n            <div class=\"hero-background-image hero-background-image-desktop\" style=\"background-image: url(https:\/\/hcp.biomarin.com\/pt-br\/pku\/wp-content\/uploads\/sites\/4\/2023\/01\/PKU_Tree_DSE_Website_Interior_2022_v1_RGB_FIN.jpg?v=0.90);\"><\/div>\n\t    <div class=\"hero-background-image hero-background-image-mobile\" style=\"background-image: url(https:\/\/hcp.biomarin.com\/pt-br\/pku\/wp-content\/uploads\/sites\/4\/2023\/03\/hero-815x800.jpg);\"><\/div>\n    \t<div class=\"overlay\"><\/div>\n\t<div class=\"wrapper\">\n\t\t<div class=\"inner-wrapper\">\n\t\t\t<div class=\"hero-content\">\n\t\t\t    \t\t\t\t\t\t\t\t\t\t\t\t    <h1>Recursos para profissionais de sa\u00fade que trabalham com fenilceton\u00faria\n<\/h1>\n\t\t\t\t\t\t\t\t\t\t\t\t\n                <p class=\"inline-buttons\">\n                                                        <\/p>\n\t\t\t\t\t\t\t<\/div>\n\t\t<\/div>\n\t<\/div>\n<\/div>\n\n\n<div id=\"acf-block-63f651fa98bf0\" class=\"block wrapped-content bg-band bg-band-white block-zero-top block-zero-bottom\">\n    <div class=\"wrapper\">\n        <div class=\"inner-wrapper\">\n                \n<div id=\"acf-block-63f651fa98d8c\" class=\"block-wysiwyg\">\n            <h2>Associa\u00e7\u00f5es de pacientes no Brasil<\/h2>\n<ul>\n<li>SAFE<\/li>\n<li>M\u00e3es Metab\u00f3licas<\/li>\n<li>ACDG<\/li>\n<li>ACAMU<\/li>\n<li>IBB<\/li>\n<li>Atlas biossocial<\/li>\n<\/ul>\n<h2>Associa\u00e7\u00f5es de pacientes globais<\/h2>\n<h3>Alian\u00e7a Nacional de PKU (NPKUA)<\/h3>\n<p>A NPKUA \u00e9 uma colabora\u00e7\u00e3o de membros da comunidade da fenilceton\u00faria (PKU) que se unem como uma voz nacional e apoiam os esfor\u00e7os locais para aumentar a conscientiza\u00e7\u00e3o sobre a fenilceton\u00faria (PKU) e promover a defesa e a educa\u00e7\u00e3o, enquanto buscam a cura.<\/p>\n<p><a href=\"http:\/\/www.npkua.org\" target=\"_blank\" rel=\"noopener\">www.npkua.org\u00a0&gt;<\/a><\/p>\n<h3>National PKU News<\/h3>\n<p>O National PKU News fornece recursos e suporte para indiv\u00edduos, fam\u00edlias e m\u00e9dicos que est\u00e3o lidando com a PKU e outros erros inatos do metabolismo.<\/p>\n<p><a href=\"http:\/\/pkunews.org\" target=\"_blank\" rel=\"noopener\">pkunews.org &gt;<\/a><\/p>\n<p><strong>H\u00e1 muitos grupos e institutos de pacientes dispon\u00edveis para apoiar pacientes com PKU. Verifique se h\u00e1 mais em sua regi\u00e3o.<\/strong><\/p>\n    <\/div>\n        <\/div>\n    <\/div>\n<\/div>\n\n<div id=\"acf-block-64513514a92ec\" class=\"block boxed-content block-tight-top block-zero-bottom boxed-content-no-bg\">\n\t<div class=\"wrapper\">\n\t\t<div class=\"inner-wrapper\">\n\t\t\t<div class=\"box\">\n\t\t\t\t                    <h2>Resumo das principais publica\u00e7\u00f5es\n<\/h2>\n                \t\t\t\t\n<div id=\"acf-block-64513514a96de\" class=\"image-text-block bottom-border\">\n        <div class=\"content-block\">\n                            <p>Rela\u00e7\u00e3o entre Phe elevada e sintomas neuropsiqui\u00e1tricos e d\u00e9ficits cognitivos em adultos com PKU<\/p>\n                                            <p><a class=\"button button-download\" href=\"https:\/\/hcp.biomarin.com\/pt-br\/pku\/wp-content\/uploads\/sites\/4\/2024\/03\/Resumo-Publicacao_Phe-Elevada-e-Sintomas-Neuropsiquiatricos.pdf?v=0.90\" target=\"_blank\">Download<\/a><\/p>\n                        <\/div>\n<\/div>\n\n<div id=\"acf-block-64513514a9784\" class=\"image-text-block bottom-border\">\n        <div class=\"content-block\">\n                            <p>Painel de especialistas fornece recomenda\u00e7\u00f5es estrat\u00e9gicas para o gerenciamento de adolescentes e jovens adultos com PKU<sup>1<\/sup><\/p>\n                                            <p><a class=\"button button-download\" href=\"https:\/\/hcp.biomarin.com\/pt-br\/pku\/wp-content\/uploads\/sites\/4\/2024\/03\/Resumo-Publicacao_Recomendacoes-Estrategicas-Tratamento-de-Jovens-Adultos-com-PKU.pdf?v=0.90\" target=\"_blank\">Download<\/a><\/p>\n                        <\/div>\n<\/div>\n\t\t\t<\/div>\n\t\t<\/div>\n\t<\/div>\n<\/div>\n\n<div id=\"acf-block-63f651fa98f04\" class=\"block wrapped-content block-tight-bottom\">\n    <div class=\"wrapper\">\n        <div class=\"inner-wrapper\">\n                \n<div id=\"acf-block-63f651fa98f13\" class=\"block-wysiwyg\">\n            <h2>Saiba mais sobre PKU<\/h2>\n    <\/div>\n        <\/div>\n    <\/div>\n<\/div>\n\n<div id=\"acf-block-63f651fa98f25\" class=\"block cards cards-2-col block-tight-top block-tight-bottom\">\n\t<div class=\"wrapper\">\n\t\t<div class=\"inner-wrapper\">\n\t\t\t<div class=\"cards-title\">\n\t\t\t    \t\t\t\t\t\t\t<\/div>\n\t\t\t<div class=\"cards-wrapper\">\n\t\t\t    \n<div id=\"acf-block-63f651fa98f44\" class=\"card card-product card-fixed-button card-centered\" data-muted-autoplay=\"false\">\n    \t    \n\n                    <img decoding=\"async\" class=\"card-image\" src=\"https:\/\/hcp.biomarin.com\/pt-br\/pku\/wp-content\/uploads\/sites\/4\/2023\/01\/symptoms_icon.svg\" alt=\"\u00cdcone de sintomas de n\u00edveis descontrolados de Phe\" \/>        \n\t    <div class=\"card-content\">\n                            <h4>Conhe\u00e7a os sintomas da PKU n\u00e3o controlada\n<\/h4>\n        \n                                                                                                                                                                                                                                                                                    \n                                                                                        <\/div>\n                                <div class=\"card-actions\">\n                            \n                            <p><a class=\"button\" href=\"https:\/\/hcp.biomarin.com\/pt-br\/pku\/desafios-do-pku\/\" target=\"_self\">Saiba mais<\/a><\/p>\n                                                                                    <\/div>\n<\/div>\n\n<div id=\"acf-block-63f651fa98f5d\" class=\"card card-product card-fixed-button card-centered\" data-muted-autoplay=\"false\">\n    \t    \n\n                    <img decoding=\"async\" class=\"card-image\" src=\"https:\/\/hcp.biomarin.com\/pt-br\/pku\/wp-content\/uploads\/sites\/4\/2023\/01\/experts_say_icon.svg\" alt=\"\u00cdcone de especialistas\" \/>        \n\t    <div class=\"card-content\">\n                            <h4>Ou\u00e7a o que dizem os especialistas\n<\/h4>\n        \n                                                                                                                                                                                                                                                                                    \n                                                                                        <\/div>\n                                <div class=\"card-actions\">\n                            \n                            <p><a class=\"button\" href=\"https:\/\/hcp.biomarin.com\/pt-br\/pku\/conversando-com-seus-pacientes\/\" target=\"_self\">Saiba mais<\/a><\/p>\n                                                                                    <\/div>\n<\/div>\n\t\t\t<\/div>\n\t\t<\/div>\n\t<\/div>\n<\/div>\n\n<div id=\"conecte-se-conosco\" class=\"block hcp-sign-up-form\">\n    <div class=\"wrapper\">\n        <div class=\"inner-wrapper\">\n                            <h2>Mantenha-se conectado com as informa\u00e7\u00f5es mais recentes sobre PKU\n<\/h2>\n                        <div class=\"block form-box\">\n                                    <p>Registre-se abaixo para entrar em contato com um representante da BioMarin, saber mais sobre os pr\u00f3ximos eventos e\/ou not\u00edcias sobre PKU ou solicitar uma discuss\u00e3o entre pares.<\/p>\n<p><strong>* Campos obrigat\u00f3rios<\/strong><\/p>\n                \n                <form id=\"hcp-sign-up\" name=\"Stay connected with the latest PKU information\">\n                    <div class=\"form-item check-item\">\n                        <input type=\"checkbox\" id=\"connect-local-rep\" name=\"connect_local_rep\">\n                        <label for=\"connect-local-rep\">Conecte-se com um representante local da BioMarin<\/label>\n                    <\/div>\n\n                    <div class=\"form-item\">\n                        <label for=\"first-name\">Primeiro nome<span class=\"required\">*<\/span><\/label>\n                        <input class=\"text\" id=\"first-name\" type=\"text\" required\n                        data-pristine-required-message=\"Digite seu primeiro nome.\">\n                    <\/div>\n\n                    <div class=\"form-item\">\n                        <label for=\"last-name\">Sobrenome<span class=\"required\">*<\/span><\/label>\n                        <input class=\"text\" id=\"last-name\" type=\"text\" required\n                        data-pristine-required-message=\"Digite seu sobrenome.\">\n                    <\/div>\n\n                    <div class=\"form-item\">\n                        <label for=\"medical-speciality\">Especialidade<span class=\"required\">*<\/span><\/label>\n                        <select class=\"text\" id=\"medical-speciality\" required\n                        data-pristine-required-message=\"Selecione sua especialidade m\u00e9dica.\">\n                            <option value=\"\">Por favor, selecione<\/option>\n                            <option value=\"Anesthesiology\">Anestesiologia<\/option>\n                            <option value=\"Audiology\">Audiologia<\/option>\n                            <option value=\"Behavioral Neurology &#038; Neuropsychiatry\">Neurologia e Neuropsiquiatria Comportamental<\/option>\n                            <option value=\"Biology\">Biologia<\/option>\n                            <option value=\"Biomedical Engineering\">Engenharia Biom\u00e9dica<\/option>\n                            <option value=\"Cardiology\">Cardiologia<\/option>\n                            <option value=\"Clinical Biochemical Genetics\">Bioqu\u00edmica em Gen\u00e9tica Cl\u00ednica<\/option>\n                            <option value=\"Dentistry and Odontology\">Odontologia<\/option>\n                            <option value=\"Dermatology\">Dermatologia<\/option>\n                            <option value=\"Diagnostic Radiology\">Radiologia Diagn\u00f3stica<\/option>\n                            <option value=\"Electoencephalography\">Eletroencefalografia<\/option>\n                            <option value=\"Endocrinology, Diabetes &#038; Metabolism\">Endocrinologia, Diabetes e Metabolismo<\/option>\n                            <option value=\"ENT\/Otorhinolaryngologist\">Otorrinolaringologista<\/option>\n                            <option value=\"Epileptology\">Epileptologia<\/option>\n                            <option value=\"Gastroenterology\">Gastroenterologia<\/option>\n                            <option value=\"General Practice\/Family\">Cl\u00ednica Geral\/M\u00e9dico de Fam\u00edlia<\/option>\n                            <option value=\"Genetics\">Gen\u00e9tica<\/option>\n                            <option value=\"Hearing and Speech\">Fonoaudiologia<\/option>\n                            <option value=\"Hematology\">Hematologia<\/option>\n                            <option value=\"Hematology &#038; Oncology\">Hematologia e Oncologia<\/option>\n                            <option value=\"Hepatology\">Hepatologia<\/option>\n                            <option value=\"Infectious Diseases\">Infectologia<\/option>\n                            <option value=\"Intensive Care\">Tratamento Intensivo<\/option>\n                            <option value=\"Internal Medicine\">Medicina Interna<\/option>\n                            <option value=\"Kinesiology\">Cinesiologia<\/option>\n                            <option value=\"Laboratory Management\">An\u00e1lises Laboratoriais\/Exames Cl\u00ednicos<\/option>\n                            <option value=\"Medical Student\">Estudante de medicina<\/option>\n                            <option value=\"Neonatology\">Neonatologia<\/option>\n                            <option value=\"Nephrology\">Nefrologia<\/option>\n                            <option value=\"Neurology\">Neurologia<\/option>\n                            <option value=\"Neuromuscular Medicine\">Medicina Neuromuscular<\/option>\n                            <option value=\"Nutrition, Metabolic\">Nutri\u00e7\u00e3o metab\u00f3lica<\/option>\n                            <option value=\"Obstetrics\">Obstetr\u00edcia<\/option>\n                            <option value=\"Occupation Health\">Sa\u00fade Ocupacional<\/option>\n                            <option value=\"Oncology\">Oncologia<\/option>\n                            <option value=\"Ophthalmology\">Oftalmologia<\/option>\n                            <option value=\"Orthopedics\">Ortopedia<\/option>\n                            <option value=\"Paliative\/Hospice\">Paliativo<\/option>\n                            <option value=\"Pediatric Allergy\/Immunology\">Alergia\/Imunologia Pedi\u00e1trica<\/option>\n                            <option value=\"Pediatric Anesthesiology\">Anestesiologia Pedi\u00e1trica<\/option>\n                            <option value=\"Pediatric Cardiology\">Cardiologia Pedi\u00e1trica<\/option>\n                            <option value=\"Pediatric Dentistry\">Dentista Pedi\u00e1trico<\/option>\n                            <option value=\"Pediatric Endocrinology\">Endocrinologia Pedi\u00e1trica<\/option>\n                            <option value=\"Pediatric Endocrinology, Diabetes &#038; Metabolism\">Endocrinologia Pedi\u00e1trica, Diabetes e Metabolismo<\/option>\n                            <option value=\"Pediatric ENT\">Otorrinolaringologia Pedi\u00e1trica<\/option>\n                            <option value=\"Pediatric Gastroenterology\">Gastroenterologia Pedi\u00e1trica<\/option>\n                            <option value=\"Pediatric Gastroenterology &#038; Metabolism\">Gastroenterologia Pedi\u00e1trica e Metabolismo<\/option>\n                            <option value=\"Pediatric Genetics\">Gen\u00e9tica Pedi\u00e1trica<\/option>\n                            <option value=\"Pediatric Hematology\">Hematologia Pedi\u00e1trica<\/option>\n                            <option value=\"Pediatric Hematology-Oncology\">Hematologia-Oncologia Pedi\u00e1trica<\/option>\n                            <option value=\"Pediatric Metabolism\">Metabolismo Pedi\u00e1trico<\/option>\n                            <option value=\"Pediatric Neurology\">Neurologia Pedi\u00e1trica<\/option>\n                            <option value=\"Pediatric Neurosurgery\">Neurocirurgia Pedi\u00e1trica<\/option>\n                            <option value=\"Pediatric Oncology\">Oncologia Pedi\u00e1trica<\/option>\n                            <option value=\"Pediatric Ophthalmology and Strabismus Specialist\">Especialista em oftalmologia pedi\u00e1trica e estrabismo<\/option>\n                            <option value=\"Pediatric Orthopedics\">Ortopedia Pedi\u00e1trica<\/option>\n                            <option value=\"Pediatric Pneumology\">Pneumologia Pedi\u00e1trica<\/option>\n                            <option value=\"Pediatric Radiology\">Radiologia Pedi\u00e1trica<\/option>\n                            <option value=\"Pediatric Rheumatology\">Reumatologia Pedi\u00e1trica<\/option>\n                            <option value=\"Pediatrics\">Pediatria<\/option>\n                            <option value=\"Phonoaudiology\">Fonoaudiologia<\/option>\n                            <option value=\"Physiatry\">Fisiatria<\/option>\n                            <option value=\"Physician Assistant\">M\u00e9dico Assistente<\/option>\n                            <option value=\"Physiotherapy\">Fisioterapia<\/option>\n                            <option value=\"Primary Care\">Cuidados Prim\u00e1rios<\/option>\n                            <option value=\"Psychology\/Psychiatry\">Psicologia\/Psiquiatria<\/option>\n                            <option value=\"Pulmonology\">Pneumologia<\/option>\n                            <option value=\"Radiology (MRI imaging)\">Radiologia<\/option>\n                            <option value=\"Research\">Pesquisador<\/option>\n                            <option value=\"Rheumatology\">Reumatologia<\/option>\n                            <option value=\"Surgery\">Cirurgia<\/option>\n                            <option value=\"Traumatology\">Traumatologia<\/option>\n                            <option value=\"Unknown\">Outro<\/option>\n                        <\/select>\n                    <\/div>\n\n                    <div class=\"form-item\">\n                        <label for=\"email\">Endere\u00e7o de e-mail<span class=\"required\">*<\/span><\/label>\n                        <input class=\"text\" id=\"email\" type=\"email\" required\n                        data-pristine-required-message=\"Digite seu endere\u00e7o de e-mail.\"\n                        data-pristine-email-message=\"Esse campo requer um endere\u00e7o de e-mail v\u00e1lido.\">\n                    <\/div>\n\n                    <div class=\"form-item\">\n                        <label for=\"state\">Estado<span class=\"required\">*<\/span><\/label>\n                        <input class=\"text\" id=\"state\" type=\"text\" required\n                        data-pristine-required-message=\"Digite seu estado.\">\n                    <\/div>\n\n                    <div class=\"form-item check-item\">\n                        <input type=\"checkbox\" id=\"accept-ts-cs\" name=\"accept_ts_cs\" required\n                        data-pristine-required-message=\"Por favor, aceite os termos de uso.\">\n                        <label for=\"accept-ts-cs\">Ao marcar a caixa \u00e0 esquerda e clicar em &#8220;Enviar&#8221; abaixo, eu confirmo que tenho pelo menos 18 anos de idade; e confirmo que concordo com a <a href=\"https:\/\/www.biomarin.com\/data-privacy-center\/\" target=\"_blank\">Pol\u00edtica de Privacidade<\/a> e <a href=\"https:\/\/medinfoterms.com\/\" target=\"_blank\">Termos de Uso da BioMarin<\/a>; consinto que a BioMarin, seus sucessores, agentes e\/ou cession\u00e1rios usem o endere\u00e7o de e-mail que forneci para me manter informado sobre atualiza\u00e7\u00f5es de not\u00edcias e desenvolvimentos sobre a PKU; e confirmo que entendo que essas comunica\u00e7\u00f5es\/materiais podem conter informa\u00e7\u00f5es que comercializam ou anunciam produtos, bens ou servi\u00e7os da BioMarin.<span class=\"required\">*<\/span><\/label>\n                    <\/div>\n\n                    <div class=\"form-item\">\n                        <input type=\"submit\" class=\"button\" value=\"Enviar\">\n                    <\/div>\n                <\/form>\n                <form id=\"mktoForm_3470\" style=\"display:none;\"><\/form>\n            <\/div>\n\n            <div class=\"block form-success-confirmation\" style=\"display:none;\">\n                                    <h3>Muito obrigado!<\/h3>\n<p>Entraremos em contato em breve com informa\u00e7\u00f5es adicionais.<\/p>\n                                            <\/div>\n        <\/div>\n    <\/div>\n<\/div>","protected":false},"excerpt":{"rendered":"","protected":false},"author":3,"featured_media":0,"parent":0,"menu_order":0,"comment_status":"closed","ping_status":"closed","template":"","meta":{"_acf_changed":false,"inline_featured_image":false,"footnotes":""},"class_list":["post-847","page","type-page","status-publish","hentry"],"acf":[],"yoast_head":"<!-- This site is optimized with the Yoast SEO plugin v27.4 - https:\/\/yoast.com\/product\/yoast-seo-wordpress\/ -->\n<title>Recursos sobre fenilceton\u00faria (PKU) para profissionais de sa\u00fade<\/title>\n<meta name=\"description\" content=\"Existem muitas Associa\u00e7\u00f5es de Pacientes dispon\u00edveis para apoiar seus pacientes com fenilceton\u00faria (PKU). Veja os recursos para profissionais de sa\u00fade.\" \/>\n<meta name=\"robots\" content=\"index, follow, max-snippet:-1, max-image-preview:large, max-video-preview:-1\" \/>\n<link rel=\"canonical\" href=\"https:\/\/hcp.biomarin.com\/pt-br\/pku\/recursos-de-hcp\/\" \/>\n<meta property=\"og:locale\" content=\"pt_BR\" \/>\n<meta property=\"og:type\" content=\"article\" \/>\n<meta property=\"og:title\" content=\"Recursos sobre fenilceton\u00faria (PKU) para profissionais de sa\u00fade\" \/>\n<meta property=\"og:description\" content=\"Existem muitas Associa\u00e7\u00f5es de Pacientes dispon\u00edveis para apoiar seus pacientes com fenilceton\u00faria (PKU). Veja os recursos para profissionais de sa\u00fade.\" \/>\n<meta property=\"og:url\" content=\"https:\/\/hcp.biomarin.com\/pt-br\/pku\/recursos-de-hcp\/\" \/>\n<meta property=\"og:site_name\" content=\"BioMarin PKU DSE HCP PT-BR\" \/>\n<meta property=\"article:modified_time\" content=\"2024-09-03T10:45:34+00:00\" \/>\n<meta name=\"twitter:card\" content=\"summary_large_image\" \/>\n<script type=\"application\/ld+json\" class=\"yoast-schema-graph\">{\"@context\":\"https:\\\/\\\/schema.org\",\"@graph\":[{\"@type\":\"WebPage\",\"@id\":\"https:\\\/\\\/hcp.biomarin.com\\\/pt-br\\\/pku\\\/recursos-de-hcp\\\/\",\"url\":\"https:\\\/\\\/hcp.biomarin.com\\\/pt-br\\\/pku\\\/recursos-de-hcp\\\/\",\"name\":\"Recursos sobre fenilceton\u00faria (PKU) para profissionais de sa\u00fade\",\"isPartOf\":{\"@id\":\"https:\\\/\\\/hcp.biomarin.com\\\/pt-br\\\/pku\\\/#website\"},\"datePublished\":\"2023-01-12T07:10:10+00:00\",\"dateModified\":\"2024-09-03T10:45:34+00:00\",\"description\":\"Existem muitas Associa\u00e7\u00f5es de Pacientes dispon\u00edveis para apoiar seus pacientes com fenilceton\u00faria (PKU). Veja os recursos para profissionais de sa\u00fade.\",\"breadcrumb\":{\"@id\":\"https:\\\/\\\/hcp.biomarin.com\\\/pt-br\\\/pku\\\/recursos-de-hcp\\\/#breadcrumb\"},\"inLanguage\":\"pt-BR\",\"potentialAction\":[{\"@type\":\"ReadAction\",\"target\":[\"https:\\\/\\\/hcp.biomarin.com\\\/pt-br\\\/pku\\\/recursos-de-hcp\\\/\"]}]},{\"@type\":\"BreadcrumbList\",\"@id\":\"https:\\\/\\\/hcp.biomarin.com\\\/pt-br\\\/pku\\\/recursos-de-hcp\\\/#breadcrumb\",\"itemListElement\":[{\"@type\":\"ListItem\",\"position\":1,\"name\":\"Home\",\"item\":\"https:\\\/\\\/hcp.biomarin.com\\\/pt-br\\\/pku\\\/\"},{\"@type\":\"ListItem\",\"position\":2,\"name\":\"Recursos de HCP\"}]},{\"@type\":\"WebSite\",\"@id\":\"https:\\\/\\\/hcp.biomarin.com\\\/pt-br\\\/pku\\\/#website\",\"url\":\"https:\\\/\\\/hcp.biomarin.com\\\/pt-br\\\/pku\\\/\",\"name\":\"BioMarin PKU DSE HCP PT-BR\",\"description\":\"\",\"potentialAction\":[{\"@type\":\"SearchAction\",\"target\":{\"@type\":\"EntryPoint\",\"urlTemplate\":\"https:\\\/\\\/hcp.biomarin.com\\\/pt-br\\\/pku\\\/?s={search_term_string}\"},\"query-input\":{\"@type\":\"PropertyValueSpecification\",\"valueRequired\":true,\"valueName\":\"search_term_string\"}}],\"inLanguage\":\"pt-BR\"}]}<\/script>\n<!-- \/ Yoast SEO plugin. -->","yoast_head_json":{"title":"Recursos sobre fenilceton\u00faria (PKU) para profissionais de sa\u00fade","description":"Existem muitas Associa\u00e7\u00f5es de Pacientes dispon\u00edveis para apoiar seus pacientes com fenilceton\u00faria (PKU). Veja os recursos para profissionais de sa\u00fade.","robots":{"index":"index","follow":"follow","max-snippet":"max-snippet:-1","max-image-preview":"max-image-preview:large","max-video-preview":"max-video-preview:-1"},"canonical":"https:\/\/hcp.biomarin.com\/pt-br\/pku\/recursos-de-hcp\/","og_locale":"pt_BR","og_type":"article","og_title":"Recursos sobre fenilceton\u00faria (PKU) para profissionais de sa\u00fade","og_description":"Existem muitas Associa\u00e7\u00f5es de Pacientes dispon\u00edveis para apoiar seus pacientes com fenilceton\u00faria (PKU). Veja os recursos para profissionais de sa\u00fade.","og_url":"https:\/\/hcp.biomarin.com\/pt-br\/pku\/recursos-de-hcp\/","og_site_name":"BioMarin PKU DSE HCP PT-BR","article_modified_time":"2024-09-03T10:45:34+00:00","twitter_card":"summary_large_image","schema":{"@context":"https:\/\/schema.org","@graph":[{"@type":"WebPage","@id":"https:\/\/hcp.biomarin.com\/pt-br\/pku\/recursos-de-hcp\/","url":"https:\/\/hcp.biomarin.com\/pt-br\/pku\/recursos-de-hcp\/","name":"Recursos sobre fenilceton\u00faria (PKU) para profissionais de sa\u00fade","isPartOf":{"@id":"https:\/\/hcp.biomarin.com\/pt-br\/pku\/#website"},"datePublished":"2023-01-12T07:10:10+00:00","dateModified":"2024-09-03T10:45:34+00:00","description":"Existem muitas Associa\u00e7\u00f5es de Pacientes dispon\u00edveis para apoiar seus pacientes com fenilceton\u00faria (PKU). Veja os recursos para profissionais de sa\u00fade.","breadcrumb":{"@id":"https:\/\/hcp.biomarin.com\/pt-br\/pku\/recursos-de-hcp\/#breadcrumb"},"inLanguage":"pt-BR","potentialAction":[{"@type":"ReadAction","target":["https:\/\/hcp.biomarin.com\/pt-br\/pku\/recursos-de-hcp\/"]}]},{"@type":"BreadcrumbList","@id":"https:\/\/hcp.biomarin.com\/pt-br\/pku\/recursos-de-hcp\/#breadcrumb","itemListElement":[{"@type":"ListItem","position":1,"name":"Home","item":"https:\/\/hcp.biomarin.com\/pt-br\/pku\/"},{"@type":"ListItem","position":2,"name":"Recursos de HCP"}]},{"@type":"WebSite","@id":"https:\/\/hcp.biomarin.com\/pt-br\/pku\/#website","url":"https:\/\/hcp.biomarin.com\/pt-br\/pku\/","name":"BioMarin PKU DSE HCP PT-BR","description":"","potentialAction":[{"@type":"SearchAction","target":{"@type":"EntryPoint","urlTemplate":"https:\/\/hcp.biomarin.com\/pt-br\/pku\/?s={search_term_string}"},"query-input":{"@type":"PropertyValueSpecification","valueRequired":true,"valueName":"search_term_string"}}],"inLanguage":"pt-BR"}]}},"_links":{"self":[{"href":"https:\/\/hcp.biomarin.com\/pt-br\/pku\/wp-json\/wp\/v2\/pages\/847","targetHints":{"allow":["GET"]}}],"collection":[{"href":"https:\/\/hcp.biomarin.com\/pt-br\/pku\/wp-json\/wp\/v2\/pages"}],"about":[{"href":"https:\/\/hcp.biomarin.com\/pt-br\/pku\/wp-json\/wp\/v2\/types\/page"}],"author":[{"embeddable":true,"href":"https:\/\/hcp.biomarin.com\/pt-br\/pku\/wp-json\/wp\/v2\/users\/3"}],"replies":[{"embeddable":true,"href":"https:\/\/hcp.biomarin.com\/pt-br\/pku\/wp-json\/wp\/v2\/comments?post=847"}],"version-history":[{"count":112,"href":"https:\/\/hcp.biomarin.com\/pt-br\/pku\/wp-json\/wp\/v2\/pages\/847\/revisions"}],"predecessor-version":[{"id":4611,"href":"https:\/\/hcp.biomarin.com\/pt-br\/pku\/wp-json\/wp\/v2\/pages\/847\/revisions\/4611"}],"wp:attachment":[{"href":"https:\/\/hcp.biomarin.com\/pt-br\/pku\/wp-json\/wp\/v2\/media?parent=847"}],"curies":[{"name":"wp","href":"https:\/\/api.w.org\/{rel}","templated":true}]}}