{"id":4597,"date":"2024-09-03T14:06:22","date_gmt":"2024-09-03T14:06:22","guid":{"rendered":"https:\/\/hcp.biomarin.com\/pt-br\/pku\/?page_id=4597"},"modified":"2024-09-03T14:06:24","modified_gmt":"2024-09-03T14:06:24","slug":"em-construcao","status":"publish","type":"page","link":"https:\/\/hcp.biomarin.com\/pt-br\/pku\/em-construcao\/","title":{"rendered":"Em Constru\u00e7\u00e3o"},"content":{"rendered":"<div id=\"acf-block-66d6c17629511\" class=\"block wrapped-content\">\n    <div class=\"wrapper\">\n        <div class=\"inner-wrapper\">\n                \n<div id=\"acf-block-66d6c176296d5\" class=\"block-wysiwyg\">\n            <h2>O site para pacientes e cuidadores est\u00e1 em constru\u00e7\u00e3o. Pedimos desculpas pelo transtorno.<\/h2>\n<p>Caso voc\u00ea tenha d\u00favidas sobre um produto ou doen\u00e7as correlatas, disponibilizamos o nosso Servi\u00e7o de Informa\u00e7\u00f5es M\u00e9dicas BioMarin por meio do e-mail: <a href=\"mailto:medinfola@bmrn.com\">medinfola@bmrn.com<\/a><\/p>\n    <\/div>\n        <\/div>\n    <\/div>\n<\/div>","protected":false},"excerpt":{"rendered":"","protected":false},"author":2,"featured_media":0,"parent":0,"menu_order":0,"comment_status":"closed","ping_status":"closed","template":"","meta":{"_acf_changed":false,"inline_featured_image":false,"footnotes":""},"class_list":["post-4597","page","type-page","status-publish","hentry"],"acf":[],"yoast_head":"<!-- This site is optimized with the Yoast SEO plugin v27.1.1 - https:\/\/yoast.com\/product\/yoast-seo-wordpress\/ -->\n<title>Em Constru\u00e7\u00e3o - BioMarin PKU DSE HCP PT-BR<\/title>\n<meta name=\"robots\" content=\"index, follow, max-snippet:-1, max-image-preview:large, max-video-preview:-1\" \/>\n<link rel=\"canonical\" href=\"https:\/\/hcp.biomarin.com\/pt-br\/pku\/em-construcao\/\" \/>\n<meta property=\"og:locale\" content=\"pt_BR\" \/>\n<meta property=\"og:type\" content=\"article\" \/>\n<meta property=\"og:title\" content=\"Em Constru\u00e7\u00e3o - BioMarin PKU DSE HCP PT-BR\" \/>\n<meta property=\"og:url\" content=\"https:\/\/hcp.biomarin.com\/pt-br\/pku\/em-construcao\/\" \/>\n<meta property=\"og:site_name\" content=\"BioMarin PKU DSE HCP PT-BR\" \/>\n<meta property=\"article:modified_time\" content=\"2024-09-03T14:06:24+00:00\" \/>\n<meta name=\"twitter:card\" content=\"summary_large_image\" \/>\n<script type=\"application\/ld+json\" class=\"yoast-schema-graph\">{\"@context\":\"https:\/\/schema.org\",\"@graph\":[{\"@type\":\"WebPage\",\"@id\":\"https:\/\/hcp.biomarin.com\/pt-br\/pku\/em-construcao\/\",\"url\":\"https:\/\/hcp.biomarin.com\/pt-br\/pku\/em-construcao\/\",\"name\":\"Em Constru\u00e7\u00e3o - BioMarin PKU DSE HCP PT-BR\",\"isPartOf\":{\"@id\":\"https:\/\/hcp.biomarin.com\/pt-br\/pku\/#website\"},\"datePublished\":\"2024-09-03T14:06:22+00:00\",\"dateModified\":\"2024-09-03T14:06:24+00:00\",\"breadcrumb\":{\"@id\":\"https:\/\/hcp.biomarin.com\/pt-br\/pku\/em-construcao\/#breadcrumb\"},\"inLanguage\":\"pt-BR\",\"potentialAction\":[{\"@type\":\"ReadAction\",\"target\":[\"https:\/\/hcp.biomarin.com\/pt-br\/pku\/em-construcao\/\"]}]},{\"@type\":\"BreadcrumbList\",\"@id\":\"https:\/\/hcp.biomarin.com\/pt-br\/pku\/em-construcao\/#breadcrumb\",\"itemListElement\":[{\"@type\":\"ListItem\",\"position\":1,\"name\":\"Home\",\"item\":\"https:\/\/hcp.biomarin.com\/pt-br\/pku\/\"},{\"@type\":\"ListItem\",\"position\":2,\"name\":\"Em Constru\u00e7\u00e3o\"}]},{\"@type\":\"WebSite\",\"@id\":\"https:\/\/hcp.biomarin.com\/pt-br\/pku\/#website\",\"url\":\"https:\/\/hcp.biomarin.com\/pt-br\/pku\/\",\"name\":\"BioMarin PKU DSE HCP PT-BR\",\"description\":\"\",\"potentialAction\":[{\"@type\":\"SearchAction\",\"target\":{\"@type\":\"EntryPoint\",\"urlTemplate\":\"https:\/\/hcp.biomarin.com\/pt-br\/pku\/?s={search_term_string}\"},\"query-input\":{\"@type\":\"PropertyValueSpecification\",\"valueRequired\":true,\"valueName\":\"search_term_string\"}}],\"inLanguage\":\"pt-BR\"}]}<\/script>\n<!-- \/ Yoast SEO plugin. -->","yoast_head_json":{"title":"Em Constru\u00e7\u00e3o - BioMarin PKU DSE HCP PT-BR","robots":{"index":"index","follow":"follow","max-snippet":"max-snippet:-1","max-image-preview":"max-image-preview:large","max-video-preview":"max-video-preview:-1"},"canonical":"https:\/\/hcp.biomarin.com\/pt-br\/pku\/em-construcao\/","og_locale":"pt_BR","og_type":"article","og_title":"Em Constru\u00e7\u00e3o - BioMarin PKU DSE HCP PT-BR","og_url":"https:\/\/hcp.biomarin.com\/pt-br\/pku\/em-construcao\/","og_site_name":"BioMarin PKU DSE HCP PT-BR","article_modified_time":"2024-09-03T14:06:24+00:00","twitter_card":"summary_large_image","schema":{"@context":"https:\/\/schema.org","@graph":[{"@type":"WebPage","@id":"https:\/\/hcp.biomarin.com\/pt-br\/pku\/em-construcao\/","url":"https:\/\/hcp.biomarin.com\/pt-br\/pku\/em-construcao\/","name":"Em Constru\u00e7\u00e3o - BioMarin PKU DSE HCP PT-BR","isPartOf":{"@id":"https:\/\/hcp.biomarin.com\/pt-br\/pku\/#website"},"datePublished":"2024-09-03T14:06:22+00:00","dateModified":"2024-09-03T14:06:24+00:00","breadcrumb":{"@id":"https:\/\/hcp.biomarin.com\/pt-br\/pku\/em-construcao\/#breadcrumb"},"inLanguage":"pt-BR","potentialAction":[{"@type":"ReadAction","target":["https:\/\/hcp.biomarin.com\/pt-br\/pku\/em-construcao\/"]}]},{"@type":"BreadcrumbList","@id":"https:\/\/hcp.biomarin.com\/pt-br\/pku\/em-construcao\/#breadcrumb","itemListElement":[{"@type":"ListItem","position":1,"name":"Home","item":"https:\/\/hcp.biomarin.com\/pt-br\/pku\/"},{"@type":"ListItem","position":2,"name":"Em Constru\u00e7\u00e3o"}]},{"@type":"WebSite","@id":"https:\/\/hcp.biomarin.com\/pt-br\/pku\/#website","url":"https:\/\/hcp.biomarin.com\/pt-br\/pku\/","name":"BioMarin PKU DSE HCP PT-BR","description":"","potentialAction":[{"@type":"SearchAction","target":{"@type":"EntryPoint","urlTemplate":"https:\/\/hcp.biomarin.com\/pt-br\/pku\/?s={search_term_string}"},"query-input":{"@type":"PropertyValueSpecification","valueRequired":true,"valueName":"search_term_string"}}],"inLanguage":"pt-BR"}]}},"_links":{"self":[{"href":"https:\/\/hcp.biomarin.com\/pt-br\/pku\/wp-json\/wp\/v2\/pages\/4597","targetHints":{"allow":["GET"]}}],"collection":[{"href":"https:\/\/hcp.biomarin.com\/pt-br\/pku\/wp-json\/wp\/v2\/pages"}],"about":[{"href":"https:\/\/hcp.biomarin.com\/pt-br\/pku\/wp-json\/wp\/v2\/types\/page"}],"author":[{"embeddable":true,"href":"https:\/\/hcp.biomarin.com\/pt-br\/pku\/wp-json\/wp\/v2\/users\/2"}],"replies":[{"embeddable":true,"href":"https:\/\/hcp.biomarin.com\/pt-br\/pku\/wp-json\/wp\/v2\/comments?post=4597"}],"version-history":[{"count":2,"href":"https:\/\/hcp.biomarin.com\/pt-br\/pku\/wp-json\/wp\/v2\/pages\/4597\/revisions"}],"predecessor-version":[{"id":4600,"href":"https:\/\/hcp.biomarin.com\/pt-br\/pku\/wp-json\/wp\/v2\/pages\/4597\/revisions\/4600"}],"wp:attachment":[{"href":"https:\/\/hcp.biomarin.com\/pt-br\/pku\/wp-json\/wp\/v2\/media?parent=4597"}],"curies":[{"name":"wp","href":"https:\/\/api.w.org\/{rel}","templated":true}]}}