{"id":12,"date":"2023-01-05T17:58:09","date_gmt":"2023-01-05T17:58:09","guid":{"rendered":"https:\/\/pkudsehcp-dev-001.azurewebsites.net\/pt-br\/?page_id=12"},"modified":"2024-09-03T10:36:22","modified_gmt":"2024-09-03T10:36:22","slug":"pagina-inicial","status":"publish","type":"page","link":"https:\/\/hcp.biomarin.com\/pt-br\/pku\/","title":{"rendered":"P\u00e1gina inicial"},"content":{"rendered":"<div id=\"acf-block-63f610322ea73\" class=\"hero hero-no-overlay hero-small-title\">\n            <div class=\"hero-background-image hero-background-image-desktop\" style=\"background-image: url(https:\/\/hcp.biomarin.com\/pt-br\/pku\/wp-content\/uploads\/sites\/4\/2023\/12\/PT-hero-PKU-2000x745-1.jpg?v=0.90);\"><\/div>\n\t    <div class=\"hero-background-image hero-background-image-mobile\" style=\"background-image: url(https:\/\/hcp.biomarin.com\/pt-br\/pku\/wp-content\/uploads\/sites\/4\/2023\/03\/hero-815x800.jpg);\"><\/div>\n    \t<div class=\"overlay\"><\/div>\n\t<div class=\"wrapper\">\n\t\t<div class=\"inner-wrapper\">\n\t\t\t<div class=\"hero-content\">\n\t\t\t    \t\t\t\t\t\t\t\t\t\t\t\t    <h1>Para seus pacientes com fenilceton\u00faria, sua decis\u00e3o de hoje pode determinar o futuro deles\n<\/h1>\n\t\t\t\t\t\t\t\t\t\t\t\t    <p>A fenilceton\u00faria (PKU) \u00e9 caracterizada por uma defici\u00eancia na atividade da enzima fenilalanina hidroxilase (PAH), resultando em um excesso do amino\u00e1cido fenilalanina (Phe) no sangue e no c\u00e9rebro. Se n\u00e3o forem adequadamente controlados, os altos n\u00edveis de Phe tornam-se neurot\u00f3xicos e desenquilibram a neurofisiologia normal.<sup>1,2<\/sup><\/p>\n\t\t\t\t\t\t\t\t\n                <p class=\"inline-buttons\">\n                                                        <\/p>\n\t\t\t\t\t\t\t<\/div>\n\t\t<\/div>\n\t<\/div>\n<\/div>\n\n\n<div id=\"acf-block-63f610322ead3\" class=\"block boxed-content block-tight-top boxed-content-white\">\n\t<div class=\"wrapper\">\n\t\t<div class=\"inner-wrapper\">\n\t\t\t<div class=\"box\">\n\t\t\t\t\t\t\t\t\n<div id=\"acf-block-63f610322eaee\" class=\"block-wysiwyg\">\n            <p>Este site foi desenvolvido para profissionais de sa\u00fade que tratam pessoas com fenilceton\u00faria (PKU). O site tem como objetivo educar e aumentar a conscientiza\u00e7\u00e3o sobre o \u00f4nus da doen\u00e7a PKU, o impacto da fenilalanina (Phe) elevada para estes pacientes e a necessidade de melhorar os padr\u00f5es de cuidado da PKU.<sup>1,2<\/sup><\/p>\n    <\/div>\n\n<div id=\"acf-block-63f610322eb14\" class=\"image-text-block bottom-border\">\n            <div class=\"image-block medium\">\n            <figure>\n                <div class=\"image image-rounded\">\n                    <img decoding=\"async\" class=\"\" src=\"https:\/\/hcp.biomarin.com\/pt-br\/pku\/wp-content\/uploads\/sites\/4\/2023\/02\/phe_home_icon_3.svg\" alt=\"\u00cdcone de Phe\" \/>                <\/div>\n            <\/figure>\n        <\/div>\n        <div class=\"content-block\">\n                    <h3>O que causa a PKU?\n<\/h3>\n                            <p>A fenilceton\u00faria (PKU) \u00e9 um erro inato do metabolismo da fenilalanina (Phe), com padr\u00e3o de heran\u00e7a autoss\u00f4mico recessivo, que pode levar a comprometimentos\/consequ\u00eancias significativas no neurodesenvolvimento.<sup>1-3<\/sup><\/p>\n                                            <p><a class=\"button button-arrow\" href=\"https:\/\/hcp.biomarin.com\/pt-br\/pku\/genetica-e-fisiopatologia\/\" target=\"_self\">Gen\u00e9tica e fisiopatologia<\/a><\/p>\n                        <\/div>\n<\/div>\n\n<div id=\"acf-block-63f610322eb3f\" class=\"image-text-block bottom-border\">\n            <div class=\"image-block medium\">\n            <figure>\n                <div class=\"image image-rounded\">\n                    <img decoding=\"async\" class=\"\" src=\"https:\/\/hcp.biomarin.com\/pt-br\/pku\/wp-content\/uploads\/sites\/4\/2023\/02\/unmet_needs_icon.svg\" alt=\"Acima do \u00edcone do intervalo Phe alvo\" \/>                <\/div>\n            <\/figure>\n        <\/div>\n        <div class=\"content-block\">\n                    <h3>O controle adequado nos n\u00edveis  de fenilalanina diminui com o avan\u00e7ar da idade \n<\/h3>\n                            <p>67% dos adultos com PKU est\u00e3o acima das faixas-alvo de Phe recomendadas, o que aumenta a gravidade dos sintomas neuropsicol\u00f3gicos e afeta negativamente a qualidade de vida.<sup>4<\/sup><\/p>\n                                            <p><a class=\"button button-arrow\" href=\"https:\/\/hcp.biomarin.com\/pt-br\/pku\/visao-geral\/\" target=\"_self\">Necessidades n\u00e3o atendidas da PKU<\/a><\/p>\n                        <\/div>\n<\/div>\n\n<div id=\"acf-block-63f610322eb60\" class=\"image-text-block\">\n            <div class=\"image-block medium\">\n            <figure>\n                <div class=\"image image-rounded\">\n                    <img decoding=\"async\" class=\"\" src=\"https:\/\/hcp.biomarin.com\/pt-br\/pku\/wp-content\/uploads\/sites\/4\/2023\/02\/PKU_symptoms_icon2.svg\" alt=\"\u00cdcone de sintomas de PKU\" \/>                <\/div>\n            <\/figure>\n        <\/div>\n        <div class=\"content-block\">\n                    <h3>Saiba mais sobre os sintomas da PKU\n<\/h3>\n                            <p>Os efeitos da Phe elevada s\u00e3o percebidos durante toda a vida do paciente e levam a muitos sintomas t\u00edpicos da PKU.<\/p>\n                                            <p><a class=\"button button-arrow\" href=\"https:\/\/hcp.biomarin.com\/pt-br\/pku\/desafios-do-pku\/\" target=\"_self\">Repensar os desafios da PKU<\/a><\/p>\n                        <\/div>\n<\/div>\n\t\t\t<\/div>\n\t\t<\/div>\n\t<\/div>\n<\/div>\n\n<div id=\"conecte-se-conosco\" class=\"block hcp-sign-up-form\">\n    <div class=\"wrapper\">\n        <div class=\"inner-wrapper\">\n                            <h2>Mantenha-se conectado com as informa\u00e7\u00f5es mais recentes sobre PKU\n<\/h2>\n                        <div class=\"block form-box\">\n                                    <p>Registre-se abaixo para entrar em contato com um representante da BioMarin, saber mais sobre os pr\u00f3ximos eventos e\/ou not\u00edcias sobre PKU ou solicitar uma discuss\u00e3o entre pares.<\/p>\n<p><strong>* Campos obrigat\u00f3rios<\/strong><\/p>\n                \n                <form id=\"hcp-sign-up\" name=\"Stay connected with the latest PKU information\">\n                    <div class=\"form-item check-item\">\n                        <input type=\"checkbox\" id=\"connect-local-rep\" name=\"connect_local_rep\">\n                        <label for=\"connect-local-rep\">Conecte-se com um representante local da BioMarin<\/label>\n                    <\/div>\n\n                    <div class=\"form-item\">\n                        <label for=\"first-name\">Primeiro nome<span class=\"required\">*<\/span><\/label>\n                        <input class=\"text\" id=\"first-name\" type=\"text\" required\n                        data-pristine-required-message=\"Digite seu primeiro nome.\">\n                    <\/div>\n\n                    <div class=\"form-item\">\n                        <label for=\"last-name\">Sobrenome<span class=\"required\">*<\/span><\/label>\n                        <input class=\"text\" id=\"last-name\" type=\"text\" required\n                        data-pristine-required-message=\"Digite seu sobrenome.\">\n                    <\/div>\n\n                    <div class=\"form-item\">\n                        <label for=\"medical-speciality\">Especialidade<span class=\"required\">*<\/span><\/label>\n                        <select class=\"text\" id=\"medical-speciality\" required\n                        data-pristine-required-message=\"Selecione sua especialidade m\u00e9dica.\">\n                            <option value=\"\">Por favor, selecione<\/option>\n                            <option value=\"Anesthesiology\">Anestesiologia<\/option>\n                            <option value=\"Audiology\">Audiologia<\/option>\n                            <option value=\"Behavioral Neurology &#038; Neuropsychiatry\">Neurologia e Neuropsiquiatria Comportamental<\/option>\n                            <option value=\"Biology\">Biologia<\/option>\n                            <option value=\"Biomedical Engineering\">Engenharia Biom\u00e9dica<\/option>\n                            <option value=\"Cardiology\">Cardiologia<\/option>\n                            <option value=\"Clinical Biochemical Genetics\">Bioqu\u00edmica em Gen\u00e9tica Cl\u00ednica<\/option>\n                            <option value=\"Dentistry and Odontology\">Odontologia<\/option>\n                            <option value=\"Dermatology\">Dermatologia<\/option>\n                            <option value=\"Diagnostic Radiology\">Radiologia Diagn\u00f3stica<\/option>\n                            <option value=\"Electoencephalography\">Eletroencefalografia<\/option>\n                            <option value=\"Endocrinology, Diabetes &#038; Metabolism\">Endocrinologia, Diabetes e Metabolismo<\/option>\n                            <option value=\"ENT\/Otorhinolaryngologist\">Otorrinolaringologista<\/option>\n                            <option value=\"Epileptology\">Epileptologia<\/option>\n                            <option value=\"Gastroenterology\">Gastroenterologia<\/option>\n                            <option value=\"General Practice\/Family\">Cl\u00ednica Geral\/M\u00e9dico de Fam\u00edlia<\/option>\n                            <option value=\"Genetics\">Gen\u00e9tica<\/option>\n                            <option value=\"Hearing and Speech\">Fonoaudiologia<\/option>\n                            <option value=\"Hematology\">Hematologia<\/option>\n                            <option value=\"Hematology &#038; Oncology\">Hematologia e Oncologia<\/option>\n                            <option value=\"Hepatology\">Hepatologia<\/option>\n                            <option value=\"Infectious Diseases\">Infectologia<\/option>\n                            <option value=\"Intensive Care\">Tratamento Intensivo<\/option>\n                            <option value=\"Internal Medicine\">Medicina Interna<\/option>\n                            <option value=\"Kinesiology\">Cinesiologia<\/option>\n                            <option value=\"Laboratory Management\">An\u00e1lises Laboratoriais\/Exames Cl\u00ednicos<\/option>\n                            <option value=\"Medical Student\">Estudante de medicina<\/option>\n                            <option value=\"Neonatology\">Neonatologia<\/option>\n                            <option value=\"Nephrology\">Nefrologia<\/option>\n                            <option value=\"Neurology\">Neurologia<\/option>\n                            <option value=\"Neuromuscular Medicine\">Medicina Neuromuscular<\/option>\n                            <option value=\"Nutrition, Metabolic\">Nutri\u00e7\u00e3o metab\u00f3lica<\/option>\n                            <option value=\"Obstetrics\">Obstetr\u00edcia<\/option>\n                            <option value=\"Occupation Health\">Sa\u00fade Ocupacional<\/option>\n                            <option value=\"Oncology\">Oncologia<\/option>\n                            <option value=\"Ophthalmology\">Oftalmologia<\/option>\n                            <option value=\"Orthopedics\">Ortopedia<\/option>\n                            <option value=\"Paliative\/Hospice\">Paliativo<\/option>\n                            <option value=\"Pediatric Allergy\/Immunology\">Alergia\/Imunologia Pedi\u00e1trica<\/option>\n                            <option value=\"Pediatric Anesthesiology\">Anestesiologia Pedi\u00e1trica<\/option>\n                            <option value=\"Pediatric Cardiology\">Cardiologia Pedi\u00e1trica<\/option>\n                            <option value=\"Pediatric Dentistry\">Dentista Pedi\u00e1trico<\/option>\n                            <option value=\"Pediatric Endocrinology\">Endocrinologia Pedi\u00e1trica<\/option>\n                            <option value=\"Pediatric Endocrinology, Diabetes &#038; Metabolism\">Endocrinologia Pedi\u00e1trica, Diabetes e Metabolismo<\/option>\n                            <option value=\"Pediatric ENT\">Otorrinolaringologia Pedi\u00e1trica<\/option>\n                            <option value=\"Pediatric Gastroenterology\">Gastroenterologia Pedi\u00e1trica<\/option>\n                            <option value=\"Pediatric Gastroenterology &#038; Metabolism\">Gastroenterologia Pedi\u00e1trica e Metabolismo<\/option>\n                            <option value=\"Pediatric Genetics\">Gen\u00e9tica Pedi\u00e1trica<\/option>\n                            <option value=\"Pediatric Hematology\">Hematologia Pedi\u00e1trica<\/option>\n                            <option value=\"Pediatric Hematology-Oncology\">Hematologia-Oncologia Pedi\u00e1trica<\/option>\n                            <option value=\"Pediatric Metabolism\">Metabolismo Pedi\u00e1trico<\/option>\n                            <option value=\"Pediatric Neurology\">Neurologia Pedi\u00e1trica<\/option>\n                            <option value=\"Pediatric Neurosurgery\">Neurocirurgia Pedi\u00e1trica<\/option>\n                            <option value=\"Pediatric Oncology\">Oncologia Pedi\u00e1trica<\/option>\n                            <option value=\"Pediatric Ophthalmology and Strabismus Specialist\">Especialista em oftalmologia pedi\u00e1trica e estrabismo<\/option>\n                            <option value=\"Pediatric Orthopedics\">Ortopedia Pedi\u00e1trica<\/option>\n                            <option value=\"Pediatric Pneumology\">Pneumologia Pedi\u00e1trica<\/option>\n                            <option value=\"Pediatric Radiology\">Radiologia Pedi\u00e1trica<\/option>\n                            <option value=\"Pediatric Rheumatology\">Reumatologia Pedi\u00e1trica<\/option>\n                            <option value=\"Pediatrics\">Pediatria<\/option>\n                            <option value=\"Phonoaudiology\">Fonoaudiologia<\/option>\n                            <option value=\"Physiatry\">Fisiatria<\/option>\n                            <option value=\"Physician Assistant\">M\u00e9dico Assistente<\/option>\n                            <option value=\"Physiotherapy\">Fisioterapia<\/option>\n                            <option value=\"Primary Care\">Cuidados Prim\u00e1rios<\/option>\n                            <option value=\"Psychology\/Psychiatry\">Psicologia\/Psiquiatria<\/option>\n                            <option value=\"Pulmonology\">Pneumologia<\/option>\n                            <option value=\"Radiology (MRI imaging)\">Radiologia<\/option>\n                            <option value=\"Research\">Pesquisador<\/option>\n                            <option value=\"Rheumatology\">Reumatologia<\/option>\n                            <option value=\"Surgery\">Cirurgia<\/option>\n                            <option value=\"Traumatology\">Traumatologia<\/option>\n                            <option value=\"Unknown\">Outro<\/option>\n                        <\/select>\n                    <\/div>\n\n                    <div class=\"form-item\">\n                        <label for=\"email\">Endere\u00e7o de e-mail<span class=\"required\">*<\/span><\/label>\n                        <input class=\"text\" id=\"email\" type=\"email\" required\n                        data-pristine-required-message=\"Digite seu endere\u00e7o de e-mail.\"\n                        data-pristine-email-message=\"Esse campo requer um endere\u00e7o de e-mail v\u00e1lido.\">\n                    <\/div>\n\n                    <div class=\"form-item\">\n                        <label for=\"state\">Estado<span class=\"required\">*<\/span><\/label>\n                        <input class=\"text\" id=\"state\" type=\"text\" required\n                        data-pristine-required-message=\"Digite seu estado.\">\n                    <\/div>\n\n                    <div class=\"form-item check-item\">\n                        <input type=\"checkbox\" id=\"accept-ts-cs\" name=\"accept_ts_cs\" required\n                        data-pristine-required-message=\"Por favor, aceite os termos de uso.\">\n                        <label for=\"accept-ts-cs\">Ao marcar a caixa \u00e0 esquerda e clicar em &#8220;Enviar&#8221; abaixo, eu confirmo que tenho pelo menos 18 anos de idade; e confirmo que concordo com a <a href=\"https:\/\/www.biomarin.com\/data-privacy-center\/\" target=\"_blank\">Pol\u00edtica de Privacidade<\/a> e <a href=\"https:\/\/medinfoterms.com\/\" target=\"_blank\">Termos de Uso da BioMarin<\/a>; consinto que a BioMarin, seus sucessores, agentes e\/ou cession\u00e1rios usem o endere\u00e7o de e-mail que forneci para me manter informado sobre atualiza\u00e7\u00f5es de not\u00edcias e desenvolvimentos sobre a PKU; e confirmo que entendo que essas comunica\u00e7\u00f5es\/materiais podem conter informa\u00e7\u00f5es que comercializam ou anunciam produtos, bens ou servi\u00e7os da BioMarin.<span class=\"required\">*<\/span><\/label>\n                    <\/div>\n\n                    <div class=\"form-item\">\n                        <input type=\"submit\" class=\"button\" value=\"Enviar\">\n                    <\/div>\n                <\/form>\n                <form id=\"mktoForm_3470\" style=\"display:none;\"><\/form>\n            <\/div>\n\n            <div class=\"block form-success-confirmation\" style=\"display:none;\">\n                                    <h3>Muito obrigado!<\/h3>\n<p>Entraremos em contato em breve com informa\u00e7\u00f5es adicionais.<\/p>\n                                            <\/div>\n        <\/div>\n    <\/div>\n<\/div>\n\n<div id=\"acf-block-63f610322eb95\" class=\"block references block-tight-top block-tight-bottom\">\n    <div class=\"wrapper\">\n\t\t<div class=\"inner-wrapper\">\n\t\t    \t\t\t    <h4>Refer\u00eancias:\n<\/h4>\n\t\t\t\t\t\t                <ol>\n                                                                                                                        <li><span>Ashe K, Kelso W, Farrand S, et al. Psychiatric and cognitive aspects of phyenylketonuria: the limitations of diet and promise of new treatments. <em>Front Psychiatry.<\/em> 2019;10:561. doi:10.3389\/fpsyt.2019.00561.\n<\/span><\/li>\n                                                                                                                                                <li><span>Brown CS, Lichter-Konecki U. Phenylketonuria (PKU): a problem solved? <em>Mol Genet Metab Rep<\/em>. 2016;6:8-12.\n<\/span><\/li>\n                                                                                                                                                <li><span>Gentile JK, Ten Hoedt AE, Bosch AM. Psychosocial aspects of PKU: hidden disabilities\u2014a review. <em>Mol Genet Metab<\/em>. 2010;99(suppl 1):S64-S67.\n<\/span><\/li>\n                                                                                                                                                <li><span>Jurecki ER, Cederbaum S, Kopesky J, et al<em>.<\/em> Adherence to clinic recommendations among patients with phenylketonuria in the United States. <em>Mol Genet Metab.<\/em> 2017;120(3):190-197.\n<\/span><\/li>\n                                                            <\/ol>\n\t\t\t\t\t<\/div>\n\t<\/div>\n<\/div>","protected":false},"excerpt":{"rendered":"","protected":false},"author":3,"featured_media":0,"parent":0,"menu_order":0,"comment_status":"closed","ping_status":"closed","template":"","meta":{"_acf_changed":false,"inline_featured_image":false,"footnotes":""},"class_list":["post-12","page","type-page","status-publish","hentry"],"acf":[],"yoast_head":"<!-- This site is optimized with the Yoast SEO plugin v27.4 - https:\/\/yoast.com\/product\/yoast-seo-wordpress\/ -->\n<title>Fenilceton\u00faria (PKU) | Recursos para profissionais de sa\u00fade<\/title>\n<meta name=\"description\" content=\"Recursos para profissionais da sa\u00fade para manejo de pacientes com fenilceton\u00faria (PKU). Saiba mais sobre os desafios da doen\u00e7a e necessidades n\u00e3o atendidas.\" \/>\n<meta name=\"robots\" content=\"index, follow, max-snippet:-1, max-image-preview:large, max-video-preview:-1\" \/>\n<link rel=\"canonical\" href=\"https:\/\/hcp.biomarin.com\/pt-br\/pku\/\" \/>\n<meta property=\"og:locale\" content=\"pt_BR\" \/>\n<meta property=\"og:type\" content=\"article\" \/>\n<meta property=\"og:title\" content=\"Fenilceton\u00faria (PKU) | Recursos para profissionais de sa\u00fade\" \/>\n<meta property=\"og:description\" content=\"Recursos para profissionais da sa\u00fade para manejo de pacientes com fenilceton\u00faria (PKU). Saiba mais sobre os desafios da doen\u00e7a e necessidades n\u00e3o atendidas.\" \/>\n<meta property=\"og:url\" content=\"https:\/\/hcp.biomarin.com\/pt-br\/pku\/\" \/>\n<meta property=\"og:site_name\" content=\"BioMarin PKU DSE HCP PT-BR\" \/>\n<meta property=\"article:modified_time\" content=\"2024-09-03T10:36:22+00:00\" \/>\n<meta name=\"twitter:card\" content=\"summary_large_image\" \/>\n<script type=\"application\/ld+json\" class=\"yoast-schema-graph\">{\"@context\":\"https:\\\/\\\/schema.org\",\"@graph\":[{\"@type\":\"WebPage\",\"@id\":\"https:\\\/\\\/hcp.biomarin.com\\\/pt-br\\\/pku\\\/\",\"url\":\"https:\\\/\\\/hcp.biomarin.com\\\/pt-br\\\/pku\\\/\",\"name\":\"Fenilceton\u00faria (PKU) | Recursos para profissionais de sa\u00fade\",\"isPartOf\":{\"@id\":\"https:\\\/\\\/hcp.biomarin.com\\\/pt-br\\\/pku\\\/#website\"},\"datePublished\":\"2023-01-05T17:58:09+00:00\",\"dateModified\":\"2024-09-03T10:36:22+00:00\",\"description\":\"Recursos para profissionais da sa\u00fade para manejo de pacientes com fenilceton\u00faria (PKU). Saiba mais sobre os desafios da doen\u00e7a e necessidades n\u00e3o atendidas.\",\"breadcrumb\":{\"@id\":\"https:\\\/\\\/hcp.biomarin.com\\\/pt-br\\\/pku\\\/#breadcrumb\"},\"inLanguage\":\"pt-BR\",\"potentialAction\":[{\"@type\":\"ReadAction\",\"target\":[\"https:\\\/\\\/hcp.biomarin.com\\\/pt-br\\\/pku\\\/\"]}]},{\"@type\":\"BreadcrumbList\",\"@id\":\"https:\\\/\\\/hcp.biomarin.com\\\/pt-br\\\/pku\\\/#breadcrumb\",\"itemListElement\":[{\"@type\":\"ListItem\",\"position\":1,\"name\":\"Home\",\"item\":\"https:\\\/\\\/hcp.biomarin.com\\\/pt-br\\\/pku\\\/\"},{\"@type\":\"ListItem\",\"position\":2,\"name\":\"P\u00e1gina inicial\"}]},{\"@type\":\"WebSite\",\"@id\":\"https:\\\/\\\/hcp.biomarin.com\\\/pt-br\\\/pku\\\/#website\",\"url\":\"https:\\\/\\\/hcp.biomarin.com\\\/pt-br\\\/pku\\\/\",\"name\":\"BioMarin PKU DSE HCP PT-BR\",\"description\":\"\",\"potentialAction\":[{\"@type\":\"SearchAction\",\"target\":{\"@type\":\"EntryPoint\",\"urlTemplate\":\"https:\\\/\\\/hcp.biomarin.com\\\/pt-br\\\/pku\\\/?s={search_term_string}\"},\"query-input\":{\"@type\":\"PropertyValueSpecification\",\"valueRequired\":true,\"valueName\":\"search_term_string\"}}],\"inLanguage\":\"pt-BR\"}]}<\/script>\n<!-- \/ Yoast SEO plugin. -->","yoast_head_json":{"title":"Fenilceton\u00faria (PKU) | Recursos para profissionais de sa\u00fade","description":"Recursos para profissionais da sa\u00fade para manejo de pacientes com fenilceton\u00faria (PKU). Saiba mais sobre os desafios da doen\u00e7a e necessidades n\u00e3o atendidas.","robots":{"index":"index","follow":"follow","max-snippet":"max-snippet:-1","max-image-preview":"max-image-preview:large","max-video-preview":"max-video-preview:-1"},"canonical":"https:\/\/hcp.biomarin.com\/pt-br\/pku\/","og_locale":"pt_BR","og_type":"article","og_title":"Fenilceton\u00faria (PKU) | Recursos para profissionais de sa\u00fade","og_description":"Recursos para profissionais da sa\u00fade para manejo de pacientes com fenilceton\u00faria (PKU). Saiba mais sobre os desafios da doen\u00e7a e necessidades n\u00e3o atendidas.","og_url":"https:\/\/hcp.biomarin.com\/pt-br\/pku\/","og_site_name":"BioMarin PKU DSE HCP PT-BR","article_modified_time":"2024-09-03T10:36:22+00:00","twitter_card":"summary_large_image","schema":{"@context":"https:\/\/schema.org","@graph":[{"@type":"WebPage","@id":"https:\/\/hcp.biomarin.com\/pt-br\/pku\/","url":"https:\/\/hcp.biomarin.com\/pt-br\/pku\/","name":"Fenilceton\u00faria (PKU) | Recursos para profissionais de sa\u00fade","isPartOf":{"@id":"https:\/\/hcp.biomarin.com\/pt-br\/pku\/#website"},"datePublished":"2023-01-05T17:58:09+00:00","dateModified":"2024-09-03T10:36:22+00:00","description":"Recursos para profissionais da sa\u00fade para manejo de pacientes com fenilceton\u00faria (PKU). Saiba mais sobre os desafios da doen\u00e7a e necessidades n\u00e3o atendidas.","breadcrumb":{"@id":"https:\/\/hcp.biomarin.com\/pt-br\/pku\/#breadcrumb"},"inLanguage":"pt-BR","potentialAction":[{"@type":"ReadAction","target":["https:\/\/hcp.biomarin.com\/pt-br\/pku\/"]}]},{"@type":"BreadcrumbList","@id":"https:\/\/hcp.biomarin.com\/pt-br\/pku\/#breadcrumb","itemListElement":[{"@type":"ListItem","position":1,"name":"Home","item":"https:\/\/hcp.biomarin.com\/pt-br\/pku\/"},{"@type":"ListItem","position":2,"name":"P\u00e1gina inicial"}]},{"@type":"WebSite","@id":"https:\/\/hcp.biomarin.com\/pt-br\/pku\/#website","url":"https:\/\/hcp.biomarin.com\/pt-br\/pku\/","name":"BioMarin PKU DSE HCP PT-BR","description":"","potentialAction":[{"@type":"SearchAction","target":{"@type":"EntryPoint","urlTemplate":"https:\/\/hcp.biomarin.com\/pt-br\/pku\/?s={search_term_string}"},"query-input":{"@type":"PropertyValueSpecification","valueRequired":true,"valueName":"search_term_string"}}],"inLanguage":"pt-BR"}]}},"_links":{"self":[{"href":"https:\/\/hcp.biomarin.com\/pt-br\/pku\/wp-json\/wp\/v2\/pages\/12","targetHints":{"allow":["GET"]}}],"collection":[{"href":"https:\/\/hcp.biomarin.com\/pt-br\/pku\/wp-json\/wp\/v2\/pages"}],"about":[{"href":"https:\/\/hcp.biomarin.com\/pt-br\/pku\/wp-json\/wp\/v2\/types\/page"}],"author":[{"embeddable":true,"href":"https:\/\/hcp.biomarin.com\/pt-br\/pku\/wp-json\/wp\/v2\/users\/3"}],"replies":[{"embeddable":true,"href":"https:\/\/hcp.biomarin.com\/pt-br\/pku\/wp-json\/wp\/v2\/comments?post=12"}],"version-history":[{"count":198,"href":"https:\/\/hcp.biomarin.com\/pt-br\/pku\/wp-json\/wp\/v2\/pages\/12\/revisions"}],"predecessor-version":[{"id":4601,"href":"https:\/\/hcp.biomarin.com\/pt-br\/pku\/wp-json\/wp\/v2\/pages\/12\/revisions\/4601"}],"wp:attachment":[{"href":"https:\/\/hcp.biomarin.com\/pt-br\/pku\/wp-json\/wp\/v2\/media?parent=12"}],"curies":[{"name":"wp","href":"https:\/\/api.w.org\/{rel}","templated":true}]}}