{"id":42,"date":"2022-08-02T07:41:24","date_gmt":"2022-08-02T07:41:24","guid":{"rendered":"https:\/\/mpsdiagnosticshcp-dev-001.azurewebsites.net\/en-gb\/mps-diagnostics\/?page_id=42"},"modified":"2023-02-20T16:26:46","modified_gmt":"2023-02-20T16:26:46","slug":"non-us-hcp","status":"publish","type":"page","link":"https:\/\/hcp.biomarin.com\/pt-br\/mucopolysaccharidosis-mps\/diagnostics\/non-us-hcp\/","title":{"rendered":"Non-HCP"},"content":{"rendered":"<div id=\"block_2374c172f2dc063c083a259ef22b8243\" class=\"hero hero-no-overlay\">\n            <div class=\"hero-background-image hero-background-image-desktop\" style=\"background-image: url(https:\/\/hcp.biomarin.com\/pt-br\/mucopolysaccharidosis-mps\/diagnostics\/wp-content\/uploads\/sites\/8\/2022\/08\/Test4MPS-logo-header-image-desktop.jpg?v=0.9);\"><\/div>\n\t    <div class=\"hero-background-image hero-background-image-mobile\" style=\"background-image: url(https:\/\/hcp.biomarin.com\/pt-br\/mucopolysaccharidosis-mps\/diagnostics\/wp-content\/uploads\/sites\/8\/2022\/08\/Test4MPS-logo-header-image-desktop.jpg?v=0.9);\"><\/div>\n    \t<div class=\"overlay\"><\/div>\n\t<div class=\"wrapper\">\n\t\t<div class=\"inner-wrapper\">\n\t\t\t<div class=\"hero-content\">\n\t\t\t    \t\t\t\t\t\t\t\t\t\t\t\t    <h1>Test4MPS\n<\/h1>\n\t\t\t\t\t\t\t\t\t\t\t\t    <p>Test4MPS \u00e9 um recurso informativo destinado a profissionais de sa\u00fade com interesse em mucopolissacaridose (MPS). Voc\u00ea chegou a esta p\u00e1gina porque confirmou que n\u00e3o \u00e9 um profissional de sa\u00fade.<br \/>\nPara informa\u00e7\u00f5es sobre MPS, entre em contato com seu m\u00e9dico geneticista local ou especialista em metabolismo.<\/p>\n\t\t\t\t\t\t\t\t\n                <p class=\"inline-buttons\">\n                                                        <\/p>\n\t\t\t\t\t\t\t<\/div>\n\t\t<\/div>\n\t<\/div>\n<\/div>\n","protected":false},"excerpt":{"rendered":"","protected":false},"author":3,"featured_media":0,"parent":0,"menu_order":0,"comment_status":"closed","ping_status":"closed","template":"","meta":{"_acf_changed":false,"inline_featured_image":false,"footnotes":""},"class_list":["post-42","page","type-page","status-publish","hentry"],"acf":[],"yoast_head":"<!-- This site is optimized with the Yoast SEO plugin v27.1.1 - https:\/\/yoast.com\/product\/yoast-seo-wordpress\/ -->\n<title>Test4MPS - For Patients and Caregivers<\/title>\n<meta name=\"description\" content=\"Test4MPS is an informational resource intended for healthcare professionals with an interest in mucopolysaccharidosis (MPS) disorders.\" \/>\n<meta name=\"robots\" content=\"index, follow, max-snippet:-1, max-image-preview:large, max-video-preview:-1\" \/>\n<link rel=\"canonical\" href=\"https:\/\/hcp.biomarin.com\/pt-br\/mucopolysaccharidosis-mps\/diagnostics\/non-us-hcp\/\" \/>\n<meta property=\"og:locale\" content=\"pt_BR\" \/>\n<meta property=\"og:type\" content=\"article\" \/>\n<meta property=\"og:title\" content=\"Test4MPS - For Patients and Caregivers\" \/>\n<meta property=\"og:description\" content=\"Test4MPS is an informational resource intended for healthcare professionals with an interest in mucopolysaccharidosis (MPS) disorders.\" \/>\n<meta property=\"og:url\" content=\"https:\/\/hcp.biomarin.com\/pt-br\/mucopolysaccharidosis-mps\/diagnostics\/non-us-hcp\/\" \/>\n<meta property=\"og:site_name\" content=\"BioMarin MPS Diagnostics HCP PT-BR\" \/>\n<meta property=\"article:modified_time\" content=\"2023-02-20T16:26:46+00:00\" \/>\n<meta name=\"twitter:card\" content=\"summary_large_image\" \/>\n<script type=\"application\/ld+json\" class=\"yoast-schema-graph\">{\"@context\":\"https:\/\/schema.org\",\"@graph\":[{\"@type\":\"WebPage\",\"@id\":\"https:\/\/hcp.biomarin.com\/pt-br\/mucopolysaccharidosis-mps\/diagnostics\/non-us-hcp\/\",\"url\":\"https:\/\/hcp.biomarin.com\/pt-br\/mucopolysaccharidosis-mps\/diagnostics\/non-us-hcp\/\",\"name\":\"Test4MPS - For Patients and Caregivers\",\"isPartOf\":{\"@id\":\"https:\/\/hcp.biomarin.com\/pt-br\/mucopolysaccharidosis-mps\/diagnostics\/#website\"},\"datePublished\":\"2022-08-02T07:41:24+00:00\",\"dateModified\":\"2023-02-20T16:26:46+00:00\",\"description\":\"Test4MPS is an informational resource intended for healthcare professionals with an interest in mucopolysaccharidosis (MPS) disorders.\",\"breadcrumb\":{\"@id\":\"https:\/\/hcp.biomarin.com\/pt-br\/mucopolysaccharidosis-mps\/diagnostics\/non-us-hcp\/#breadcrumb\"},\"inLanguage\":\"pt-BR\",\"potentialAction\":[{\"@type\":\"ReadAction\",\"target\":[\"https:\/\/hcp.biomarin.com\/pt-br\/mucopolysaccharidosis-mps\/diagnostics\/non-us-hcp\/\"]}]},{\"@type\":\"BreadcrumbList\",\"@id\":\"https:\/\/hcp.biomarin.com\/pt-br\/mucopolysaccharidosis-mps\/diagnostics\/non-us-hcp\/#breadcrumb\",\"itemListElement\":[{\"@type\":\"ListItem\",\"position\":1,\"name\":\"Home\",\"item\":\"https:\/\/hcp.biomarin.com\/pt-br\/mucopolysaccharidosis-mps\/diagnostics\/\"},{\"@type\":\"ListItem\",\"position\":2,\"name\":\"Non-HCP\"}]},{\"@type\":\"WebSite\",\"@id\":\"https:\/\/hcp.biomarin.com\/pt-br\/mucopolysaccharidosis-mps\/diagnostics\/#website\",\"url\":\"https:\/\/hcp.biomarin.com\/pt-br\/mucopolysaccharidosis-mps\/diagnostics\/\",\"name\":\"BioMarin MPS Diagnostics HCP PT-BR\",\"description\":\"\",\"potentialAction\":[{\"@type\":\"SearchAction\",\"target\":{\"@type\":\"EntryPoint\",\"urlTemplate\":\"https:\/\/hcp.biomarin.com\/pt-br\/mucopolysaccharidosis-mps\/diagnostics\/?s={search_term_string}\"},\"query-input\":{\"@type\":\"PropertyValueSpecification\",\"valueRequired\":true,\"valueName\":\"search_term_string\"}}],\"inLanguage\":\"pt-BR\"}]}<\/script>\n<!-- \/ Yoast SEO plugin. -->","yoast_head_json":{"title":"Test4MPS - For Patients and Caregivers","description":"Test4MPS is an informational resource intended for healthcare professionals with an interest in mucopolysaccharidosis (MPS) disorders.","robots":{"index":"index","follow":"follow","max-snippet":"max-snippet:-1","max-image-preview":"max-image-preview:large","max-video-preview":"max-video-preview:-1"},"canonical":"https:\/\/hcp.biomarin.com\/pt-br\/mucopolysaccharidosis-mps\/diagnostics\/non-us-hcp\/","og_locale":"pt_BR","og_type":"article","og_title":"Test4MPS - For Patients and Caregivers","og_description":"Test4MPS is an informational resource intended for healthcare professionals with an interest in mucopolysaccharidosis (MPS) disorders.","og_url":"https:\/\/hcp.biomarin.com\/pt-br\/mucopolysaccharidosis-mps\/diagnostics\/non-us-hcp\/","og_site_name":"BioMarin MPS Diagnostics HCP PT-BR","article_modified_time":"2023-02-20T16:26:46+00:00","twitter_card":"summary_large_image","schema":{"@context":"https:\/\/schema.org","@graph":[{"@type":"WebPage","@id":"https:\/\/hcp.biomarin.com\/pt-br\/mucopolysaccharidosis-mps\/diagnostics\/non-us-hcp\/","url":"https:\/\/hcp.biomarin.com\/pt-br\/mucopolysaccharidosis-mps\/diagnostics\/non-us-hcp\/","name":"Test4MPS - For Patients and Caregivers","isPartOf":{"@id":"https:\/\/hcp.biomarin.com\/pt-br\/mucopolysaccharidosis-mps\/diagnostics\/#website"},"datePublished":"2022-08-02T07:41:24+00:00","dateModified":"2023-02-20T16:26:46+00:00","description":"Test4MPS is an informational resource intended for healthcare professionals with an interest in mucopolysaccharidosis (MPS) disorders.","breadcrumb":{"@id":"https:\/\/hcp.biomarin.com\/pt-br\/mucopolysaccharidosis-mps\/diagnostics\/non-us-hcp\/#breadcrumb"},"inLanguage":"pt-BR","potentialAction":[{"@type":"ReadAction","target":["https:\/\/hcp.biomarin.com\/pt-br\/mucopolysaccharidosis-mps\/diagnostics\/non-us-hcp\/"]}]},{"@type":"BreadcrumbList","@id":"https:\/\/hcp.biomarin.com\/pt-br\/mucopolysaccharidosis-mps\/diagnostics\/non-us-hcp\/#breadcrumb","itemListElement":[{"@type":"ListItem","position":1,"name":"Home","item":"https:\/\/hcp.biomarin.com\/pt-br\/mucopolysaccharidosis-mps\/diagnostics\/"},{"@type":"ListItem","position":2,"name":"Non-HCP"}]},{"@type":"WebSite","@id":"https:\/\/hcp.biomarin.com\/pt-br\/mucopolysaccharidosis-mps\/diagnostics\/#website","url":"https:\/\/hcp.biomarin.com\/pt-br\/mucopolysaccharidosis-mps\/diagnostics\/","name":"BioMarin MPS Diagnostics HCP PT-BR","description":"","potentialAction":[{"@type":"SearchAction","target":{"@type":"EntryPoint","urlTemplate":"https:\/\/hcp.biomarin.com\/pt-br\/mucopolysaccharidosis-mps\/diagnostics\/?s={search_term_string}"},"query-input":{"@type":"PropertyValueSpecification","valueRequired":true,"valueName":"search_term_string"}}],"inLanguage":"pt-BR"}]}},"_links":{"self":[{"href":"https:\/\/hcp.biomarin.com\/pt-br\/mucopolysaccharidosis-mps\/diagnostics\/wp-json\/wp\/v2\/pages\/42","targetHints":{"allow":["GET"]}}],"collection":[{"href":"https:\/\/hcp.biomarin.com\/pt-br\/mucopolysaccharidosis-mps\/diagnostics\/wp-json\/wp\/v2\/pages"}],"about":[{"href":"https:\/\/hcp.biomarin.com\/pt-br\/mucopolysaccharidosis-mps\/diagnostics\/wp-json\/wp\/v2\/types\/page"}],"author":[{"embeddable":true,"href":"https:\/\/hcp.biomarin.com\/pt-br\/mucopolysaccharidosis-mps\/diagnostics\/wp-json\/wp\/v2\/users\/3"}],"replies":[{"embeddable":true,"href":"https:\/\/hcp.biomarin.com\/pt-br\/mucopolysaccharidosis-mps\/diagnostics\/wp-json\/wp\/v2\/comments?post=42"}],"version-history":[{"count":27,"href":"https:\/\/hcp.biomarin.com\/pt-br\/mucopolysaccharidosis-mps\/diagnostics\/wp-json\/wp\/v2\/pages\/42\/revisions"}],"predecessor-version":[{"id":120,"href":"https:\/\/hcp.biomarin.com\/pt-br\/mucopolysaccharidosis-mps\/diagnostics\/wp-json\/wp\/v2\/pages\/42\/revisions\/120"}],"wp:attachment":[{"href":"https:\/\/hcp.biomarin.com\/pt-br\/mucopolysaccharidosis-mps\/diagnostics\/wp-json\/wp\/v2\/media?parent=42"}],"curies":[{"name":"wp","href":"https:\/\/api.w.org\/{rel}","templated":true}]}}