{"id":2,"date":"2022-08-01T11:01:44","date_gmt":"2022-08-01T11:01:44","guid":{"rendered":"https:\/\/mpsdiagnosticshcp-dev-001.azurewebsites.net\/en-gb\/?page_id=2"},"modified":"2023-02-20T12:18:55","modified_gmt":"2023-02-20T12:18:55","slug":"home","status":"publish","type":"page","link":"https:\/\/hcp.biomarin.com\/pt-br\/mucopolysaccharidosis-mps\/diagnostics\/","title":{"rendered":"Home"},"content":{"rendered":"<div id=\"block_4133b22cbd251aa3fc9b722ff6feaca3\" class=\"hero hero-no-overlay\">\n            <div class=\"hero-background-image hero-background-image-desktop\" style=\"background-image: url(https:\/\/hcp.biomarin.com\/pt-br\/mucopolysaccharidosis-mps\/diagnostics\/wp-content\/uploads\/sites\/8\/2022\/08\/Test4MPS-logo-header-image-desktop.jpg?v=0.9);\"><\/div>\n\t    <div class=\"hero-background-image hero-background-image-mobile\" style=\"background-image: url(https:\/\/hcp.biomarin.com\/pt-br\/mucopolysaccharidosis-mps\/diagnostics\/wp-content\/uploads\/sites\/8\/2022\/08\/Test4MPS-logo-header-image-desktop.jpg?v=0.9);\"><\/div>\n    \t<div class=\"overlay\"><\/div>\n\t<div class=\"wrapper\">\n\t\t<div class=\"inner-wrapper\">\n\t\t\t<div class=\"hero-content\">\n\t\t\t    \t\t\t\t\t\t\t\t\t\t\t\t    <h1>Desculpe, mas este site est\u00e1 em manuten\u00e7\u00e3o no momento.\n<\/h1>\n\t\t\t\t\t\t\t\t\t\t\t\t    <p>Entre em <a href=\"mailto:medinfola@bmrn.com\" target=\"_blank\" rel=\"noopener\">contato com a BioMarin Medical Information<\/a> para obter orienta\u00e7\u00e3o sobre as op\u00e7\u00f5es locais de testes de MPS.<\/p>\n\t\t\t\t\t\t\t\t\n                <p class=\"inline-buttons\">\n                                                        <\/p>\n\t\t\t\t\t\t\t<\/div>\n\t\t<\/div>\n\t<\/div>\n<\/div>\n","protected":false},"excerpt":{"rendered":"","protected":false},"author":1,"featured_media":0,"parent":0,"menu_order":0,"comment_status":"closed","ping_status":"closed","template":"","meta":{"_acf_changed":false,"inline_featured_image":false,"footnotes":""},"class_list":["post-2","page","type-page","status-publish","hentry"],"acf":[],"yoast_head":"<!-- This site is optimized with the Yoast SEO plugin v27.4 - https:\/\/yoast.com\/product\/yoast-seo-wordpress\/ -->\n<title>BioMarin MPS Diagnostics<\/title>\n<meta name=\"description\" content=\"Test4MPS is an informational resource intended for healthcare professionals with an interest in mucopolysaccharidosis (MPS) disorders.\" \/>\n<meta name=\"robots\" content=\"index, follow, max-snippet:-1, max-image-preview:large, max-video-preview:-1\" \/>\n<link rel=\"canonical\" href=\"https:\/\/hcp.biomarin.com\/pt-br\/mucopolysaccharidosis-mps\/diagnostics\/\" \/>\n<meta property=\"og:locale\" content=\"pt_BR\" \/>\n<meta property=\"og:type\" content=\"article\" \/>\n<meta property=\"og:title\" content=\"BioMarin MPS Diagnostics\" \/>\n<meta property=\"og:description\" content=\"Test4MPS is an informational resource intended for healthcare professionals with an interest in mucopolysaccharidosis (MPS) disorders.\" \/>\n<meta property=\"og:url\" content=\"https:\/\/hcp.biomarin.com\/pt-br\/mucopolysaccharidosis-mps\/diagnostics\/\" \/>\n<meta property=\"og:site_name\" content=\"BioMarin MPS Diagnostics HCP PT-BR\" \/>\n<meta property=\"article:modified_time\" content=\"2023-02-20T12:18:55+00:00\" \/>\n<meta name=\"twitter:card\" content=\"summary_large_image\" \/>\n<script type=\"application\/ld+json\" class=\"yoast-schema-graph\">{\"@context\":\"https:\\\/\\\/schema.org\",\"@graph\":[{\"@type\":\"WebPage\",\"@id\":\"https:\\\/\\\/hcp.biomarin.com\\\/pt-br\\\/mucopolysaccharidosis-mps\\\/diagnostics\\\/\",\"url\":\"https:\\\/\\\/hcp.biomarin.com\\\/pt-br\\\/mucopolysaccharidosis-mps\\\/diagnostics\\\/\",\"name\":\"BioMarin MPS Diagnostics\",\"isPartOf\":{\"@id\":\"https:\\\/\\\/hcp.biomarin.com\\\/pt-br\\\/mucopolysaccharidosis-mps\\\/diagnostics\\\/#website\"},\"datePublished\":\"2022-08-01T11:01:44+00:00\",\"dateModified\":\"2023-02-20T12:18:55+00:00\",\"description\":\"Test4MPS is an informational resource intended for healthcare professionals with an interest in mucopolysaccharidosis (MPS) disorders.\",\"breadcrumb\":{\"@id\":\"https:\\\/\\\/hcp.biomarin.com\\\/pt-br\\\/mucopolysaccharidosis-mps\\\/diagnostics\\\/#breadcrumb\"},\"inLanguage\":\"pt-BR\",\"potentialAction\":[{\"@type\":\"ReadAction\",\"target\":[\"https:\\\/\\\/hcp.biomarin.com\\\/pt-br\\\/mucopolysaccharidosis-mps\\\/diagnostics\\\/\"]}]},{\"@type\":\"BreadcrumbList\",\"@id\":\"https:\\\/\\\/hcp.biomarin.com\\\/pt-br\\\/mucopolysaccharidosis-mps\\\/diagnostics\\\/#breadcrumb\",\"itemListElement\":[{\"@type\":\"ListItem\",\"position\":1,\"name\":\"Home\",\"item\":\"https:\\\/\\\/hcp.biomarin.com\\\/pt-br\\\/mucopolysaccharidosis-mps\\\/diagnostics\\\/\"},{\"@type\":\"ListItem\",\"position\":2,\"name\":\"Home\"}]},{\"@type\":\"WebSite\",\"@id\":\"https:\\\/\\\/hcp.biomarin.com\\\/pt-br\\\/mucopolysaccharidosis-mps\\\/diagnostics\\\/#website\",\"url\":\"https:\\\/\\\/hcp.biomarin.com\\\/pt-br\\\/mucopolysaccharidosis-mps\\\/diagnostics\\\/\",\"name\":\"BioMarin MPS Diagnostics HCP PT-BR\",\"description\":\"\",\"potentialAction\":[{\"@type\":\"SearchAction\",\"target\":{\"@type\":\"EntryPoint\",\"urlTemplate\":\"https:\\\/\\\/hcp.biomarin.com\\\/pt-br\\\/mucopolysaccharidosis-mps\\\/diagnostics\\\/?s={search_term_string}\"},\"query-input\":{\"@type\":\"PropertyValueSpecification\",\"valueRequired\":true,\"valueName\":\"search_term_string\"}}],\"inLanguage\":\"pt-BR\"}]}<\/script>\n<!-- \/ Yoast SEO plugin. -->","yoast_head_json":{"title":"BioMarin MPS Diagnostics","description":"Test4MPS is an informational resource intended for healthcare professionals with an interest in mucopolysaccharidosis (MPS) disorders.","robots":{"index":"index","follow":"follow","max-snippet":"max-snippet:-1","max-image-preview":"max-image-preview:large","max-video-preview":"max-video-preview:-1"},"canonical":"https:\/\/hcp.biomarin.com\/pt-br\/mucopolysaccharidosis-mps\/diagnostics\/","og_locale":"pt_BR","og_type":"article","og_title":"BioMarin MPS Diagnostics","og_description":"Test4MPS is an informational resource intended for healthcare professionals with an interest in mucopolysaccharidosis (MPS) disorders.","og_url":"https:\/\/hcp.biomarin.com\/pt-br\/mucopolysaccharidosis-mps\/diagnostics\/","og_site_name":"BioMarin MPS Diagnostics HCP PT-BR","article_modified_time":"2023-02-20T12:18:55+00:00","twitter_card":"summary_large_image","schema":{"@context":"https:\/\/schema.org","@graph":[{"@type":"WebPage","@id":"https:\/\/hcp.biomarin.com\/pt-br\/mucopolysaccharidosis-mps\/diagnostics\/","url":"https:\/\/hcp.biomarin.com\/pt-br\/mucopolysaccharidosis-mps\/diagnostics\/","name":"BioMarin MPS Diagnostics","isPartOf":{"@id":"https:\/\/hcp.biomarin.com\/pt-br\/mucopolysaccharidosis-mps\/diagnostics\/#website"},"datePublished":"2022-08-01T11:01:44+00:00","dateModified":"2023-02-20T12:18:55+00:00","description":"Test4MPS is an informational resource intended for healthcare professionals with an interest in mucopolysaccharidosis (MPS) disorders.","breadcrumb":{"@id":"https:\/\/hcp.biomarin.com\/pt-br\/mucopolysaccharidosis-mps\/diagnostics\/#breadcrumb"},"inLanguage":"pt-BR","potentialAction":[{"@type":"ReadAction","target":["https:\/\/hcp.biomarin.com\/pt-br\/mucopolysaccharidosis-mps\/diagnostics\/"]}]},{"@type":"BreadcrumbList","@id":"https:\/\/hcp.biomarin.com\/pt-br\/mucopolysaccharidosis-mps\/diagnostics\/#breadcrumb","itemListElement":[{"@type":"ListItem","position":1,"name":"Home","item":"https:\/\/hcp.biomarin.com\/pt-br\/mucopolysaccharidosis-mps\/diagnostics\/"},{"@type":"ListItem","position":2,"name":"Home"}]},{"@type":"WebSite","@id":"https:\/\/hcp.biomarin.com\/pt-br\/mucopolysaccharidosis-mps\/diagnostics\/#website","url":"https:\/\/hcp.biomarin.com\/pt-br\/mucopolysaccharidosis-mps\/diagnostics\/","name":"BioMarin MPS Diagnostics HCP PT-BR","description":"","potentialAction":[{"@type":"SearchAction","target":{"@type":"EntryPoint","urlTemplate":"https:\/\/hcp.biomarin.com\/pt-br\/mucopolysaccharidosis-mps\/diagnostics\/?s={search_term_string}"},"query-input":{"@type":"PropertyValueSpecification","valueRequired":true,"valueName":"search_term_string"}}],"inLanguage":"pt-BR"}]}},"_links":{"self":[{"href":"https:\/\/hcp.biomarin.com\/pt-br\/mucopolysaccharidosis-mps\/diagnostics\/wp-json\/wp\/v2\/pages\/2","targetHints":{"allow":["GET"]}}],"collection":[{"href":"https:\/\/hcp.biomarin.com\/pt-br\/mucopolysaccharidosis-mps\/diagnostics\/wp-json\/wp\/v2\/pages"}],"about":[{"href":"https:\/\/hcp.biomarin.com\/pt-br\/mucopolysaccharidosis-mps\/diagnostics\/wp-json\/wp\/v2\/types\/page"}],"author":[{"embeddable":true,"href":"https:\/\/hcp.biomarin.com\/pt-br\/mucopolysaccharidosis-mps\/diagnostics\/wp-json\/wp\/v2\/users\/1"}],"replies":[{"embeddable":true,"href":"https:\/\/hcp.biomarin.com\/pt-br\/mucopolysaccharidosis-mps\/diagnostics\/wp-json\/wp\/v2\/comments?post=2"}],"version-history":[{"count":25,"href":"https:\/\/hcp.biomarin.com\/pt-br\/mucopolysaccharidosis-mps\/diagnostics\/wp-json\/wp\/v2\/pages\/2\/revisions"}],"predecessor-version":[{"id":119,"href":"https:\/\/hcp.biomarin.com\/pt-br\/mucopolysaccharidosis-mps\/diagnostics\/wp-json\/wp\/v2\/pages\/2\/revisions\/119"}],"wp:attachment":[{"href":"https:\/\/hcp.biomarin.com\/pt-br\/mucopolysaccharidosis-mps\/diagnostics\/wp-json\/wp\/v2\/media?parent=2"}],"curies":[{"name":"wp","href":"https:\/\/api.w.org\/{rel}","templated":true}]}}