{"id":3041,"date":"2024-12-16T16:45:52","date_gmt":"2024-12-16T16:45:52","guid":{"rendered":"https:\/\/hcp.biomarin.com\/pt-br\/achondroplasia\/?page_id=3041"},"modified":"2024-12-16T16:47:06","modified_gmt":"2024-12-16T16:47:06","slug":"registre-seu-consultorio","status":"publish","type":"page","link":"https:\/\/hcp.biomarin.com\/pt-br\/achondroplasia\/registre-seu-consultorio\/","title":{"rendered":"Registre seu consult\u00f3rio"},"content":{"rendered":"\n<div id=\"acf-block-66f42a535a866\" class=\"block hcp-register-clinic-form block-zero-top block-zero-bottom bg-band boxed-content boxed-content-white\">\n\t<div class=\"wrapper\">\n\t\t<div class=\"inner-wrapper\">\n\t\t\t<div class=\"box\">\n\t\t\t    <div class=\"form-copy\">\n                                            <h2>Participe voc\u00ea tamb\u00e9m!\n<\/h2>\n                                                                <p>Preencha este formul\u00e1rio para ser inclu\u00eddo em uma lista de profissionais de sa\u00fade interessados \u200b\u200bem tratar de pacientes com acondroplasia.<\/p>\n                                    <\/div>\n\n                <div class=\"user-type-radios\">\n                    <div class=\"form-item check-item\">\n                        <input type=\"radio\" name=\"user-type\" id=\"user-clinician\" value=\"Clinician\">\n                        <label for=\"user-clinician\">Sou um profissional da sa\u00fade enviando estas informa\u00e7\u00f5es por mim mesmo.<\/label>\n                    <\/div>\n\n                    <div class=\"form-item check-item\">\n                        <input type=\"radio\" name=\"user-type\" id=\"user-authorized\" value=\"Authorized\">\n                        <label for=\"user-authorized\">Estou autorizado a enviar informa\u00e7\u00f5es em nome de um profissional da sa\u00fade.<\/label>\n                    <\/div>\n\t\t\t\t<\/div>\n\n\t\t\t\t<form id=\"mktoForm_4425\" style=\"display:none;\" class=\"marketo-embed-form\"><\/form>\n\t\t\t\t<form id=\"mktoForm_4426\" style=\"display:none;\" class=\"marketo-embed-form\"><\/form>\n\n                <div class=\"block form-success-confirmation\" style=\"display:none;\">\n                                            <h1>Obrigado!<\/h1>\n<p>Entraremos em contato em breve com informa\u00e7\u00f5es adicionais.<\/p>\n                                                        <\/div>\n\n\t\t\t<\/div>\n\t\t<\/div>\n\t<\/div>\n<\/div>\n","protected":false},"excerpt":{"rendered":"","protected":false},"author":2,"featured_media":0,"parent":0,"menu_order":0,"comment_status":"closed","ping_status":"closed","template":"","meta":{"_acf_changed":false,"inline_featured_image":false,"footnotes":""},"class_list":["post-3041","page","type-page","status-publish","hentry"],"acf":[],"yoast_head":"<!-- This site is optimized with the Yoast SEO plugin v27.1.1 - https:\/\/yoast.com\/product\/yoast-seo-wordpress\/ -->\n<title>Registre seu consult\u00f3rio - BioMarin ACH DSE HCP PT-BR<\/title>\n<meta name=\"robots\" content=\"index, follow, max-snippet:-1, max-image-preview:large, max-video-preview:-1\" \/>\n<link rel=\"canonical\" href=\"https:\/\/hcp.biomarin.com\/pt-br\/achondroplasia\/registre-seu-consultorio\/\" \/>\n<meta property=\"og:locale\" content=\"pt_BR\" \/>\n<meta property=\"og:type\" content=\"article\" \/>\n<meta property=\"og:title\" content=\"Registre seu consult\u00f3rio - BioMarin ACH DSE HCP PT-BR\" \/>\n<meta property=\"og:url\" content=\"https:\/\/hcp.biomarin.com\/pt-br\/achondroplasia\/registre-seu-consultorio\/\" \/>\n<meta property=\"og:site_name\" content=\"BioMarin ACH DSE HCP PT-BR\" \/>\n<meta property=\"article:publisher\" content=\"https:\/\/www.facebook.com\/BioMarinOfficial\/\" \/>\n<meta property=\"article:modified_time\" content=\"2024-12-16T16:47:06+00:00\" \/>\n<meta name=\"twitter:card\" content=\"summary_large_image\" \/>\n<script type=\"application\/ld+json\" class=\"yoast-schema-graph\">{\"@context\":\"https:\/\/schema.org\",\"@graph\":[{\"@type\":\"WebPage\",\"@id\":\"https:\/\/hcp.biomarin.com\/pt-br\/achondroplasia\/registre-seu-consultorio\/\",\"url\":\"https:\/\/hcp.biomarin.com\/pt-br\/achondroplasia\/registre-seu-consultorio\/\",\"name\":\"Registre seu consult\u00f3rio - BioMarin ACH DSE HCP PT-BR\",\"isPartOf\":{\"@id\":\"https:\/\/hcp.biomarin.com\/pt-br\/achondroplasia\/#website\"},\"datePublished\":\"2024-12-16T16:45:52+00:00\",\"dateModified\":\"2024-12-16T16:47:06+00:00\",\"breadcrumb\":{\"@id\":\"https:\/\/hcp.biomarin.com\/pt-br\/achondroplasia\/registre-seu-consultorio\/#breadcrumb\"},\"inLanguage\":\"pt-BR\",\"potentialAction\":[{\"@type\":\"ReadAction\",\"target\":[\"https:\/\/hcp.biomarin.com\/pt-br\/achondroplasia\/registre-seu-consultorio\/\"]}]},{\"@type\":\"BreadcrumbList\",\"@id\":\"https:\/\/hcp.biomarin.com\/pt-br\/achondroplasia\/registre-seu-consultorio\/#breadcrumb\",\"itemListElement\":[{\"@type\":\"ListItem\",\"position\":1,\"name\":\"Home\",\"item\":\"https:\/\/hcp.biomarin.com\/pt-br\/achondroplasia\/\"},{\"@type\":\"ListItem\",\"position\":2,\"name\":\"Registre seu consult\u00f3rio\"}]},{\"@type\":\"WebSite\",\"@id\":\"https:\/\/hcp.biomarin.com\/pt-br\/achondroplasia\/#website\",\"url\":\"https:\/\/hcp.biomarin.com\/pt-br\/achondroplasia\/\",\"name\":\"BioMarin ACH DSE HCP PT-BR\",\"description\":\"\",\"publisher\":{\"@id\":\"https:\/\/hcp.biomarin.com\/pt-br\/achondroplasia\/#organization\"},\"potentialAction\":[{\"@type\":\"SearchAction\",\"target\":{\"@type\":\"EntryPoint\",\"urlTemplate\":\"https:\/\/hcp.biomarin.com\/pt-br\/achondroplasia\/?s={search_term_string}\"},\"query-input\":{\"@type\":\"PropertyValueSpecification\",\"valueRequired\":true,\"valueName\":\"search_term_string\"}}],\"inLanguage\":\"pt-BR\"},{\"@type\":\"Organization\",\"@id\":\"https:\/\/hcp.biomarin.com\/pt-br\/achondroplasia\/#organization\",\"name\":\"BioMarin\",\"url\":\"https:\/\/hcp.biomarin.com\/pt-br\/achondroplasia\/\",\"logo\":{\"@type\":\"ImageObject\",\"inLanguage\":\"pt-BR\",\"@id\":\"https:\/\/hcp.biomarin.com\/pt-br\/achondroplasia\/#\/schema\/logo\/image\/\",\"url\":\"https:\/\/hcp.biomarin.com\/pt-br\/achondroplasia\/wp-content\/uploads\/sites\/8\/2023\/01\/biomarin-logo.svg\",\"contentUrl\":\"https:\/\/hcp.biomarin.com\/pt-br\/achondroplasia\/wp-content\/uploads\/sites\/8\/2023\/01\/biomarin-logo.svg\",\"width\":\"1024\",\"height\":\"1024\",\"caption\":\"BioMarin\"},\"image\":{\"@id\":\"https:\/\/hcp.biomarin.com\/pt-br\/achondroplasia\/#\/schema\/logo\/image\/\"},\"sameAs\":[\"https:\/\/www.facebook.com\/BioMarinOfficial\/\",\"https:\/\/www.linkedin.com\/company\/biomarin\"]}]}<\/script>\n<!-- \/ Yoast SEO plugin. -->","yoast_head_json":{"title":"Registre seu consult\u00f3rio - BioMarin ACH DSE HCP PT-BR","robots":{"index":"index","follow":"follow","max-snippet":"max-snippet:-1","max-image-preview":"max-image-preview:large","max-video-preview":"max-video-preview:-1"},"canonical":"https:\/\/hcp.biomarin.com\/pt-br\/achondroplasia\/registre-seu-consultorio\/","og_locale":"pt_BR","og_type":"article","og_title":"Registre seu consult\u00f3rio - BioMarin ACH DSE HCP PT-BR","og_url":"https:\/\/hcp.biomarin.com\/pt-br\/achondroplasia\/registre-seu-consultorio\/","og_site_name":"BioMarin ACH DSE HCP PT-BR","article_publisher":"https:\/\/www.facebook.com\/BioMarinOfficial\/","article_modified_time":"2024-12-16T16:47:06+00:00","twitter_card":"summary_large_image","schema":{"@context":"https:\/\/schema.org","@graph":[{"@type":"WebPage","@id":"https:\/\/hcp.biomarin.com\/pt-br\/achondroplasia\/registre-seu-consultorio\/","url":"https:\/\/hcp.biomarin.com\/pt-br\/achondroplasia\/registre-seu-consultorio\/","name":"Registre seu consult\u00f3rio - BioMarin ACH DSE HCP PT-BR","isPartOf":{"@id":"https:\/\/hcp.biomarin.com\/pt-br\/achondroplasia\/#website"},"datePublished":"2024-12-16T16:45:52+00:00","dateModified":"2024-12-16T16:47:06+00:00","breadcrumb":{"@id":"https:\/\/hcp.biomarin.com\/pt-br\/achondroplasia\/registre-seu-consultorio\/#breadcrumb"},"inLanguage":"pt-BR","potentialAction":[{"@type":"ReadAction","target":["https:\/\/hcp.biomarin.com\/pt-br\/achondroplasia\/registre-seu-consultorio\/"]}]},{"@type":"BreadcrumbList","@id":"https:\/\/hcp.biomarin.com\/pt-br\/achondroplasia\/registre-seu-consultorio\/#breadcrumb","itemListElement":[{"@type":"ListItem","position":1,"name":"Home","item":"https:\/\/hcp.biomarin.com\/pt-br\/achondroplasia\/"},{"@type":"ListItem","position":2,"name":"Registre seu consult\u00f3rio"}]},{"@type":"WebSite","@id":"https:\/\/hcp.biomarin.com\/pt-br\/achondroplasia\/#website","url":"https:\/\/hcp.biomarin.com\/pt-br\/achondroplasia\/","name":"BioMarin ACH DSE HCP PT-BR","description":"","publisher":{"@id":"https:\/\/hcp.biomarin.com\/pt-br\/achondroplasia\/#organization"},"potentialAction":[{"@type":"SearchAction","target":{"@type":"EntryPoint","urlTemplate":"https:\/\/hcp.biomarin.com\/pt-br\/achondroplasia\/?s={search_term_string}"},"query-input":{"@type":"PropertyValueSpecification","valueRequired":true,"valueName":"search_term_string"}}],"inLanguage":"pt-BR"},{"@type":"Organization","@id":"https:\/\/hcp.biomarin.com\/pt-br\/achondroplasia\/#organization","name":"BioMarin","url":"https:\/\/hcp.biomarin.com\/pt-br\/achondroplasia\/","logo":{"@type":"ImageObject","inLanguage":"pt-BR","@id":"https:\/\/hcp.biomarin.com\/pt-br\/achondroplasia\/#\/schema\/logo\/image\/","url":"https:\/\/hcp.biomarin.com\/pt-br\/achondroplasia\/wp-content\/uploads\/sites\/8\/2023\/01\/biomarin-logo.svg","contentUrl":"https:\/\/hcp.biomarin.com\/pt-br\/achondroplasia\/wp-content\/uploads\/sites\/8\/2023\/01\/biomarin-logo.svg","width":"1024","height":"1024","caption":"BioMarin"},"image":{"@id":"https:\/\/hcp.biomarin.com\/pt-br\/achondroplasia\/#\/schema\/logo\/image\/"},"sameAs":["https:\/\/www.facebook.com\/BioMarinOfficial\/","https:\/\/www.linkedin.com\/company\/biomarin"]}]}},"_links":{"self":[{"href":"https:\/\/hcp.biomarin.com\/pt-br\/achondroplasia\/wp-json\/wp\/v2\/pages\/3041","targetHints":{"allow":["GET"]}}],"collection":[{"href":"https:\/\/hcp.biomarin.com\/pt-br\/achondroplasia\/wp-json\/wp\/v2\/pages"}],"about":[{"href":"https:\/\/hcp.biomarin.com\/pt-br\/achondroplasia\/wp-json\/wp\/v2\/types\/page"}],"author":[{"embeddable":true,"href":"https:\/\/hcp.biomarin.com\/pt-br\/achondroplasia\/wp-json\/wp\/v2\/users\/2"}],"replies":[{"embeddable":true,"href":"https:\/\/hcp.biomarin.com\/pt-br\/achondroplasia\/wp-json\/wp\/v2\/comments?post=3041"}],"version-history":[{"count":2,"href":"https:\/\/hcp.biomarin.com\/pt-br\/achondroplasia\/wp-json\/wp\/v2\/pages\/3041\/revisions"}],"predecessor-version":[{"id":3044,"href":"https:\/\/hcp.biomarin.com\/pt-br\/achondroplasia\/wp-json\/wp\/v2\/pages\/3041\/revisions\/3044"}],"wp:attachment":[{"href":"https:\/\/hcp.biomarin.com\/pt-br\/achondroplasia\/wp-json\/wp\/v2\/media?parent=3041"}],"curies":[{"name":"wp","href":"https:\/\/api.w.org\/{rel}","templated":true}]}}