{"id":25,"date":"2022-11-03T18:35:42","date_gmt":"2022-11-03T18:35:42","guid":{"rendered":"https:\/\/achdsehcp-dev-001.azurewebsites.net\/en-us\/achondroplasia\/?page_id=25"},"modified":"2025-04-24T16:19:59","modified_gmt":"2025-04-24T16:19:59","slug":"recursos","status":"publish","type":"page","link":"https:\/\/hcp.biomarin.com\/pt-br\/achondroplasia\/recursos\/","title":{"rendered":"Recursos"},"content":{"rendered":"<div id=\"acf-block-64256295ccd10\" class=\"hero hero-no-overlay pull-bottom hero-large-first-para\">\n            <div class=\"hero-background-image hero-background-image-desktop\" style=\"background-image: url(https:\/\/hcp.biomarin.com\/pt-br\/achondroplasia\/wp-content\/uploads\/sites\/8\/2024\/04\/landing_hero_ptbr.png?v=0.122);\"><\/div>\n\t    <div class=\"hero-background-image hero-background-image-mobile\" style=\"background-image: url(https:\/\/hcp.biomarin.com\/pt-br\/achondroplasia\/wp-content\/uploads\/sites\/8\/2022\/12\/mobile_bg.png?v=0.122);\"><\/div>\n    \t<div class=\"overlay\"><\/div>\n\t<div class=\"wrapper\">\n\t\t<div class=\"inner-wrapper\">\n\t\t\t<div class=\"hero-content\">\n\t\t\t    \t\t\t\t\t\t\t\t\t\t\t\t    <h1>BIBLIOTECA\n<\/h1>\n\t\t\t\t\t\t\t\t\t\t\t\t    <p>Amplie seus conhecimentos sobre a acondroplasia<\/p>\n\t\t\t\t\t\t\t\t\n                <p class=\"inline-buttons\">\n                                                        <\/p>\n\t\t\t\t\t\t\t<\/div>\n\t\t<\/div>\n\t<\/div>\n<\/div>\n\n\n<div id=\"acf-block-64256295ccd3d\" class=\"block boxed-content boxed-content-white\">\n\t<div class=\"wrapper\">\n\t\t<div class=\"inner-wrapper\">\n\t\t\t<div class=\"box\">\n\t\t\t\t\t\t\t\t\n<div id=\"acf-block-64256295ccdba\" class=\"image-text-block content-align-center bottom-border\">\n            <div class=\"image-block medium\">\n            <figure>\n                <div class=\"image image-rounded\">\n                    <img decoding=\"async\" class=\"\" src=\"https:\/\/hcp.biomarin.com\/pt-br\/achondroplasia\/wp-content\/uploads\/sites\/8\/2023\/02\/Screenshot-2023-02-06-at-16.50.55-750x734.png\" alt=\"Dr Rav Savarirayan\" \/>                <\/div>\n            <\/figure>\n        <\/div>\n        <div class=\"content-block\">\n                    <h3>Declara\u00e7\u00e3o de Consenso Internacional sobre Acondroplasia\n<\/h3>\n                            <p>Uma ferramenta para navegar a Declara\u00e7\u00e3o de Consenso Internacional sobre o Diagn\u00f3stico, Tratamento Multidisciplinar e Cuidados ao Longo da Vida de Indiv\u00edduos com Acondroplasia.<\/p>\n                                            <p><a class=\"button button-arrow\" href=\"https:\/\/hcp.biomarin.com\/pt-br\/achondroplasia\/declaracao-de-consenso-internacional\/\" target=\"_self\">Explore a ferramenta<\/a><\/p>\n                        <\/div>\n<\/div>\n\n<div id=\"acf-block-64256295ccdba\" class=\"image-text-block content-align-center bottom-border\">\n            <div class=\"image-block medium\">\n            <figure>\n                <div class=\"image image-rounded\">\n                    <img decoding=\"async\" class=\"\" src=\"https:\/\/hcp.biomarin.com\/pt-br\/achondroplasia\/wp-content\/uploads\/sites\/8\/2024\/04\/Origem-causas-e-caracteristicas-fisicas-da-Acondroplasia_ptbr.jpg?v=0.122\" alt=\"\" \/>                <\/div>\n            <\/figure>\n        <\/div>\n        <div class=\"content-block\">\n                    <h3>Origem, causas e caracter\u00edsticas f\u00edsicas da Acondroplasia\n<\/h3>\n                            <p>Infogr\u00e1fico resumido com as principais informa\u00e7\u00f5es sobre a acondroplasia, o que \u00e9, sua origem e como afeta os pacientes.<\/p>\n                                            <p><a class=\"button button-arrow\" href=\"https:\/\/hcp.biomarin.com\/pt-br\/achondroplasia\/wp-content\/uploads\/sites\/8\/2025\/04\/Origem-causas-e-caracteristicas-fisicas-da-Acondroplasia.pdf?v=0.104\" target=\"_blank\">Download<\/a><\/p>\n                        <\/div>\n<\/div>\n\n<div id=\"acf-block-64256295ccdba\" class=\"image-text-block content-align-center bottom-border\">\n            <div class=\"image-block medium\">\n            <figure>\n                <div class=\"image image-rounded\">\n                    <img decoding=\"async\" class=\"\" src=\"https:\/\/hcp.biomarin.com\/pt-br\/achondroplasia\/wp-content\/uploads\/sites\/8\/2024\/04\/Complicacoes-Multissistemicas_ptbr.jpg?v=0.122\" alt=\"\" \/>                <\/div>\n            <\/figure>\n        <\/div>\n        <div class=\"content-block\">\n                    <h3>Complica\u00e7\u00f5es Multissist\u00eamicas\n<\/h3>\n                            <p>Infogr\u00e1fico com os sistemas afetados e as principais complica\u00e7\u00f5es da acondroplasia.<\/p>\n                                            <p><a class=\"button button-arrow\" href=\"https:\/\/hcp.biomarin.com\/pt-br\/achondroplasia\/wp-content\/uploads\/sites\/8\/2025\/04\/Complicacoes-Multissistemicas-da-Acondroplasia.pdf?v=0.104\" target=\"_blank\">Download<\/a><\/p>\n                        <\/div>\n<\/div>\n\n<div id=\"acf-block-64256295ccdba\" class=\"image-text-block content-align-center bottom-border\">\n            <div class=\"image-block medium\">\n            <figure>\n                <div class=\"image image-rounded\">\n                    <img decoding=\"async\" class=\"\" src=\"https:\/\/hcp.biomarin.com\/pt-br\/achondroplasia\/wp-content\/uploads\/sites\/8\/2024\/04\/Manejo-Multidisciplinar_ptbr.jpg?v=0.122\" alt=\"\" \/>                <\/div>\n            <\/figure>\n        <\/div>\n        <div class=\"content-block\">\n                    <h3>Manejo Multidisciplinar\n<\/h3>\n                            <p>Infogr\u00e1fico que refor\u00e7a a import\u00e2ncia do manejo da acondroplasia por uma equipe multidisciplinar que busca acompanhar e prevenir comorbidades em diferentes etapas da vida.<\/p>\n                                            <p><a class=\"button button-arrow\" href=\"https:\/\/hcp.biomarin.com\/pt-br\/achondroplasia\/wp-content\/uploads\/sites\/8\/2025\/04\/Manejo-Multidisciplinar-da-Acondroplasia.pdf?v=0.104\" target=\"_blank\">Download<\/a><\/p>\n                        <\/div>\n<\/div>\n\n<div id=\"acf-block-64256295ccdba\" class=\"image-text-block content-align-center bottom-border\">\n            <div class=\"image-block medium\">\n            <figure>\n                <div class=\"image image-rounded\">\n                    <img decoding=\"async\" class=\"\" src=\"https:\/\/hcp.biomarin.com\/pt-br\/achondroplasia\/wp-content\/uploads\/sites\/8\/2024\/04\/Impacto-da-Acondroplasia_ptbr.jpg?v=0.122\" alt=\"\" \/>                <\/div>\n            <\/figure>\n        <\/div>\n        <div class=\"content-block\">\n                    <h3>Impacto da Acondroplasia na qualidade de vida dos pacientes, familiares e cuidadores Materia\n<\/h3>\n                            <p>Artigo comentado pelo Dr. Juan Clinton Llerena Junior sobre como a avalia\u00e7\u00e3o da qualidade de vida deve fazer parte do manejo cl\u00ednico dos pacientes com acondroplasia para que os sintomas sejam tratados e mensurados da forma mais adequada poss\u00edvel.<\/p>\n                                            <p><a class=\"button button-arrow\" href=\"https:\/\/hcp.biomarin.com\/pt-br\/achondroplasia\/wp-content\/uploads\/sites\/8\/2025\/04\/Impacto-da-Acondroplasia-na-qualidade-de-vida-dos-pacientes-familiares-e-cuidadores.pdf?v=0.104\" target=\"_blank\">Download<\/a><\/p>\n                        <\/div>\n<\/div>\n\n<div id=\"acf-block-64256295ccdba\" class=\"image-text-block content-align-center bottom-border\">\n            <div class=\"image-block medium\">\n            <figure>\n                <div class=\"image image-rounded\">\n                    <img decoding=\"async\" class=\"\" src=\"https:\/\/hcp.biomarin.com\/pt-br\/achondroplasia\/wp-content\/uploads\/sites\/8\/2024\/04\/Acompanhamento-de-pacientes_ptbr.jpg?v=0.122\" alt=\"\" \/>                <\/div>\n            <\/figure>\n        <\/div>\n        <div class=\"content-block\">\n                    <h3>Acompanhamento de pacientes com Acondroplasia na LATAM\n<\/h3>\n                            <p>Recomenda\u00e7\u00f5es pr\u00e1ticas comentadas do artigo \u201cAchondroplasia in Latin America: practical recommendations for the multidisciplinary care of pediatric patients\u201d pelo dr. Juan Clinton Llerena Junior.<\/p>\n                                            <p><a class=\"button button-arrow\" href=\"https:\/\/hcp.biomarin.com\/pt-br\/achondroplasia\/wp-content\/uploads\/sites\/8\/2025\/04\/Acompanhamento-de-pacientes-com-Acondroplasia-na-LATAM.pdf?v=0.104\" target=\"_blank\">Download<\/a><\/p>\n                        <\/div>\n<\/div>\n\n<div id=\"acf-block-64256295ccdba\" class=\"image-text-block content-align-center block-zero-bottom\">\n            <div class=\"image-block medium\">\n            <figure>\n                <div class=\"image image-rounded\">\n                    <img decoding=\"async\" class=\"\" src=\"https:\/\/hcp.biomarin.com\/pt-br\/achondroplasia\/wp-content\/uploads\/sites\/8\/2024\/04\/Tabela-de-Seguimento-Multidisciplinar_ptbr.jpg?v=0.122\" alt=\"\" \/>                <\/div>\n            <\/figure>\n        <\/div>\n        <div class=\"content-block\">\n                    <h3>Tabela de Seguimento Multidisciplinar\n<\/h3>\n                            <p>Uma tabela com sugest\u00f5es para monitoramento de pacientes com acondroplasia de acordo com frequ\u00eancia e idade. <\/p>\n                                            <p><a class=\"button button-arrow\" href=\"https:\/\/hcp.biomarin.com\/pt-br\/achondroplasia\/wp-content\/uploads\/sites\/8\/2024\/04\/Tabela-de-Seguimento-Multidisciplinar.pdf?v=0.64\" target=\"_blank\">Download<\/a><\/p>\n                        <\/div>\n<\/div>\n\t\t\t<\/div>\n\t\t<\/div>\n\t<\/div>\n<\/div>\n\n<div id=\"acf-block-64256295ccdcd\" class=\"block wrapped-content\">\n    <div class=\"wrapper\">\n        <div class=\"inner-wrapper\">\n                        <\/div>\n    <\/div>\n<\/div>\n\n<div id=\"acf-block-64256295cec4f\" class=\"block call-to-action\">\n    <div class=\"wrapper\">\n\t\t<div class=\"inner-wrapper\">\n\t\t\t<div class=\"box\" style=\"\">\n\t\t\t\t<div class=\"overlay\"><\/div>\n\t\t\t\t<div class=\"cta-content\">\n\t\t\t\t    \t\t\t\t\t<div class=\"cta-content-main\">\n                        <div class=\"content-block\">\n\t\t\t\t\t        \t\t\t\t\t        \t\t\t\t\t\t        <h2 class=\"h3\">Mantenha-se atualizado sobre Acondroplasia\n<\/h2>\n\t\t\t\t\t\t    \t\t\t\t\t\t    \t\t\t\t\t    <\/div>\n\t\t\t\t\t                                <div class=\"content-block\">\n                                <p><a class=\"button button-ghost button-arrow\" href=\"https:\/\/hcp.biomarin.com\/pt-br\/achondroplasia\/mantenha-se-atualizado\/\" target=\"_self\">Mantenha-se atualizado<\/a><\/p>\n                            <\/div>\n\t\t\t\t\t                        <\/div>\n\t\t\t\t<\/div>\n\t\t\t<\/div>\n\t\t<\/div>\n\t<\/div>\n<\/div>\n\n<div id=\"acf-block-64256295cee18\" class=\"block print-page\">\n    <div class=\"wrapper\">\n        <div class=\"inner-wrapper\">\n            <p><a class=\"button button-print\" href=\"#\">Imprima esta p\u00e1gina<\/a><\/p>\n        <\/div>\n    <\/div>\n<\/div>","protected":false},"excerpt":{"rendered":"","protected":false},"author":2,"featured_media":0,"parent":0,"menu_order":0,"comment_status":"closed","ping_status":"closed","template":"","meta":{"_acf_changed":false,"inline_featured_image":false,"footnotes":""},"class_list":["post-25","page","type-page","status-publish","hentry"],"acf":[],"yoast_head":"<!-- This site is optimized with the Yoast SEO plugin v27.4 - https:\/\/yoast.com\/product\/yoast-seo-wordpress\/ -->\n<title>Acondroplasia | Recursos<\/title>\n<meta name=\"description\" content=\"Aprofunde seu conhecimento sobre acondroplasia com materiais educativos e muito mais para download.\" \/>\n<meta name=\"robots\" content=\"index, follow, max-snippet:-1, max-image-preview:large, max-video-preview:-1\" \/>\n<link rel=\"canonical\" href=\"https:\/\/hcp.biomarin.com\/pt-br\/achondroplasia\/recursos\/\" \/>\n<meta property=\"og:locale\" content=\"pt_BR\" \/>\n<meta property=\"og:type\" content=\"article\" \/>\n<meta property=\"og:title\" content=\"Acondroplasia | Recursos\" \/>\n<meta property=\"og:description\" content=\"Aprofunde seu conhecimento sobre acondroplasia com materiais educativos e muito mais para download.\" \/>\n<meta property=\"og:url\" content=\"https:\/\/hcp.biomarin.com\/pt-br\/achondroplasia\/recursos\/\" \/>\n<meta property=\"og:site_name\" content=\"BioMarin ACH DSE HCP PT-BR\" \/>\n<meta property=\"article:publisher\" content=\"https:\/\/www.facebook.com\/BioMarinOfficial\/\" \/>\n<meta property=\"article:modified_time\" content=\"2025-04-24T16:19:59+00:00\" \/>\n<meta name=\"twitter:card\" content=\"summary_large_image\" \/>\n<script type=\"application\/ld+json\" class=\"yoast-schema-graph\">{\"@context\":\"https:\\\/\\\/schema.org\",\"@graph\":[{\"@type\":\"WebPage\",\"@id\":\"https:\\\/\\\/hcp.biomarin.com\\\/pt-br\\\/achondroplasia\\\/recursos\\\/\",\"url\":\"https:\\\/\\\/hcp.biomarin.com\\\/pt-br\\\/achondroplasia\\\/recursos\\\/\",\"name\":\"Acondroplasia | Recursos\",\"isPartOf\":{\"@id\":\"https:\\\/\\\/hcp.biomarin.com\\\/pt-br\\\/achondroplasia\\\/#website\"},\"datePublished\":\"2022-11-03T18:35:42+00:00\",\"dateModified\":\"2025-04-24T16:19:59+00:00\",\"description\":\"Aprofunde seu conhecimento sobre acondroplasia com materiais educativos e muito mais para download.\",\"breadcrumb\":{\"@id\":\"https:\\\/\\\/hcp.biomarin.com\\\/pt-br\\\/achondroplasia\\\/recursos\\\/#breadcrumb\"},\"inLanguage\":\"pt-BR\",\"potentialAction\":[{\"@type\":\"ReadAction\",\"target\":[\"https:\\\/\\\/hcp.biomarin.com\\\/pt-br\\\/achondroplasia\\\/recursos\\\/\"]}]},{\"@type\":\"BreadcrumbList\",\"@id\":\"https:\\\/\\\/hcp.biomarin.com\\\/pt-br\\\/achondroplasia\\\/recursos\\\/#breadcrumb\",\"itemListElement\":[{\"@type\":\"ListItem\",\"position\":1,\"name\":\"Home\",\"item\":\"https:\\\/\\\/hcp.biomarin.com\\\/pt-br\\\/achondroplasia\\\/\"},{\"@type\":\"ListItem\",\"position\":2,\"name\":\"Recursos\"}]},{\"@type\":\"WebSite\",\"@id\":\"https:\\\/\\\/hcp.biomarin.com\\\/pt-br\\\/achondroplasia\\\/#website\",\"url\":\"https:\\\/\\\/hcp.biomarin.com\\\/pt-br\\\/achondroplasia\\\/\",\"name\":\"BioMarin ACH DSE HCP PT-BR\",\"description\":\"\",\"publisher\":{\"@id\":\"https:\\\/\\\/hcp.biomarin.com\\\/pt-br\\\/achondroplasia\\\/#organization\"},\"potentialAction\":[{\"@type\":\"SearchAction\",\"target\":{\"@type\":\"EntryPoint\",\"urlTemplate\":\"https:\\\/\\\/hcp.biomarin.com\\\/pt-br\\\/achondroplasia\\\/?s={search_term_string}\"},\"query-input\":{\"@type\":\"PropertyValueSpecification\",\"valueRequired\":true,\"valueName\":\"search_term_string\"}}],\"inLanguage\":\"pt-BR\"},{\"@type\":\"Organization\",\"@id\":\"https:\\\/\\\/hcp.biomarin.com\\\/pt-br\\\/achondroplasia\\\/#organization\",\"name\":\"BioMarin\",\"url\":\"https:\\\/\\\/hcp.biomarin.com\\\/pt-br\\\/achondroplasia\\\/\",\"logo\":{\"@type\":\"ImageObject\",\"inLanguage\":\"pt-BR\",\"@id\":\"https:\\\/\\\/hcp.biomarin.com\\\/pt-br\\\/achondroplasia\\\/#\\\/schema\\\/logo\\\/image\\\/\",\"url\":\"https:\\\/\\\/hcp.biomarin.com\\\/pt-br\\\/achondroplasia\\\/wp-content\\\/uploads\\\/sites\\\/8\\\/2023\\\/01\\\/biomarin-logo.svg\",\"contentUrl\":\"https:\\\/\\\/hcp.biomarin.com\\\/pt-br\\\/achondroplasia\\\/wp-content\\\/uploads\\\/sites\\\/8\\\/2023\\\/01\\\/biomarin-logo.svg\",\"width\":\"1024\",\"height\":\"1024\",\"caption\":\"BioMarin\"},\"image\":{\"@id\":\"https:\\\/\\\/hcp.biomarin.com\\\/pt-br\\\/achondroplasia\\\/#\\\/schema\\\/logo\\\/image\\\/\"},\"sameAs\":[\"https:\\\/\\\/www.facebook.com\\\/BioMarinOfficial\\\/\",\"https:\\\/\\\/www.linkedin.com\\\/company\\\/biomarin\"]}]}<\/script>\n<!-- \/ Yoast SEO plugin. -->","yoast_head_json":{"title":"Acondroplasia | Recursos","description":"Aprofunde seu conhecimento sobre acondroplasia com materiais educativos e muito mais para download.","robots":{"index":"index","follow":"follow","max-snippet":"max-snippet:-1","max-image-preview":"max-image-preview:large","max-video-preview":"max-video-preview:-1"},"canonical":"https:\/\/hcp.biomarin.com\/pt-br\/achondroplasia\/recursos\/","og_locale":"pt_BR","og_type":"article","og_title":"Acondroplasia | Recursos","og_description":"Aprofunde seu conhecimento sobre acondroplasia com materiais educativos e muito mais para download.","og_url":"https:\/\/hcp.biomarin.com\/pt-br\/achondroplasia\/recursos\/","og_site_name":"BioMarin ACH DSE HCP PT-BR","article_publisher":"https:\/\/www.facebook.com\/BioMarinOfficial\/","article_modified_time":"2025-04-24T16:19:59+00:00","twitter_card":"summary_large_image","schema":{"@context":"https:\/\/schema.org","@graph":[{"@type":"WebPage","@id":"https:\/\/hcp.biomarin.com\/pt-br\/achondroplasia\/recursos\/","url":"https:\/\/hcp.biomarin.com\/pt-br\/achondroplasia\/recursos\/","name":"Acondroplasia | Recursos","isPartOf":{"@id":"https:\/\/hcp.biomarin.com\/pt-br\/achondroplasia\/#website"},"datePublished":"2022-11-03T18:35:42+00:00","dateModified":"2025-04-24T16:19:59+00:00","description":"Aprofunde seu conhecimento sobre acondroplasia com materiais educativos e muito mais para download.","breadcrumb":{"@id":"https:\/\/hcp.biomarin.com\/pt-br\/achondroplasia\/recursos\/#breadcrumb"},"inLanguage":"pt-BR","potentialAction":[{"@type":"ReadAction","target":["https:\/\/hcp.biomarin.com\/pt-br\/achondroplasia\/recursos\/"]}]},{"@type":"BreadcrumbList","@id":"https:\/\/hcp.biomarin.com\/pt-br\/achondroplasia\/recursos\/#breadcrumb","itemListElement":[{"@type":"ListItem","position":1,"name":"Home","item":"https:\/\/hcp.biomarin.com\/pt-br\/achondroplasia\/"},{"@type":"ListItem","position":2,"name":"Recursos"}]},{"@type":"WebSite","@id":"https:\/\/hcp.biomarin.com\/pt-br\/achondroplasia\/#website","url":"https:\/\/hcp.biomarin.com\/pt-br\/achondroplasia\/","name":"BioMarin ACH DSE HCP PT-BR","description":"","publisher":{"@id":"https:\/\/hcp.biomarin.com\/pt-br\/achondroplasia\/#organization"},"potentialAction":[{"@type":"SearchAction","target":{"@type":"EntryPoint","urlTemplate":"https:\/\/hcp.biomarin.com\/pt-br\/achondroplasia\/?s={search_term_string}"},"query-input":{"@type":"PropertyValueSpecification","valueRequired":true,"valueName":"search_term_string"}}],"inLanguage":"pt-BR"},{"@type":"Organization","@id":"https:\/\/hcp.biomarin.com\/pt-br\/achondroplasia\/#organization","name":"BioMarin","url":"https:\/\/hcp.biomarin.com\/pt-br\/achondroplasia\/","logo":{"@type":"ImageObject","inLanguage":"pt-BR","@id":"https:\/\/hcp.biomarin.com\/pt-br\/achondroplasia\/#\/schema\/logo\/image\/","url":"https:\/\/hcp.biomarin.com\/pt-br\/achondroplasia\/wp-content\/uploads\/sites\/8\/2023\/01\/biomarin-logo.svg","contentUrl":"https:\/\/hcp.biomarin.com\/pt-br\/achondroplasia\/wp-content\/uploads\/sites\/8\/2023\/01\/biomarin-logo.svg","width":"1024","height":"1024","caption":"BioMarin"},"image":{"@id":"https:\/\/hcp.biomarin.com\/pt-br\/achondroplasia\/#\/schema\/logo\/image\/"},"sameAs":["https:\/\/www.facebook.com\/BioMarinOfficial\/","https:\/\/www.linkedin.com\/company\/biomarin"]}]}},"_links":{"self":[{"href":"https:\/\/hcp.biomarin.com\/pt-br\/achondroplasia\/wp-json\/wp\/v2\/pages\/25","targetHints":{"allow":["GET"]}}],"collection":[{"href":"https:\/\/hcp.biomarin.com\/pt-br\/achondroplasia\/wp-json\/wp\/v2\/pages"}],"about":[{"href":"https:\/\/hcp.biomarin.com\/pt-br\/achondroplasia\/wp-json\/wp\/v2\/types\/page"}],"author":[{"embeddable":true,"href":"https:\/\/hcp.biomarin.com\/pt-br\/achondroplasia\/wp-json\/wp\/v2\/users\/2"}],"replies":[{"embeddable":true,"href":"https:\/\/hcp.biomarin.com\/pt-br\/achondroplasia\/wp-json\/wp\/v2\/comments?post=25"}],"version-history":[{"count":189,"href":"https:\/\/hcp.biomarin.com\/pt-br\/achondroplasia\/wp-json\/wp\/v2\/pages\/25\/revisions"}],"predecessor-version":[{"id":3055,"href":"https:\/\/hcp.biomarin.com\/pt-br\/achondroplasia\/wp-json\/wp\/v2\/pages\/25\/revisions\/3055"}],"wp:attachment":[{"href":"https:\/\/hcp.biomarin.com\/pt-br\/achondroplasia\/wp-json\/wp\/v2\/media?parent=25"}],"curies":[{"name":"wp","href":"https:\/\/api.w.org\/{rel}","templated":true}]}}