{"id":21,"date":"2022-11-03T18:34:48","date_gmt":"2022-11-03T18:34:48","guid":{"rendered":"https:\/\/achdsehcp-dev-001.azurewebsites.net\/en-us\/achondroplasia\/?page_id=21"},"modified":"2024-04-16T15:59:14","modified_gmt":"2024-04-16T15:59:14","slug":"manejo-e-acompanhamento","status":"publish","type":"page","link":"https:\/\/hcp.biomarin.com\/pt-br\/achondroplasia\/manejo-e-acompanhamento\/","title":{"rendered":"Manejo e Acompanhamento"},"content":{"rendered":"<div id=\"Assist\u00eancia-M\u00e9dica\" class=\"hero hero-no-overlay\">\n            <div class=\"hero-background-image hero-background-image-desktop\" style=\"background-image: url(https:\/\/hcp.biomarin.com\/pt-br\/achondroplasia\/wp-content\/uploads\/sites\/8\/2022\/11\/management_hero.jpg?v=0.122);\"><\/div>\n\t    <div class=\"hero-background-image hero-background-image-mobile\" style=\"background-image: url(https:\/\/hcp.biomarin.com\/pt-br\/achondroplasia\/wp-content\/uploads\/sites\/8\/2022\/11\/management_hero.jpg?v=0.122);\"><\/div>\n    \t<div class=\"overlay\"><\/div>\n\t<div class=\"wrapper\">\n\t\t<div class=\"inner-wrapper\">\n\t\t\t<div class=\"hero-content\">\n\t\t\t    \t\t\t\t\t\t\t\t\t\t\t\t    <h1>O cuidado da acondroplasia come\u00e7a com voc\u00ea, profissional de sa\u00fade\n<\/h1>\n\t\t\t\t\t\t\t\t\t\t\t\t    <p>Pais, cuidadores e indiv\u00edduos com acondroplasia podem precisar de uma comunidade m\u00e9dica forte desde o primeiro dia<sup>1<\/sup><\/p>\n\t\t\t\t\t\t\t\t\n                <p class=\"inline-buttons\">\n                                                        <\/p>\n\t\t\t\t\t\t\t<\/div>\n\t\t<\/div>\n\t<\/div>\n<\/div>\n\n\n<div id=\"acf-block-6425cdeccc222\" class=\"block wrapped-content\">\n    <div class=\"wrapper\">\n        <div class=\"inner-wrapper\">\n                \n<div id=\"acf-block-64255ff01debd\" class=\"block-wysiwyg\">\n            <h2>A acondroplasia resulta em complica\u00e7\u00f5es multissist\u00eamicas que precisam de uma equipe multidisciplinar familiarizada com as melhores pr\u00e1ticas de seu tratamento.<\/h2>\n<p>Para garantir a coordena\u00e7\u00e3o do tratamento, \u00e9 importante que pais, cuidadores e pacientes contem com um especialista confi\u00e1vel no centro do seu tratamento.<sup>1-5<\/sup><\/p>\n    <\/div>\n\n<figure id=\"acf-block-64255ff01ded6\">\n    <div class=\"image image-rounded image-align-left\">\n                    <img decoding=\"async\" class=\"\" src=\"https:\/\/hcp.biomarin.com\/pt-br\/achondroplasia\/wp-content\/uploads\/sites\/8\/2024\/04\/Manejo_e_Acompanhamento_@2x-1900x1176.png\" alt=\"\" \/>            <\/div>\n    <\/figure>\n        <\/div>\n    <\/div>\n<\/div>\n\n<div id=\"acf-block-64255ff01fcd0\" class=\"block boxed-content quiz block-tight-top block-tight-bottom\">\n    <div class=\"wrapper\">\n        <div class=\"inner-wrapper\">\n            <div class=\"box\">\n\t\t\t\t<div class=\"quiz-question\">\n                    \t\t\t\t\t    <h2>Teste o seu conhecimento\n<\/h2>\n\t\t\t\t\t\n\t\t\t\t\t\t\t\t\t\t    <p class=\"p1\">Por ser fator de risco para morte s\u00fabita, a compress\u00e3o cervicomedular deve ser monitorada atentamente em quais faixas et\u00e1rias?<\/p>\n\t\t\t\t\t\n                                            <div class=\"quiz-question-responses\">\n                                                                                                                                                            <a class=\"button button-ghost\" href=\"#\" data-correct-answer=\"false\">\n                                    Crian\u00e7as (5-14 anos) e Adultos (18 ou mais anos)\n                                <\/a>\n                                                                                                                                                            <a class=\"button button-ghost\" href=\"#\" data-correct-answer=\"true\">\n                                    Lactentes (nascimento &#8211; 2 anos) e Crian\u00e7as na primeira inf\u00e2ncia (3-4 anos)\n                                <\/a>\n                                                                                                                                                            <a class=\"button button-ghost\" href=\"#\" data-correct-answer=\"false\">\n                                    Crian\u00e7as (5-14 anos) e Adolescentes (14-18 anos)\n                                <\/a>\n                                                                                                                                                            <a class=\"button button-ghost\" href=\"#\" data-correct-answer=\"false\">\n                                    Adolescentes (14-18 anos) e adultos (18 ou mais anos)\n                                <\/a>\n                                                    <\/div>\n\t\t\t\t\t\n                                            <div class=\"quiz-question-submit\">\n                            <p><a class=\"button\" href=\"#\">Enviar<\/a><\/p>\n                        <\/div>\n\t\t\t\t\t\t\t\t\t<\/div>\n\n\t\t\t\t<div class=\"quiz-answer\" style=\"display:none;\">\n\t\t\t\t    \t\t\t\t        \t\t\t\t\t    <p class=\"quiz-answer-choice\">Voc\u00ea escolheu: %choice%\n<\/p>\n\t\t\t\t\t\n\t\t\t\t\t\t\t\t\t\t    <div class=\"split-content\">\n                            <div class=\"wrapper\">\n                                <div class=\"inner-wrapper\">\n                                    <div class=\"content-block\">\n                                                                                    <h2 class=\"correct\" style=\"display:none;\">Correto!\n<\/h2>\n                                        \n                                                                                    <h2 class=\"incorrect\" style=\"display:none;\">N\u00e3o est\u00e1 correto &#8211; a resposta correta \u00e9 %answer%\n<\/h2>\n                                        \n                                                                                    <p class=\"p1\">Beb\u00eas e crian\u00e7as pequenas correm um risco maior de morte s\u00fabita devido \u00e0 compress\u00e3o cervicomedular no forame magno e as crian\u00e7as com acondroplasia enfrentam complica\u00e7\u00f5es m\u00fasculo-esquel\u00e9ticas, otorrinolaringol\u00f3gicas, neurol\u00f3gicas e espinhais &#8211; algumas das quais podem necessitar de cirurgia.<sup>1-3<\/sup><\/p>\n                                                                            <\/div>\n                                    <div class=\"content-block\">\n                                                                                    <figure>\n                                                <div class=\"image\">\n                                                    <img decoding=\"async\" class=\"\" src=\"https:\/\/hcp.biomarin.com\/pt-br\/achondroplasia\/wp-content\/uploads\/sites\/8\/2023\/03\/Screenshot_2023-03-30_at_11.04.11-removebg-preview-1.png?v=0.122\" alt=\"\" \/>                                                <\/div>\n                                            <\/figure>\n                                                                            <\/div>\n                                <\/div>\n                            <\/div>\n                        <\/div>\n\t\t\t\t\t\n\t\t\t\t\t                        <p class=\"references\">\n                            <a class=\"quiz-references-modal\" href=\"#quiz-references-modal\">Refer\u00eancias<\/a>\n                        <\/p>\n                        <div id=\"quiz-references-modal\" class=\"quiz-references white-popup-block mfp-hide\">\n                            <div class=\"box references\">\n                                <p><a class=\"modal-close\" href=\"#\">Close references<\/a><\/p>\n                                                                    <h2>Refer\u00eancias:\n<\/h2>\n                                                                <ol>\n                                                                                                                                                                                                        <li><span>Pauli RM. Achondroplasia: a comprehensive clinical review.\u202fOrphanet J Rare Dis. 2019;14(1):1. Published 2019 Jan 3. doi:10.1186\/s13023-018-0972-6.\n<\/span><\/li>\n                                                                                                                                                                                                                                                <li><span>Wynn J, King TM, Gambello MJ, Waller DK, Hecht JT. Mortality in achondroplasia study: a 42-year follow-up.\u202fAm J Med Genet A. 2007;143A(21):2502-2511. doi:10.1002\/ajmg.a.31919.\n<\/span><\/li>\n                                                                                                                                                                                                                                                <li><span>Ednick M, Tinkle BT, Phromchairak J, Egelhoff J, Amin R, Simakajornboon N. Sleep-related respiratory abnormalities and arousal pattern in achondroplasia during early infancy.\u202fJ Pediatr. 2009;155(4):510-515. doi:10.1016\/j.jpeds.2009.04.031.\n<\/span><\/li>\n                                                                                                            <\/ol>\n                            <\/div>\n                        <\/div>\n\t\t\t\t\t\t\t\t\t<\/div>\n\t\t\t<\/div>\n        <\/div>\n    <\/div>\n<\/div>\n\n<div id=\"acf-block-64255ff01fd20\" class=\"block references\">\n    <div class=\"wrapper\">\n\t\t<div class=\"inner-wrapper\">\n\t\t    \t\t\t    <h4>Refer\u00eancias:\n<\/h4>\n\t\t\t\t\t\t                <ol>\n                                                                                                                        <li><span>Hoover-Fong J, Scott CI, Jones MC; Committee on Genetics. Health supervision for people with achondroplasia. <em>Pediatrics<\/em>. 2020;145(6):e20201010.\n<\/span><\/li>\n                                                                                                                                                <li><span>Ireland PJ, Pacey V, Zankl A, Edwards P, Johnston LM, Savarirayan R. Optimal management of complications associated with achondroplasia. <em>Appl Clin Genet<\/em>em. 2014;7:117-125. Published online June 24, 2014.  \n<\/span><\/li>\n                                                                                                                                                <li><span>Hunter AG, Bankier A, Rogers JG, Sillence D, Scott CI Jr. Medical complications of achondroplasia: a multicentre patient review. <em>J Med Genet<\/em>. 1998;35(9):705-712. \n<\/span><\/li>\n                                                                                                                                                <li><span>Wright MJ, Irving MD. Clinical management of achondroplasia. <em>Arch Dis Child<\/em>. 2012;97(2):129-134. \n<\/span><\/li>\n                                                                                                                                                <li><span> Unger S, Bonaf\u00e9 L, Gouze E. Current care and investigational therapies in achondroplasia. <em>Curr Osteoporos Rep<\/em>. 2017;15(2):53-60.\n<\/span><\/li>\n                                                            <\/ol>\n\t\t\t\t\t<\/div>\n\t<\/div>\n<\/div>\n\n<div id=\"acf-block-64255ff01fed7\" class=\"block print-page\">\n    <div class=\"wrapper\">\n        <div class=\"inner-wrapper\">\n            <p><a class=\"button button-print\" href=\"#\">Imprima esta p\u00e1gina<\/a><\/p>\n        <\/div>\n    <\/div>\n<\/div>","protected":false},"excerpt":{"rendered":"","protected":false},"author":2,"featured_media":0,"parent":0,"menu_order":0,"comment_status":"closed","ping_status":"closed","template":"","meta":{"_acf_changed":false,"inline_featured_image":false,"footnotes":""},"class_list":["post-21","page","type-page","status-publish","hentry"],"acf":[],"yoast_head":"<!-- This site is optimized with the Yoast SEO plugin v27.4 - https:\/\/yoast.com\/product\/yoast-seo-wordpress\/ -->\n<title>Acondroplasia | Manejo e Acompanhamento<\/title>\n<meta name=\"description\" content=\"A acondroplasia resulta em complica\u00e7\u00f5es multissist\u00eamicas que precisam de uma equipe multidisciplinar familiarizada com as melhores pr\u00e1ticas de seu tratamento.\" \/>\n<meta name=\"robots\" content=\"index, follow, max-snippet:-1, max-image-preview:large, max-video-preview:-1\" \/>\n<link rel=\"canonical\" href=\"https:\/\/hcp.biomarin.com\/pt-br\/achondroplasia\/manejo-e-acompanhamento\/\" \/>\n<meta property=\"og:locale\" content=\"pt_BR\" \/>\n<meta property=\"og:type\" content=\"article\" \/>\n<meta property=\"og:title\" content=\"Acondroplasia | Manejo e Acompanhamento\" \/>\n<meta property=\"og:description\" content=\"A acondroplasia resulta em complica\u00e7\u00f5es multissist\u00eamicas que precisam de uma equipe multidisciplinar familiarizada com as melhores pr\u00e1ticas de seu tratamento.\" \/>\n<meta property=\"og:url\" content=\"https:\/\/hcp.biomarin.com\/pt-br\/achondroplasia\/manejo-e-acompanhamento\/\" \/>\n<meta property=\"og:site_name\" content=\"BioMarin ACH DSE HCP PT-BR\" \/>\n<meta property=\"article:publisher\" content=\"https:\/\/www.facebook.com\/BioMarinOfficial\/\" \/>\n<meta property=\"article:modified_time\" content=\"2024-04-16T15:59:14+00:00\" \/>\n<meta name=\"twitter:card\" content=\"summary_large_image\" \/>\n<script type=\"application\/ld+json\" class=\"yoast-schema-graph\">{\"@context\":\"https:\\\/\\\/schema.org\",\"@graph\":[{\"@type\":\"WebPage\",\"@id\":\"https:\\\/\\\/hcp.biomarin.com\\\/pt-br\\\/achondroplasia\\\/manejo-e-acompanhamento\\\/\",\"url\":\"https:\\\/\\\/hcp.biomarin.com\\\/pt-br\\\/achondroplasia\\\/manejo-e-acompanhamento\\\/\",\"name\":\"Acondroplasia | Manejo e Acompanhamento\",\"isPartOf\":{\"@id\":\"https:\\\/\\\/hcp.biomarin.com\\\/pt-br\\\/achondroplasia\\\/#website\"},\"datePublished\":\"2022-11-03T18:34:48+00:00\",\"dateModified\":\"2024-04-16T15:59:14+00:00\",\"description\":\"A acondroplasia resulta em complica\u00e7\u00f5es multissist\u00eamicas que precisam de uma equipe multidisciplinar familiarizada com as melhores pr\u00e1ticas de seu tratamento.\",\"breadcrumb\":{\"@id\":\"https:\\\/\\\/hcp.biomarin.com\\\/pt-br\\\/achondroplasia\\\/manejo-e-acompanhamento\\\/#breadcrumb\"},\"inLanguage\":\"pt-BR\",\"potentialAction\":[{\"@type\":\"ReadAction\",\"target\":[\"https:\\\/\\\/hcp.biomarin.com\\\/pt-br\\\/achondroplasia\\\/manejo-e-acompanhamento\\\/\"]}]},{\"@type\":\"BreadcrumbList\",\"@id\":\"https:\\\/\\\/hcp.biomarin.com\\\/pt-br\\\/achondroplasia\\\/manejo-e-acompanhamento\\\/#breadcrumb\",\"itemListElement\":[{\"@type\":\"ListItem\",\"position\":1,\"name\":\"Home\",\"item\":\"https:\\\/\\\/hcp.biomarin.com\\\/pt-br\\\/achondroplasia\\\/\"},{\"@type\":\"ListItem\",\"position\":2,\"name\":\"Manejo e Acompanhamento\"}]},{\"@type\":\"WebSite\",\"@id\":\"https:\\\/\\\/hcp.biomarin.com\\\/pt-br\\\/achondroplasia\\\/#website\",\"url\":\"https:\\\/\\\/hcp.biomarin.com\\\/pt-br\\\/achondroplasia\\\/\",\"name\":\"BioMarin ACH DSE HCP PT-BR\",\"description\":\"\",\"publisher\":{\"@id\":\"https:\\\/\\\/hcp.biomarin.com\\\/pt-br\\\/achondroplasia\\\/#organization\"},\"potentialAction\":[{\"@type\":\"SearchAction\",\"target\":{\"@type\":\"EntryPoint\",\"urlTemplate\":\"https:\\\/\\\/hcp.biomarin.com\\\/pt-br\\\/achondroplasia\\\/?s={search_term_string}\"},\"query-input\":{\"@type\":\"PropertyValueSpecification\",\"valueRequired\":true,\"valueName\":\"search_term_string\"}}],\"inLanguage\":\"pt-BR\"},{\"@type\":\"Organization\",\"@id\":\"https:\\\/\\\/hcp.biomarin.com\\\/pt-br\\\/achondroplasia\\\/#organization\",\"name\":\"BioMarin\",\"url\":\"https:\\\/\\\/hcp.biomarin.com\\\/pt-br\\\/achondroplasia\\\/\",\"logo\":{\"@type\":\"ImageObject\",\"inLanguage\":\"pt-BR\",\"@id\":\"https:\\\/\\\/hcp.biomarin.com\\\/pt-br\\\/achondroplasia\\\/#\\\/schema\\\/logo\\\/image\\\/\",\"url\":\"https:\\\/\\\/hcp.biomarin.com\\\/pt-br\\\/achondroplasia\\\/wp-content\\\/uploads\\\/sites\\\/8\\\/2023\\\/01\\\/biomarin-logo.svg\",\"contentUrl\":\"https:\\\/\\\/hcp.biomarin.com\\\/pt-br\\\/achondroplasia\\\/wp-content\\\/uploads\\\/sites\\\/8\\\/2023\\\/01\\\/biomarin-logo.svg\",\"width\":\"1024\",\"height\":\"1024\",\"caption\":\"BioMarin\"},\"image\":{\"@id\":\"https:\\\/\\\/hcp.biomarin.com\\\/pt-br\\\/achondroplasia\\\/#\\\/schema\\\/logo\\\/image\\\/\"},\"sameAs\":[\"https:\\\/\\\/www.facebook.com\\\/BioMarinOfficial\\\/\",\"https:\\\/\\\/www.linkedin.com\\\/company\\\/biomarin\"]}]}<\/script>\n<!-- \/ Yoast SEO plugin. -->","yoast_head_json":{"title":"Acondroplasia | Manejo e Acompanhamento","description":"A acondroplasia resulta em complica\u00e7\u00f5es multissist\u00eamicas que precisam de uma equipe multidisciplinar familiarizada com as melhores pr\u00e1ticas de seu tratamento.","robots":{"index":"index","follow":"follow","max-snippet":"max-snippet:-1","max-image-preview":"max-image-preview:large","max-video-preview":"max-video-preview:-1"},"canonical":"https:\/\/hcp.biomarin.com\/pt-br\/achondroplasia\/manejo-e-acompanhamento\/","og_locale":"pt_BR","og_type":"article","og_title":"Acondroplasia | Manejo e Acompanhamento","og_description":"A acondroplasia resulta em complica\u00e7\u00f5es multissist\u00eamicas que precisam de uma equipe multidisciplinar familiarizada com as melhores pr\u00e1ticas de seu tratamento.","og_url":"https:\/\/hcp.biomarin.com\/pt-br\/achondroplasia\/manejo-e-acompanhamento\/","og_site_name":"BioMarin ACH DSE HCP PT-BR","article_publisher":"https:\/\/www.facebook.com\/BioMarinOfficial\/","article_modified_time":"2024-04-16T15:59:14+00:00","twitter_card":"summary_large_image","schema":{"@context":"https:\/\/schema.org","@graph":[{"@type":"WebPage","@id":"https:\/\/hcp.biomarin.com\/pt-br\/achondroplasia\/manejo-e-acompanhamento\/","url":"https:\/\/hcp.biomarin.com\/pt-br\/achondroplasia\/manejo-e-acompanhamento\/","name":"Acondroplasia | Manejo e Acompanhamento","isPartOf":{"@id":"https:\/\/hcp.biomarin.com\/pt-br\/achondroplasia\/#website"},"datePublished":"2022-11-03T18:34:48+00:00","dateModified":"2024-04-16T15:59:14+00:00","description":"A acondroplasia resulta em complica\u00e7\u00f5es multissist\u00eamicas que precisam de uma equipe multidisciplinar familiarizada com as melhores pr\u00e1ticas de seu tratamento.","breadcrumb":{"@id":"https:\/\/hcp.biomarin.com\/pt-br\/achondroplasia\/manejo-e-acompanhamento\/#breadcrumb"},"inLanguage":"pt-BR","potentialAction":[{"@type":"ReadAction","target":["https:\/\/hcp.biomarin.com\/pt-br\/achondroplasia\/manejo-e-acompanhamento\/"]}]},{"@type":"BreadcrumbList","@id":"https:\/\/hcp.biomarin.com\/pt-br\/achondroplasia\/manejo-e-acompanhamento\/#breadcrumb","itemListElement":[{"@type":"ListItem","position":1,"name":"Home","item":"https:\/\/hcp.biomarin.com\/pt-br\/achondroplasia\/"},{"@type":"ListItem","position":2,"name":"Manejo e Acompanhamento"}]},{"@type":"WebSite","@id":"https:\/\/hcp.biomarin.com\/pt-br\/achondroplasia\/#website","url":"https:\/\/hcp.biomarin.com\/pt-br\/achondroplasia\/","name":"BioMarin ACH DSE HCP PT-BR","description":"","publisher":{"@id":"https:\/\/hcp.biomarin.com\/pt-br\/achondroplasia\/#organization"},"potentialAction":[{"@type":"SearchAction","target":{"@type":"EntryPoint","urlTemplate":"https:\/\/hcp.biomarin.com\/pt-br\/achondroplasia\/?s={search_term_string}"},"query-input":{"@type":"PropertyValueSpecification","valueRequired":true,"valueName":"search_term_string"}}],"inLanguage":"pt-BR"},{"@type":"Organization","@id":"https:\/\/hcp.biomarin.com\/pt-br\/achondroplasia\/#organization","name":"BioMarin","url":"https:\/\/hcp.biomarin.com\/pt-br\/achondroplasia\/","logo":{"@type":"ImageObject","inLanguage":"pt-BR","@id":"https:\/\/hcp.biomarin.com\/pt-br\/achondroplasia\/#\/schema\/logo\/image\/","url":"https:\/\/hcp.biomarin.com\/pt-br\/achondroplasia\/wp-content\/uploads\/sites\/8\/2023\/01\/biomarin-logo.svg","contentUrl":"https:\/\/hcp.biomarin.com\/pt-br\/achondroplasia\/wp-content\/uploads\/sites\/8\/2023\/01\/biomarin-logo.svg","width":"1024","height":"1024","caption":"BioMarin"},"image":{"@id":"https:\/\/hcp.biomarin.com\/pt-br\/achondroplasia\/#\/schema\/logo\/image\/"},"sameAs":["https:\/\/www.facebook.com\/BioMarinOfficial\/","https:\/\/www.linkedin.com\/company\/biomarin"]}]}},"_links":{"self":[{"href":"https:\/\/hcp.biomarin.com\/pt-br\/achondroplasia\/wp-json\/wp\/v2\/pages\/21","targetHints":{"allow":["GET"]}}],"collection":[{"href":"https:\/\/hcp.biomarin.com\/pt-br\/achondroplasia\/wp-json\/wp\/v2\/pages"}],"about":[{"href":"https:\/\/hcp.biomarin.com\/pt-br\/achondroplasia\/wp-json\/wp\/v2\/types\/page"}],"author":[{"embeddable":true,"href":"https:\/\/hcp.biomarin.com\/pt-br\/achondroplasia\/wp-json\/wp\/v2\/users\/2"}],"replies":[{"embeddable":true,"href":"https:\/\/hcp.biomarin.com\/pt-br\/achondroplasia\/wp-json\/wp\/v2\/comments?post=21"}],"version-history":[{"count":157,"href":"https:\/\/hcp.biomarin.com\/pt-br\/achondroplasia\/wp-json\/wp\/v2\/pages\/21\/revisions"}],"predecessor-version":[{"id":3002,"href":"https:\/\/hcp.biomarin.com\/pt-br\/achondroplasia\/wp-json\/wp\/v2\/pages\/21\/revisions\/3002"}],"wp:attachment":[{"href":"https:\/\/hcp.biomarin.com\/pt-br\/achondroplasia\/wp-json\/wp\/v2\/media?parent=21"}],"curies":[{"name":"wp","href":"https:\/\/api.w.org\/{rel}","templated":true}]}}