{"id":5,"date":"2022-11-01T12:17:44","date_gmt":"2022-11-01T12:17:44","guid":{"rendered":"https:\/\/achdsehcp-dev-001.azurewebsites.net\/en-us\/achondroplasia\/?page_id=5"},"modified":"2024-02-28T10:41:40","modified_gmt":"2024-02-28T10:41:40","slug":"home","status":"publish","type":"page","link":"https:\/\/hcp.biomarin.com\/fr-fr\/achondroplasia\/","title":{"rendered":"Home"},"content":{"rendered":"<div id=\"acf-block-63f4e69734bf1\" class=\"hero hero-no-overlay pull-bottom\">\n            <div class=\"hero-background-image hero-background-image-desktop\" style=\"background-image: url(https:\/\/hcp.biomarin.com\/fr-fr\/achondroplasia\/wp-content\/uploads\/sites\/3\/2022\/11\/Resources-Hero.jpg?v=0.122);\"><\/div>\n\t    <div class=\"hero-background-image hero-background-image-mobile\" style=\"background-image: url(https:\/\/hcp.biomarin.com\/fr-fr\/achondroplasia\/wp-content\/uploads\/sites\/3\/2022\/12\/mobile_bg.png?v=0.122);\"><\/div>\n    \t<div class=\"overlay\"><\/div>\n\t<div class=\"wrapper\">\n\t\t<div class=\"inner-wrapper\">\n\t\t\t<div class=\"hero-content\">\n\t\t\t    \t\t\t\t\t\t\t\t\t\t\t\t    <h1>L\u2019achondroplasie<br \/>\nApprofondir\n<\/h1>\n\t\t\t\t\t\t\t\t\t\t\t\t    <p>Une prise en charge repose sur une vision compl\u00e8te de la maladie<\/p>\n\t\t\t\t\t\t\t\t\n                <p class=\"inline-buttons\">\n                                                        <\/p>\n\t\t\t\t\t\t\t<\/div>\n\t\t<\/div>\n\t<\/div>\n<\/div>\n\n\n<div id=\"acf-block-63f4e69734c47\" class=\"block boxed-content boxed-content-white\">\n\t<div class=\"wrapper\">\n\t\t<div class=\"inner-wrapper\">\n\t\t\t<div class=\"box\">\n\t\t\t\t\t\t\t\t\n<div id=\"acf-block-63f4e69734c66\" class=\"image-text-block bottom-border\">\n            <div class=\"image-block medium\">\n            <figure>\n                <div class=\"image image-rounded\">\n                    <img decoding=\"async\" class=\"\" src=\"https:\/\/hcp.biomarin.com\/fr-fr\/achondroplasia\/wp-content\/uploads\/sites\/3\/2022\/11\/chondrocyte-cell-500-blue-bg.png?v=0.122\" alt=\"chondrocyte cell\" \/>                <\/div>\n            <\/figure>\n        <\/div>\n        <div class=\"content-block\">\n                    <h3>Quelle est la cause de l&rsquo;achondroplasie ?\n<\/h3>\n                            <p>L&rsquo;achondroplasie est le type le plus courant de dysplasie squelettique et se caract\u00e9rise par une alt\u00e9ration de la croissance osseuse endochondrale<sup>1<\/sup><\/p>\n                                            <p><a class=\"button button-arrow\" href=\"https:\/\/hcp.biomarin.com\/fr-fr\/achondroplasia\/cause\/\" target=\"_self\">Croissance osseuse<\/a><\/p>\n                        <\/div>\n<\/div>\n\n<div id=\"acf-block-63f4e69734c86\" class=\"image-text-block bottom-border\">\n            <div class=\"image-block medium\">\n            <figure>\n                <div class=\"image image-rounded\">\n                    <img decoding=\"async\" class=\"\" src=\"https:\/\/hcp.biomarin.com\/fr-fr\/achondroplasia\/wp-content\/uploads\/sites\/3\/2022\/11\/kid-doing-homework.png?v=0.122\" alt=\"A young boy with Achondroplasia sitting at a table doing homework\" \/>                <\/div>\n            <\/figure>\n        <\/div>\n        <div class=\"content-block\">\n                    <h3>Quel est l&rsquo;impact de l&rsquo;achondroplasie ?\n<\/h3>\n                            <p>L\u2019alt\u00e9ration de la croissance osseuse a des r\u00e9percussions physiques, fonctionnelles et psychosociales chez les patients<\/p>\n                                            <p><a class=\"button button-arrow\" href=\"https:\/\/hcp.biomarin.com\/fr-fr\/achondroplasia\/impact\/\" target=\"_self\">Complications multisyst\u00e9miques<\/a><\/p>\n                        <\/div>\n<\/div>\n\n<div id=\"acf-block-63f4e69734c9f\" class=\"image-text-block\">\n            <div class=\"image-block medium\">\n            <figure>\n                <div class=\"image image-rounded\">\n                    <img decoding=\"async\" class=\"\" src=\"https:\/\/hcp.biomarin.com\/fr-fr\/achondroplasia\/wp-content\/uploads\/sites\/3\/2023\/02\/consensus-750x750.png\" alt=\"\" \/>                <\/div>\n            <\/figure>\n        <\/div>\n        <div class=\"content-block\">\n                    <h3>D\u00e9claration de consensus international\n<\/h3>\n                            <p>D\u00e9claration de consensus international sur le diagnostic, la prise en charge multidisciplinaire et les soins tout au long de la vie des personnes atteintes d&rsquo;achondroplasie<\/p>\n                                            <p><a class=\"button button-arrow\" href=\"https:\/\/hcp.biomarin.com\/fr-fr\/achondroplasia\/declaration-de-consensus-international\/\" target=\"_self\"> D\u00e9claration de consensus<\/a><\/p>\n                        <\/div>\n<\/div>\n\t\t\t<\/div>\n\t\t<\/div>\n\t<\/div>\n<\/div>\n\n<div id=\"acf-block-63f4e69734cb0\" class=\"block wrapped-content block-zero-bottom\">\n    <div class=\"wrapper\">\n        <div class=\"inner-wrapper\">\n                \n<div id=\"acf-block-63f4e69734cbf\" class=\"block-wysiwyg\">\n            <h2>Prise en charge de l&rsquo;achondroplasie<\/h2>\n<p>Les parents, les aidants et les personnes atteintes d&rsquo;achondroplasie peuvent avoir besoin d&rsquo;une communaut\u00e9 m\u00e9dicale solide d\u00e8s le premier jour<sup>1<\/sup><\/p>\n    <\/div>\n        <\/div>\n    <\/div>\n<\/div>\n\n<div id=\"acf-block-63f4e69734cd6\" class=\"block cards cards-2-col block-zero-top\">\n\t<div class=\"wrapper\">\n\t\t<div class=\"inner-wrapper\">\n\t\t\t<div class=\"cards-title\">\n\t\t\t    \t\t\t\t\t\t\t<\/div>\n\t\t\t<div class=\"cards-wrapper\">\n\t\t\t    \n<div id=\"acf-block-63f4e69734cf2\" class=\"card card-fixed-button\" data-muted-autoplay=\"false\">\n    \t    \n\n                    <img decoding=\"async\" class=\"card-image\" src=\"https:\/\/hcp.biomarin.com\/fr-fr\/achondroplasia\/wp-content\/uploads\/sites\/3\/2022\/11\/mother-with-child.jpg?v=0.122\" alt=\"mother sat reading with child with Achodroplasia\" \/>        \n\t    <div class=\"card-content\">\n                            <h4>G\u00e9rer l&rsquo;achondroplasie\n<\/h4>\n        \n                                                                                                            <p class=\"p1\">Les professionnels en charge des soins primaires peuvent aider \u00e0 coordonner une approche multidisciplinaire des soins<\/p>\n                                                                                                                                                                                                                                                                        \n                                                                                        <\/div>\n                                <div class=\"card-actions\">\n                            \n                            <p><a class=\"button button-text button-arrow\" href=\"https:\/\/hcp.biomarin.com\/fr-fr\/achondroplasia\/prise-en-charge\/\" target=\"_self\">En savoir plus sur la gestion de l&rsquo;achondroplasie<\/a><\/p>\n                                                                                    <\/div>\n<\/div>\n\n<div id=\"acf-block-63f4e69734d1c\" class=\"card card-fixed-button\" data-muted-autoplay=\"false\">\n    \t    \n\n                    <img decoding=\"async\" class=\"card-image\" src=\"https:\/\/hcp.biomarin.com\/fr-fr\/achondroplasia\/wp-content\/uploads\/sites\/3\/2023\/08\/Complications-France-e1691068175317.png?v=0.122\" alt=\"\" \/>        \n\t    <div class=\"card-content\">\n                            <h4>Ressources\n<\/h4>\n        \n                                                                                                            <p>Tout ce dont vous avez besoin pour approfondir vos connaissances sur l&rsquo;achondroplasie<\/p>\n                                                                                                                                                                                                                                                                        \n                                                                                        <\/div>\n                                <div class=\"card-actions\">\n                            \n                            <p><a class=\"button button-text button-arrow\" href=\"https:\/\/hcp.biomarin.com\/fr-fr\/achondroplasia\/ressources\/\" target=\"_self\">Acc\u00e9der aux fiches d&rsquo;information et aux ressources sur l&rsquo;achondroplasie<\/a><\/p>\n                                                                                    <\/div>\n<\/div>\n\t\t\t<\/div>\n\t\t<\/div>\n\t<\/div>\n<\/div>\n\n<div id=\"acf-block-6423fe33120fb\" class=\"block boxed-content quiz block-tight-top block-tight-bottom\">\n    <div class=\"wrapper\">\n        <div class=\"inner-wrapper\">\n            <div class=\"box\">\n\t\t\t\t<div class=\"quiz-question\">\n                    \t\t\t\t\t    <h2>Testez vos connaissances\n<\/h2>\n\t\t\t\t\t\n\t\t\t\t\t\t\t\t\t\t    <p>L&rsquo;achondroplasie repr\u00e9sente quel pourcentage de nanisme ?<\/p>\n\t\t\t\t\t\n                                            <div class=\"quiz-question-responses\">\n                                                                                                                                                            <a class=\"button button-ghost\" href=\"#\" data-correct-answer=\"false\">\n                                    20%\n                                <\/a>\n                                                                                                                                                            <a class=\"button button-ghost\" href=\"#\" data-correct-answer=\"false\">\n                                    40%\n                                <\/a>\n                                                                                                                                                            <a class=\"button button-ghost\" href=\"#\" data-correct-answer=\"true\">\n                                    90%\n                                <\/a>\n                                                                                                                                                            <a class=\"button button-ghost\" href=\"#\" data-correct-answer=\"false\">\n                                    70%\n                                <\/a>\n                                                    <\/div>\n\t\t\t\t\t\n                                            <div class=\"quiz-question-submit\">\n                            <p><a class=\"button\" href=\"#\">Soumettre<\/a><\/p>\n                        <\/div>\n\t\t\t\t\t\t\t\t\t<\/div>\n\n\t\t\t\t<div class=\"quiz-answer\" style=\"display:none;\">\n\t\t\t\t    \t\t\t\t        \t\t\t\t\t    <p class=\"quiz-answer-choice\">Votre choix: %choice%\n<\/p>\n\t\t\t\t\t\n\t\t\t\t\t                                                    <h2 class=\"correct\" style=\"display:none;\">C&rsquo;est exact !\n<\/h2>\n                                                                            <h2 class=\"incorrect\" style=\"display:none;\">Incorrect\u00a0&#8211; La bonne r\u00e9ponse est %answer%\n<\/h2>\n                                                                            <p>L&rsquo;achondroplasie repr\u00e9sente environ 90 % des cas de nanisme<sup>1<\/sup>, 80 % des cas survenant chez les enfants de parents de taille moyenne.<sup>2<\/sup><\/p>\n                        \n                                                                                                                                        \t\t\t\t\t\n\t\t\t\t\t                        <p class=\"references\">\n                            <a class=\"quiz-references-modal\" href=\"#quiz-references-modal\">R\u00e9f\u00e9rences<\/a>\n                        <\/p>\n                        <div id=\"quiz-references-modal\" class=\"quiz-references white-popup-block mfp-hide\">\n                            <div class=\"box references\">\n                                <p><a class=\"modal-close\" href=\"#\">Fermer les r\u00e9f\u00e9rences<\/a><\/p>\n                                                                    <h2>R\u00e9f\u00e9rences :\n<\/h2>\n                                                                <ol>\n                                                                                                                                                                                                        <li><span>Waller DK, Correa A, Vo TM, et al. The population-based prevalence of achondroplasia and thanatophoric dysplasia in selected regions of the US.\u202fAm J Med Genet A. 2008;146A(18):2385-2389. doi:10.1002\/ajmg.a.32485.\n<\/span><\/li>\n                                                                                                                                                                                                                                                <li><span>Hecht JT, Bodensteiner JB, Butler IJ. Neurologic manifestations of achondroplasia.\u202fHandb Clin Neurol. 2014;119:551-563. doi:10.1016\/B978-0-7020-4086-3.00036-9.\n<\/span><\/li>\n                                                                                                            <\/ol>\n                            <\/div>\n                        <\/div>\n\t\t\t\t\t\t\t\t\t<\/div>\n\t\t\t<\/div>\n        <\/div>\n    <\/div>\n<\/div>\n\n<div id=\"acf-block-63f4e697351af\" class=\"block references\">\n    <div class=\"wrapper\">\n\t\t<div class=\"inner-wrapper\">\n\t\t    \t\t\t    <h4>R\u00e9f\u00e9rence :\n<\/h4>\n\t\t\t\t\t\t                <ol>\n                                                                                                                        <li><span>Hoover-Fong J, Scott CI, Jones MC; Committee on Genetics. Health supervision for people with achondroplasia. <em>Pediatrics<\/em>. 2020;145(6):e20201010.\n<\/span><\/li>\n                                                            <\/ol>\n\t\t\t\t\t<\/div>\n\t<\/div>\n<\/div>\n\n<div id=\"acf-block-6423fe8a2e365\" class=\"block print-page\">\n    <div class=\"wrapper\">\n        <div class=\"inner-wrapper\">\n            <p><a class=\"button button-print\" href=\"#\">Imprimer cette page<\/a><\/p>\n        <\/div>\n    <\/div>\n<\/div>","protected":false},"excerpt":{"rendered":"","protected":false},"author":4,"featured_media":0,"parent":0,"menu_order":0,"comment_status":"closed","ping_status":"closed","template":"","meta":{"_acf_changed":false,"inline_featured_image":false,"footnotes":""},"class_list":["post-5","page","type-page","status-publish","hentry"],"acf":[],"yoast_head":"<!-- This site is optimized with the Yoast SEO plugin v27.4 - https:\/\/yoast.com\/product\/yoast-seo-wordpress\/ -->\n<title>Achondroplasie et dysplasie squelettique | Professionnels de la sant\u00e9<\/title>\n<meta name=\"description\" content=\"Explorez nos ressources pour les professionnels de la sant\u00e9 concernant l&#039;achondroplasie, le type de nanisme le plus courant, y compris les recherches actuelles, les causes et plus encore.\" \/>\n<meta name=\"robots\" content=\"index, follow, max-snippet:-1, max-image-preview:large, max-video-preview:-1\" \/>\n<link rel=\"canonical\" href=\"https:\/\/hcp.biomarin.com\/fr-fr\/achondroplasia\/\" \/>\n<meta property=\"og:locale\" content=\"fr_FR\" \/>\n<meta property=\"og:type\" content=\"article\" \/>\n<meta property=\"og:title\" content=\"Achondroplasie et dysplasie squelettique | Professionnels de la sant\u00e9\" \/>\n<meta property=\"og:description\" content=\"Explorez nos ressources pour les professionnels de la sant\u00e9 concernant l&#039;achondroplasie, le type de nanisme le plus courant, y compris les recherches actuelles, les causes et plus encore.\" \/>\n<meta property=\"og:url\" content=\"https:\/\/hcp.biomarin.com\/fr-fr\/achondroplasia\/\" \/>\n<meta property=\"og:site_name\" content=\"BioMarin ACH DSE HCP FR-FR\" \/>\n<meta property=\"article:publisher\" content=\"https:\/\/www.facebook.com\/BioMarinOfficial\/\" \/>\n<meta property=\"article:modified_time\" content=\"2024-02-28T10:41:40+00:00\" \/>\n<meta name=\"twitter:card\" content=\"summary_large_image\" \/>\n<script type=\"application\/ld+json\" class=\"yoast-schema-graph\">{\"@context\":\"https:\\\/\\\/schema.org\",\"@graph\":[{\"@type\":\"WebPage\",\"@id\":\"https:\\\/\\\/hcp.biomarin.com\\\/fr-fr\\\/achondroplasia\\\/\",\"url\":\"https:\\\/\\\/hcp.biomarin.com\\\/fr-fr\\\/achondroplasia\\\/\",\"name\":\"Achondroplasie et dysplasie squelettique | Professionnels de la sant\u00e9\",\"isPartOf\":{\"@id\":\"https:\\\/\\\/hcp.biomarin.com\\\/fr-fr\\\/achondroplasia\\\/#website\"},\"datePublished\":\"2022-11-01T12:17:44+00:00\",\"dateModified\":\"2024-02-28T10:41:40+00:00\",\"description\":\"Explorez nos ressources pour les professionnels de la sant\u00e9 concernant l'achondroplasie, le type de nanisme le plus courant, y compris les recherches actuelles, les causes et plus encore.\",\"breadcrumb\":{\"@id\":\"https:\\\/\\\/hcp.biomarin.com\\\/fr-fr\\\/achondroplasia\\\/#breadcrumb\"},\"inLanguage\":\"fr-FR\",\"potentialAction\":[{\"@type\":\"ReadAction\",\"target\":[\"https:\\\/\\\/hcp.biomarin.com\\\/fr-fr\\\/achondroplasia\\\/\"]}]},{\"@type\":\"BreadcrumbList\",\"@id\":\"https:\\\/\\\/hcp.biomarin.com\\\/fr-fr\\\/achondroplasia\\\/#breadcrumb\",\"itemListElement\":[{\"@type\":\"ListItem\",\"position\":1,\"name\":\"Home\",\"item\":\"https:\\\/\\\/hcp.biomarin.com\\\/fr-fr\\\/achondroplasia\\\/\"},{\"@type\":\"ListItem\",\"position\":2,\"name\":\"Home\"}]},{\"@type\":\"WebSite\",\"@id\":\"https:\\\/\\\/hcp.biomarin.com\\\/fr-fr\\\/achondroplasia\\\/#website\",\"url\":\"https:\\\/\\\/hcp.biomarin.com\\\/fr-fr\\\/achondroplasia\\\/\",\"name\":\"BioMarin ACH DSE HCP FR-FR\",\"description\":\"\",\"publisher\":{\"@id\":\"https:\\\/\\\/hcp.biomarin.com\\\/fr-fr\\\/achondroplasia\\\/#organization\"},\"potentialAction\":[{\"@type\":\"SearchAction\",\"target\":{\"@type\":\"EntryPoint\",\"urlTemplate\":\"https:\\\/\\\/hcp.biomarin.com\\\/fr-fr\\\/achondroplasia\\\/?s={search_term_string}\"},\"query-input\":{\"@type\":\"PropertyValueSpecification\",\"valueRequired\":true,\"valueName\":\"search_term_string\"}}],\"inLanguage\":\"fr-FR\"},{\"@type\":\"Organization\",\"@id\":\"https:\\\/\\\/hcp.biomarin.com\\\/fr-fr\\\/achondroplasia\\\/#organization\",\"name\":\"BioMarin\",\"url\":\"https:\\\/\\\/hcp.biomarin.com\\\/fr-fr\\\/achondroplasia\\\/\",\"logo\":{\"@type\":\"ImageObject\",\"inLanguage\":\"fr-FR\",\"@id\":\"https:\\\/\\\/hcp.biomarin.com\\\/fr-fr\\\/achondroplasia\\\/#\\\/schema\\\/logo\\\/image\\\/\",\"url\":\"https:\\\/\\\/hcp.biomarin.com\\\/fr-fr\\\/achondroplasia\\\/wp-content\\\/uploads\\\/sites\\\/3\\\/2023\\\/01\\\/biomarin-logo.svg\",\"contentUrl\":\"https:\\\/\\\/hcp.biomarin.com\\\/fr-fr\\\/achondroplasia\\\/wp-content\\\/uploads\\\/sites\\\/3\\\/2023\\\/01\\\/biomarin-logo.svg\",\"width\":\"1024\",\"height\":\"1024\",\"caption\":\"BioMarin\"},\"image\":{\"@id\":\"https:\\\/\\\/hcp.biomarin.com\\\/fr-fr\\\/achondroplasia\\\/#\\\/schema\\\/logo\\\/image\\\/\"},\"sameAs\":[\"https:\\\/\\\/www.facebook.com\\\/BioMarinOfficial\\\/\",\"https:\\\/\\\/www.linkedin.com\\\/company\\\/biomarin\"]}]}<\/script>\n<!-- \/ Yoast SEO plugin. -->","yoast_head_json":{"title":"Achondroplasie et dysplasie squelettique | Professionnels de la sant\u00e9","description":"Explorez nos ressources pour les professionnels de la sant\u00e9 concernant l'achondroplasie, le type de nanisme le plus courant, y compris les recherches actuelles, les causes et plus encore.","robots":{"index":"index","follow":"follow","max-snippet":"max-snippet:-1","max-image-preview":"max-image-preview:large","max-video-preview":"max-video-preview:-1"},"canonical":"https:\/\/hcp.biomarin.com\/fr-fr\/achondroplasia\/","og_locale":"fr_FR","og_type":"article","og_title":"Achondroplasie et dysplasie squelettique | Professionnels de la sant\u00e9","og_description":"Explorez nos ressources pour les professionnels de la sant\u00e9 concernant l'achondroplasie, le type de nanisme le plus courant, y compris les recherches actuelles, les causes et plus encore.","og_url":"https:\/\/hcp.biomarin.com\/fr-fr\/achondroplasia\/","og_site_name":"BioMarin ACH DSE HCP FR-FR","article_publisher":"https:\/\/www.facebook.com\/BioMarinOfficial\/","article_modified_time":"2024-02-28T10:41:40+00:00","twitter_card":"summary_large_image","schema":{"@context":"https:\/\/schema.org","@graph":[{"@type":"WebPage","@id":"https:\/\/hcp.biomarin.com\/fr-fr\/achondroplasia\/","url":"https:\/\/hcp.biomarin.com\/fr-fr\/achondroplasia\/","name":"Achondroplasie et dysplasie squelettique | Professionnels de la sant\u00e9","isPartOf":{"@id":"https:\/\/hcp.biomarin.com\/fr-fr\/achondroplasia\/#website"},"datePublished":"2022-11-01T12:17:44+00:00","dateModified":"2024-02-28T10:41:40+00:00","description":"Explorez nos ressources pour les professionnels de la sant\u00e9 concernant l'achondroplasie, le type de nanisme le plus courant, y compris les recherches actuelles, les causes et plus encore.","breadcrumb":{"@id":"https:\/\/hcp.biomarin.com\/fr-fr\/achondroplasia\/#breadcrumb"},"inLanguage":"fr-FR","potentialAction":[{"@type":"ReadAction","target":["https:\/\/hcp.biomarin.com\/fr-fr\/achondroplasia\/"]}]},{"@type":"BreadcrumbList","@id":"https:\/\/hcp.biomarin.com\/fr-fr\/achondroplasia\/#breadcrumb","itemListElement":[{"@type":"ListItem","position":1,"name":"Home","item":"https:\/\/hcp.biomarin.com\/fr-fr\/achondroplasia\/"},{"@type":"ListItem","position":2,"name":"Home"}]},{"@type":"WebSite","@id":"https:\/\/hcp.biomarin.com\/fr-fr\/achondroplasia\/#website","url":"https:\/\/hcp.biomarin.com\/fr-fr\/achondroplasia\/","name":"BioMarin ACH DSE HCP FR-FR","description":"","publisher":{"@id":"https:\/\/hcp.biomarin.com\/fr-fr\/achondroplasia\/#organization"},"potentialAction":[{"@type":"SearchAction","target":{"@type":"EntryPoint","urlTemplate":"https:\/\/hcp.biomarin.com\/fr-fr\/achondroplasia\/?s={search_term_string}"},"query-input":{"@type":"PropertyValueSpecification","valueRequired":true,"valueName":"search_term_string"}}],"inLanguage":"fr-FR"},{"@type":"Organization","@id":"https:\/\/hcp.biomarin.com\/fr-fr\/achondroplasia\/#organization","name":"BioMarin","url":"https:\/\/hcp.biomarin.com\/fr-fr\/achondroplasia\/","logo":{"@type":"ImageObject","inLanguage":"fr-FR","@id":"https:\/\/hcp.biomarin.com\/fr-fr\/achondroplasia\/#\/schema\/logo\/image\/","url":"https:\/\/hcp.biomarin.com\/fr-fr\/achondroplasia\/wp-content\/uploads\/sites\/3\/2023\/01\/biomarin-logo.svg","contentUrl":"https:\/\/hcp.biomarin.com\/fr-fr\/achondroplasia\/wp-content\/uploads\/sites\/3\/2023\/01\/biomarin-logo.svg","width":"1024","height":"1024","caption":"BioMarin"},"image":{"@id":"https:\/\/hcp.biomarin.com\/fr-fr\/achondroplasia\/#\/schema\/logo\/image\/"},"sameAs":["https:\/\/www.facebook.com\/BioMarinOfficial\/","https:\/\/www.linkedin.com\/company\/biomarin"]}]}},"_links":{"self":[{"href":"https:\/\/hcp.biomarin.com\/fr-fr\/achondroplasia\/wp-json\/wp\/v2\/pages\/5","targetHints":{"allow":["GET"]}}],"collection":[{"href":"https:\/\/hcp.biomarin.com\/fr-fr\/achondroplasia\/wp-json\/wp\/v2\/pages"}],"about":[{"href":"https:\/\/hcp.biomarin.com\/fr-fr\/achondroplasia\/wp-json\/wp\/v2\/types\/page"}],"author":[{"embeddable":true,"href":"https:\/\/hcp.biomarin.com\/fr-fr\/achondroplasia\/wp-json\/wp\/v2\/users\/4"}],"replies":[{"embeddable":true,"href":"https:\/\/hcp.biomarin.com\/fr-fr\/achondroplasia\/wp-json\/wp\/v2\/comments?post=5"}],"version-history":[{"count":242,"href":"https:\/\/hcp.biomarin.com\/fr-fr\/achondroplasia\/wp-json\/wp\/v2\/pages\/5\/revisions"}],"predecessor-version":[{"id":2836,"href":"https:\/\/hcp.biomarin.com\/fr-fr\/achondroplasia\/wp-json\/wp\/v2\/pages\/5\/revisions\/2836"}],"wp:attachment":[{"href":"https:\/\/hcp.biomarin.com\/fr-fr\/achondroplasia\/wp-json\/wp\/v2\/media?parent=5"}],"curies":[{"name":"wp","href":"https:\/\/api.w.org\/{rel}","templated":true}]}}