{"id":42,"date":"2022-08-02T07:41:24","date_gmt":"2022-08-02T07:41:24","guid":{"rendered":"https:\/\/mpsdiagnosticshcp-dev-001.azurewebsites.net\/en-gb\/mps-diagnostics\/?page_id=42"},"modified":"2023-02-20T12:21:43","modified_gmt":"2023-02-20T12:21:43","slug":"non-us-hcp","status":"publish","type":"page","link":"https:\/\/hcp.biomarin.com\/es\/mucopolysaccharidosis-mps\/diagnostics\/non-us-hcp\/","title":{"rendered":"Non-HCP"},"content":{"rendered":"<div id=\"block_c84fb7b31417fc0f558dd1a71a53e695\" class=\"hero hero-no-overlay\">\n            <div class=\"hero-background-image hero-background-image-desktop\" style=\"background-image: url(https:\/\/hcp.biomarin.com\/es\/mucopolysaccharidosis-mps\/diagnostics\/wp-content\/uploads\/sites\/9\/2022\/08\/Test4MPS-logo-header-image-desktop.jpg?v=0.9);\"><\/div>\n\t    <div class=\"hero-background-image hero-background-image-mobile\" style=\"background-image: url(https:\/\/hcp.biomarin.com\/es\/mucopolysaccharidosis-mps\/diagnostics\/wp-content\/uploads\/sites\/9\/2022\/10\/Test4MPS-logo-header-image-desktop-e1666199650921.jpg?v=0.9);\"><\/div>\n    \t<div class=\"overlay\"><\/div>\n\t<div class=\"wrapper\">\n\t\t<div class=\"inner-wrapper\">\n\t\t\t<div class=\"hero-content\">\n\t\t\t    \t\t\t\t\t\t\t\t\t\t\t\t    <h1>Test4MPS\n<\/h1>\n\t\t\t\t\t\t\t\t\t\t\t\t    <p>Test4MPS es un recurso informativo destinado a los profesionales de la salud interesados en las mucopolisacaridosis (MPS). Ha llegado a esta p\u00e1gina porque confirm\u00f3 que no es un profesional de la salud.<\/p>\n<p>Para recibir informaci\u00f3n acerca de las MPS, p\u00f3ngase en contacto con su asesor gen\u00e9tico o especialista en metabolismo local.<\/p>\n\t\t\t\t\t\t\t\t\n                <p class=\"inline-buttons\">\n                                                        <\/p>\n\t\t\t\t\t\t\t<\/div>\n\t\t<\/div>\n\t<\/div>\n<\/div>\n","protected":false},"excerpt":{"rendered":"","protected":false},"author":3,"featured_media":0,"parent":0,"menu_order":0,"comment_status":"closed","ping_status":"closed","template":"","meta":{"_acf_changed":false,"inline_featured_image":false,"footnotes":""},"class_list":["post-42","page","type-page","status-publish","hentry"],"acf":[],"yoast_head":"<!-- This site is optimized with the Yoast SEO plugin v27.4 - https:\/\/yoast.com\/product\/yoast-seo-wordpress\/ -->\n<title>Test4MPS<\/title>\n<meta name=\"description\" content=\"Test4MPS es un recurso informativo destinado a los profesionales de la salud interesados en las mucopolisacaridosis (MPS).\" \/>\n<meta name=\"robots\" content=\"index, follow, max-snippet:-1, max-image-preview:large, max-video-preview:-1\" \/>\n<link rel=\"canonical\" href=\"https:\/\/hcp.biomarin.com\/es\/mucopolysaccharidosis-mps\/diagnostics\/non-us-hcp\/\" \/>\n<meta property=\"og:locale\" content=\"es_ES\" \/>\n<meta property=\"og:type\" content=\"article\" \/>\n<meta property=\"og:title\" content=\"Test4MPS\" \/>\n<meta property=\"og:description\" content=\"Test4MPS es un recurso informativo destinado a los profesionales de la salud interesados en las mucopolisacaridosis (MPS).\" \/>\n<meta property=\"og:url\" content=\"https:\/\/hcp.biomarin.com\/es\/mucopolysaccharidosis-mps\/diagnostics\/non-us-hcp\/\" \/>\n<meta property=\"og:site_name\" content=\"BioMarin MPS Diagnostics HCP ES (LATAM)\" \/>\n<meta property=\"article:modified_time\" content=\"2023-02-20T12:21:43+00:00\" \/>\n<meta name=\"twitter:card\" content=\"summary_large_image\" \/>\n<script type=\"application\/ld+json\" class=\"yoast-schema-graph\">{\"@context\":\"https:\\\/\\\/schema.org\",\"@graph\":[{\"@type\":\"WebPage\",\"@id\":\"https:\\\/\\\/hcp.biomarin.com\\\/es\\\/mucopolysaccharidosis-mps\\\/diagnostics\\\/non-us-hcp\\\/\",\"url\":\"https:\\\/\\\/hcp.biomarin.com\\\/es\\\/mucopolysaccharidosis-mps\\\/diagnostics\\\/non-us-hcp\\\/\",\"name\":\"Test4MPS\",\"isPartOf\":{\"@id\":\"https:\\\/\\\/hcp.biomarin.com\\\/es\\\/mucopolysaccharidosis-mps\\\/diagnostics\\\/#website\"},\"datePublished\":\"2022-08-02T07:41:24+00:00\",\"dateModified\":\"2023-02-20T12:21:43+00:00\",\"description\":\"Test4MPS es un recurso informativo destinado a los profesionales de la salud interesados en las mucopolisacaridosis (MPS).\",\"breadcrumb\":{\"@id\":\"https:\\\/\\\/hcp.biomarin.com\\\/es\\\/mucopolysaccharidosis-mps\\\/diagnostics\\\/non-us-hcp\\\/#breadcrumb\"},\"inLanguage\":\"es-AR\",\"potentialAction\":[{\"@type\":\"ReadAction\",\"target\":[\"https:\\\/\\\/hcp.biomarin.com\\\/es\\\/mucopolysaccharidosis-mps\\\/diagnostics\\\/non-us-hcp\\\/\"]}]},{\"@type\":\"BreadcrumbList\",\"@id\":\"https:\\\/\\\/hcp.biomarin.com\\\/es\\\/mucopolysaccharidosis-mps\\\/diagnostics\\\/non-us-hcp\\\/#breadcrumb\",\"itemListElement\":[{\"@type\":\"ListItem\",\"position\":1,\"name\":\"Home\",\"item\":\"https:\\\/\\\/hcp.biomarin.com\\\/es\\\/mucopolysaccharidosis-mps\\\/diagnostics\\\/\"},{\"@type\":\"ListItem\",\"position\":2,\"name\":\"Non-HCP\"}]},{\"@type\":\"WebSite\",\"@id\":\"https:\\\/\\\/hcp.biomarin.com\\\/es\\\/mucopolysaccharidosis-mps\\\/diagnostics\\\/#website\",\"url\":\"https:\\\/\\\/hcp.biomarin.com\\\/es\\\/mucopolysaccharidosis-mps\\\/diagnostics\\\/\",\"name\":\"BioMarin MPS Diagnostics HCP ES (LATAM)\",\"description\":\"\",\"potentialAction\":[{\"@type\":\"SearchAction\",\"target\":{\"@type\":\"EntryPoint\",\"urlTemplate\":\"https:\\\/\\\/hcp.biomarin.com\\\/es\\\/mucopolysaccharidosis-mps\\\/diagnostics\\\/?s={search_term_string}\"},\"query-input\":{\"@type\":\"PropertyValueSpecification\",\"valueRequired\":true,\"valueName\":\"search_term_string\"}}],\"inLanguage\":\"es-AR\"}]}<\/script>\n<!-- \/ Yoast SEO plugin. -->","yoast_head_json":{"title":"Test4MPS","description":"Test4MPS es un recurso informativo destinado a los profesionales de la salud interesados en las mucopolisacaridosis (MPS).","robots":{"index":"index","follow":"follow","max-snippet":"max-snippet:-1","max-image-preview":"max-image-preview:large","max-video-preview":"max-video-preview:-1"},"canonical":"https:\/\/hcp.biomarin.com\/es\/mucopolysaccharidosis-mps\/diagnostics\/non-us-hcp\/","og_locale":"es_ES","og_type":"article","og_title":"Test4MPS","og_description":"Test4MPS es un recurso informativo destinado a los profesionales de la salud interesados en las mucopolisacaridosis (MPS).","og_url":"https:\/\/hcp.biomarin.com\/es\/mucopolysaccharidosis-mps\/diagnostics\/non-us-hcp\/","og_site_name":"BioMarin MPS Diagnostics HCP ES (LATAM)","article_modified_time":"2023-02-20T12:21:43+00:00","twitter_card":"summary_large_image","schema":{"@context":"https:\/\/schema.org","@graph":[{"@type":"WebPage","@id":"https:\/\/hcp.biomarin.com\/es\/mucopolysaccharidosis-mps\/diagnostics\/non-us-hcp\/","url":"https:\/\/hcp.biomarin.com\/es\/mucopolysaccharidosis-mps\/diagnostics\/non-us-hcp\/","name":"Test4MPS","isPartOf":{"@id":"https:\/\/hcp.biomarin.com\/es\/mucopolysaccharidosis-mps\/diagnostics\/#website"},"datePublished":"2022-08-02T07:41:24+00:00","dateModified":"2023-02-20T12:21:43+00:00","description":"Test4MPS es un recurso informativo destinado a los profesionales de la salud interesados en las mucopolisacaridosis (MPS).","breadcrumb":{"@id":"https:\/\/hcp.biomarin.com\/es\/mucopolysaccharidosis-mps\/diagnostics\/non-us-hcp\/#breadcrumb"},"inLanguage":"es-AR","potentialAction":[{"@type":"ReadAction","target":["https:\/\/hcp.biomarin.com\/es\/mucopolysaccharidosis-mps\/diagnostics\/non-us-hcp\/"]}]},{"@type":"BreadcrumbList","@id":"https:\/\/hcp.biomarin.com\/es\/mucopolysaccharidosis-mps\/diagnostics\/non-us-hcp\/#breadcrumb","itemListElement":[{"@type":"ListItem","position":1,"name":"Home","item":"https:\/\/hcp.biomarin.com\/es\/mucopolysaccharidosis-mps\/diagnostics\/"},{"@type":"ListItem","position":2,"name":"Non-HCP"}]},{"@type":"WebSite","@id":"https:\/\/hcp.biomarin.com\/es\/mucopolysaccharidosis-mps\/diagnostics\/#website","url":"https:\/\/hcp.biomarin.com\/es\/mucopolysaccharidosis-mps\/diagnostics\/","name":"BioMarin MPS Diagnostics HCP ES (LATAM)","description":"","potentialAction":[{"@type":"SearchAction","target":{"@type":"EntryPoint","urlTemplate":"https:\/\/hcp.biomarin.com\/es\/mucopolysaccharidosis-mps\/diagnostics\/?s={search_term_string}"},"query-input":{"@type":"PropertyValueSpecification","valueRequired":true,"valueName":"search_term_string"}}],"inLanguage":"es-AR"}]}},"_links":{"self":[{"href":"https:\/\/hcp.biomarin.com\/es\/mucopolysaccharidosis-mps\/diagnostics\/wp-json\/wp\/v2\/pages\/42","targetHints":{"allow":["GET"]}}],"collection":[{"href":"https:\/\/hcp.biomarin.com\/es\/mucopolysaccharidosis-mps\/diagnostics\/wp-json\/wp\/v2\/pages"}],"about":[{"href":"https:\/\/hcp.biomarin.com\/es\/mucopolysaccharidosis-mps\/diagnostics\/wp-json\/wp\/v2\/types\/page"}],"author":[{"embeddable":true,"href":"https:\/\/hcp.biomarin.com\/es\/mucopolysaccharidosis-mps\/diagnostics\/wp-json\/wp\/v2\/users\/3"}],"replies":[{"embeddable":true,"href":"https:\/\/hcp.biomarin.com\/es\/mucopolysaccharidosis-mps\/diagnostics\/wp-json\/wp\/v2\/comments?post=42"}],"version-history":[{"count":25,"href":"https:\/\/hcp.biomarin.com\/es\/mucopolysaccharidosis-mps\/diagnostics\/wp-json\/wp\/v2\/pages\/42\/revisions"}],"predecessor-version":[{"id":111,"href":"https:\/\/hcp.biomarin.com\/es\/mucopolysaccharidosis-mps\/diagnostics\/wp-json\/wp\/v2\/pages\/42\/revisions\/111"}],"wp:attachment":[{"href":"https:\/\/hcp.biomarin.com\/es\/mucopolysaccharidosis-mps\/diagnostics\/wp-json\/wp\/v2\/media?parent=42"}],"curies":[{"name":"wp","href":"https:\/\/api.w.org\/{rel}","templated":true}]}}