{"id":5,"date":"2022-11-01T12:17:44","date_gmt":"2022-11-01T12:17:44","guid":{"rendered":"https:\/\/achdsehcp-dev-001.azurewebsites.net\/en-us\/achondroplasia\/?page_id=5"},"modified":"2024-05-16T09:51:10","modified_gmt":"2024-05-16T09:51:10","slug":"pagina-principal","status":"publish","type":"page","link":"https:\/\/hcp.biomarin.com\/es-es\/achondroplasia\/","title":{"rendered":"P\u00e1gina principal"},"content":{"rendered":"<div id=\"acf-block-63f4e69734bf1\" class=\"hero hero-no-overlay pull-bottom hero-large-first-para\">\n            <div class=\"hero-background-image hero-background-image-desktop\" style=\"background-image: url(https:\/\/hcp.biomarin.com\/es-es\/achondroplasia\/wp-content\/uploads\/sites\/5\/2022\/11\/Resources-Hero.jpg?v=0.122);\"><\/div>\n\t    <div class=\"hero-background-image hero-background-image-mobile\" style=\"background-image: url(https:\/\/hcp.biomarin.com\/es-es\/achondroplasia\/wp-content\/uploads\/sites\/5\/2022\/12\/mobile_bg.png?v=0.122);\"><\/div>\n    \t<div class=\"overlay\"><\/div>\n\t<div class=\"wrapper\">\n\t\t<div class=\"inner-wrapper\">\n\t\t\t<div class=\"hero-content\">\n\t\t\t    \t\t\t\t\t\t\t\t\t\t\t\t    <h1>Para conocer bien la acondroplasia hay que profundizar\n<\/h1>\n\t\t\t\t\t\t\t\t\t\t\t\t    <p>De usted depende asegurar una atenci\u00f3n integral que tenga en cuenta todos los factores<\/p>\n\t\t\t\t\t\t\t\t\n                <p class=\"inline-buttons\">\n                                                        <\/p>\n\t\t\t\t\t\t\t<\/div>\n\t\t<\/div>\n\t<\/div>\n<\/div>\n\n\n<div id=\"acf-block-63f4e69734c47\" class=\"block boxed-content boxed-content-white\">\n\t<div class=\"wrapper\">\n\t\t<div class=\"inner-wrapper\">\n\t\t\t<div class=\"box\">\n\t\t\t\t\t\t\t\t\n<div id=\"acf-block-63f4e69734c66\" class=\"image-text-block bottom-border\">\n            <div class=\"image-block medium\">\n            <figure>\n                <div class=\"image image-rounded\">\n                    <img decoding=\"async\" class=\"\" src=\"https:\/\/hcp.biomarin.com\/es-es\/achondroplasia\/wp-content\/uploads\/sites\/5\/2022\/11\/chondrocyte-cell-500-blue-bg.png?v=0.122\" alt=\"chondrocyte cell\" \/>                <\/div>\n            <\/figure>\n        <\/div>\n        <div class=\"content-block\">\n                    <h3>\u00bfQu\u00e9 causa la acondroplasia?\n<\/h3>\n                            <p><span>Acondroplasia es la forma m\u00e1s com\u00fan de displasia esquel\u00e9tica que se caracteriza por un crecimiento \u00f3seo endocondral an\u00f3malo.<\/span><\/p>\n                                            <p><a class=\"button button-arrow\" href=\"https:\/\/hcp.biomarin.com\/es-es\/achondroplasia\/causa\/\" target=\"_self\">Crecimiento \u00f3seo<\/a><\/p>\n                        <\/div>\n<\/div>\n\n<div id=\"acf-block-63f4e69734c86\" class=\"image-text-block bottom-border\">\n            <div class=\"image-block medium\">\n            <figure>\n                <div class=\"image image-rounded\">\n                    <img decoding=\"async\" class=\"\" src=\"https:\/\/hcp.biomarin.com\/es-es\/achondroplasia\/wp-content\/uploads\/sites\/5\/2023\/07\/kid-doing-homework-v0.2.png?v=0.122\" alt=\"\" \/>                <\/div>\n            <\/figure>\n        <\/div>\n        <div class=\"content-block\">\n                    <h3>\u00bfCu\u00e1l es el impacto de la acondroplasia?\n<\/h3>\n                            <p>El retraso en el crecimiento \u00f3seo tiene efectos f\u00edsicos, funcionales y psicosociales en los pacientes<\/p>\n                                            <p><a class=\"button button-arrow\" href=\"https:\/\/hcp.biomarin.com\/es-es\/achondroplasia\/impacto\/\" target=\"_self\">Complicaciones multisist\u00e9micas<\/a><\/p>\n                        <\/div>\n<\/div>\n\n<div id=\"acf-block-65d5d66650490\" class=\"image-text-block\">\n            <div class=\"image-block medium\">\n            <figure>\n                <div class=\"image image-rounded\">\n                    <img decoding=\"async\" class=\"\" src=\"https:\/\/hcp.biomarin.com\/es-es\/achondroplasia\/wp-content\/uploads\/sites\/5\/2023\/02\/consensus-750x750.png\" alt=\"\" \/>                <\/div>\n            <\/figure>\n        <\/div>\n        <div class=\"content-block\">\n                    <h3>Declaraci\u00f3n de consenso internacional\n<\/h3>\n                            <p>La Declaraci\u00f3n de Consenso Internacional sobre el diagn\u00f3stico, manejo multidisciplinar y atenci\u00f3n durante toda la vida de las personas con acondroplasia<\/p>\n                                            <p><a class=\"button button-arrow\" href=\"https:\/\/hcp.biomarin.com\/es-es\/achondroplasia\/declaracion-de-consenso-internacional\/\" target=\"_self\">Declaraci\u00f3n de consenso<\/a><\/p>\n                        <\/div>\n<\/div>\n\t\t\t<\/div>\n\t\t<\/div>\n\t<\/div>\n<\/div>\n\n<div id=\"acf-block-63f4e69734cb0\" class=\"block wrapped-content block-zero-bottom\">\n    <div class=\"wrapper\">\n        <div class=\"inner-wrapper\">\n                \n<div id=\"acf-block-63f4e69734cbf\" class=\"block-wysiwyg\">\n            <h2>Soporte de acondroplasia<\/h2>\n<p>Los padres, cuidadores y personas con acondroplasia pueden necesitar una comunidad m\u00e9dica fuerte desde el primer d\u00eda<sup>1<\/sup><\/p>\n    <\/div>\n        <\/div>\n    <\/div>\n<\/div>\n\n<div id=\"acf-block-63f4e69734cd6\" class=\"block cards cards-2-col block-zero-top block-tight-bottom\">\n\t<div class=\"wrapper\">\n\t\t<div class=\"inner-wrapper\">\n\t\t\t<div class=\"cards-title\">\n\t\t\t    \t\t\t\t\t\t\t<\/div>\n\t\t\t<div class=\"cards-wrapper\">\n\t\t\t    \n<div id=\"acf-block-63f4e69734cf2\" class=\"card card-fixed-button\" data-muted-autoplay=\"false\">\n    \t    \n\n                    <img decoding=\"async\" class=\"card-image\" src=\"https:\/\/hcp.biomarin.com\/es-es\/achondroplasia\/wp-content\/uploads\/sites\/5\/2022\/11\/mother-with-child.jpg?v=0.122\" alt=\"mother sat reading with child with Achodroplasia\" \/>        \n\t    <div class=\"card-content\">\n                            <h4>Manejo de la acondroplasia\n<\/h4>\n        \n                                                                                                            <p>Los profesionales de atenci\u00f3n primaria pueden ayudar a coordinar una atenci\u00f3n multidisciplinar<\/p>\n                                                                                                                                                                                                                                                                        \n                                                                                        <\/div>\n                                <div class=\"card-actions\">\n                            \n                            <p><a class=\"button button-text button-arrow\" href=\"https:\/\/hcp.biomarin.com\/es-es\/achondroplasia\/medidas-terapeuticas\/\" target=\"_self\">M\u00e1s informaci\u00f3n sobre el tratamiento de la acondroplasia<\/a><\/p>\n                                                                                    <\/div>\n<\/div>\n\n<div id=\"acf-block-63f4e69734d1c\" class=\"card card-fixed-button\" data-muted-autoplay=\"false\">\n    \t    \n\n                    <img decoding=\"async\" class=\"card-image\" src=\"https:\/\/hcp.biomarin.com\/es-es\/achondroplasia\/wp-content\/uploads\/sites\/5\/2023\/08\/Complications-Spain-e1691483115345.png?v=0.122\" alt=\"\" \/>        \n\t    <div class=\"card-content\">\n                            <h4>Biblioteca de recursos\n<\/h4>\n        \n                                                                                                            <p>Todo lo que necesitas para profundizar en tus conocimientos sobre la acondroplasia<\/p>\n                                                                                                                                                                                                                                                                        \n                                                                                        <\/div>\n                                <div class=\"card-actions\">\n                            \n                            <p><a class=\"button button-text button-arrow\" href=\"https:\/\/hcp.biomarin.com\/es-es\/achondroplasia\/recursos\/\" target=\"_self\">Acceda a hojas informativas y recursos sobre la acondroplasia<\/a><\/p>\n                                                                                    <\/div>\n<\/div>\n\t\t\t<\/div>\n\t\t<\/div>\n\t<\/div>\n<\/div>\n\n<div id=\"acf-block-64c95ae59c750\" class=\"block boxed-content quiz block-tight-top block-tight-bottom\">\n    <div class=\"wrapper\">\n        <div class=\"inner-wrapper\">\n            <div class=\"box\">\n\t\t\t\t<div class=\"quiz-question\">\n                    \t\t\t\t\t    <h2>Prueba tus conocimientos\n<\/h2>\n\t\t\t\t\t\n\t\t\t\t\t\t\t\t\t\t    <p>\u00bfQu\u00e9 <strong>porcentaje<\/strong> de enanismo representa la acondroplasia?<\/p>\n\t\t\t\t\t\n                                            <div class=\"quiz-question-responses\">\n                                                                                                                                                            <a class=\"button button-ghost\" href=\"#\" data-correct-answer=\"false\">\n                                    20%\n                                <\/a>\n                                                                                                                                                            <a class=\"button button-ghost\" href=\"#\" data-correct-answer=\"false\">\n                                    40%\n                                <\/a>\n                                                                                                                                                            <a class=\"button button-ghost\" href=\"#\" data-correct-answer=\"true\">\n                                    90%\n                                <\/a>\n                                                                                                                                                            <a class=\"button button-ghost\" href=\"#\" data-correct-answer=\"false\">\n                                    70%\n                                <\/a>\n                                                    <\/div>\n\t\t\t\t\t\n                                            <div class=\"quiz-question-submit\">\n                            <p><a class=\"button\" href=\"#\">Enviar<\/a><\/p>\n                        <\/div>\n\t\t\t\t\t\t\t\t\t<\/div>\n\n\t\t\t\t<div class=\"quiz-answer\" style=\"display:none;\">\n\t\t\t\t    \t\t\t\t        \t\t\t\t\t    <p class=\"quiz-answer-choice\">Tu elegiste: %choice%\n<\/p>\n\t\t\t\t\t\n\t\t\t\t\t                                                    <h2 class=\"correct\" style=\"display:none;\">Correcto!\n<\/h2>\n                                                                            <h2 class=\"incorrect\" style=\"display:none;\">Eso no es correcto &#8211; La respuesta correcta es %answer%\n<\/h2>\n                                                                            <p>La acondroplasia representa aproximadamente el <strong>90 % <\/strong>del enanismo,<sup>1<\/sup> y el <strong>80 % de los casos ocurren en ni\u00f1os de padres de estatura media<\/strong>.<sup>2<\/sup><\/p>\n                        \n                                                                                                                                        \t\t\t\t\t\n\t\t\t\t\t                        <p class=\"references\">\n                            <a class=\"quiz-references-modal\" href=\"#quiz-references-modal\">Bibliograf\u00eda<\/a>\n                        <\/p>\n                        <div id=\"quiz-references-modal\" class=\"quiz-references white-popup-block mfp-hide\">\n                            <div class=\"box references\">\n                                <p><a class=\"modal-close\" href=\"#\">Cerca bibliograf\u00eda<\/a><\/p>\n                                                                    <h2>Bibliograf\u00eda:\n<\/h2>\n                                                                <ol>\n                                                                                                                                                                                                        <li><span>Waller DK, Correa A, Vo TM, et al. The population-based prevalence of achondroplasia and thanatophoric displasia in selected regions of the US.\u202fAm J Med Genet A. 2008;146A(18):2385-2389. doi:10.1002\/ajmg.a.32485.\n<\/span><\/li>\n                                                                                                                                                                                                                                                <li><span>Hecht JT, Bodensteiner JB, Butler IJ. Neurologic manifestations of achondroplasia.\u202fHandb Clin Neurol. 2014;119:551-563. doi:10.1016\/B978-0-7020-4086-3.00036-9.\n<\/span><\/li>\n                                                                                                            <\/ol>\n                            <\/div>\n                        <\/div>\n\t\t\t\t\t\t\t\t\t<\/div>\n\t\t\t<\/div>\n        <\/div>\n    <\/div>\n<\/div>\n\n<div id=\"acf-block-63f4e697351af\" class=\"block references\">\n    <div class=\"wrapper\">\n\t\t<div class=\"inner-wrapper\">\n\t\t    \t\t\t    <h4>Bibliograf\u00eda\n<\/h4>\n\t\t\t\t\t\t                <ol>\n                                                                                                                        <li><span>Hoover-Fong J, Scott CI, Jones MC; Comit\u00e9 de Gen\u00e9tica. Supervisi\u00f3n sanitaria para personas con acondroplasia. <em>Pediatr\u00eda<\/em>. 2020;145(6):e20201010.\n<\/span><\/li>\n                                                            <\/ol>\n\t\t\t\t\t<\/div>\n\t<\/div>\n<\/div>\n\n<div id=\"acf-block-6423fe8a2e365\" class=\"block print-page\">\n    <div class=\"wrapper\">\n        <div class=\"inner-wrapper\">\n            <p><a class=\"button button-print\" href=\"#\">imprime esta p\u00e1gina<\/a><\/p>\n        <\/div>\n    <\/div>\n<\/div>","protected":false},"excerpt":{"rendered":"","protected":false},"author":4,"featured_media":0,"parent":0,"menu_order":0,"comment_status":"closed","ping_status":"closed","template":"","meta":{"_acf_changed":false,"inline_featured_image":false,"footnotes":""},"class_list":["post-5","page","type-page","status-publish","hentry"],"acf":[],"yoast_head":"<!-- This site is optimized with the Yoast SEO plugin v27.1.1 - https:\/\/yoast.com\/product\/yoast-seo-wordpress\/ -->\n<title>Acondroplasia y Displasia Esquel\u00e9tica | Profesionales de la salud<\/title>\n<meta name=\"description\" content=\"Explore nuestros recursos para profesionales m\u00e9dicos relacionados con la acondroplasia, el tipo m\u00e1s com\u00fan de enanismo, incluidas las investigaciones actuales, las causas y m\u00e1s.\" \/>\n<meta name=\"robots\" content=\"index, follow, max-snippet:-1, max-image-preview:large, max-video-preview:-1\" \/>\n<link rel=\"canonical\" href=\"https:\/\/hcp.biomarin.com\/es-es\/achondroplasia\/\" \/>\n<meta property=\"og:locale\" content=\"es_ES\" \/>\n<meta property=\"og:type\" content=\"article\" \/>\n<meta property=\"og:title\" content=\"Acondroplasia y Displasia Esquel\u00e9tica | Profesionales de la salud\" \/>\n<meta property=\"og:description\" content=\"Explore nuestros recursos para profesionales m\u00e9dicos relacionados con la acondroplasia, el tipo m\u00e1s com\u00fan de enanismo, incluidas las investigaciones actuales, las causas y m\u00e1s.\" \/>\n<meta property=\"og:url\" content=\"https:\/\/hcp.biomarin.com\/es-es\/achondroplasia\/\" \/>\n<meta property=\"og:site_name\" content=\"BioMarin ACH DSE HCP ES-ES\" \/>\n<meta property=\"article:publisher\" content=\"https:\/\/www.facebook.com\/BioMarinOfficial\/\" \/>\n<meta property=\"article:modified_time\" content=\"2024-05-16T09:51:10+00:00\" \/>\n<meta name=\"twitter:card\" content=\"summary_large_image\" \/>\n<script type=\"application\/ld+json\" class=\"yoast-schema-graph\">{\"@context\":\"https:\/\/schema.org\",\"@graph\":[{\"@type\":\"WebPage\",\"@id\":\"https:\/\/hcp.biomarin.com\/es-es\/achondroplasia\/\",\"url\":\"https:\/\/hcp.biomarin.com\/es-es\/achondroplasia\/\",\"name\":\"Acondroplasia y Displasia Esquel\u00e9tica | Profesionales de la salud\",\"isPartOf\":{\"@id\":\"https:\/\/hcp.biomarin.com\/es-es\/achondroplasia\/#website\"},\"datePublished\":\"2022-11-01T12:17:44+00:00\",\"dateModified\":\"2024-05-16T09:51:10+00:00\",\"description\":\"Explore nuestros recursos para profesionales m\u00e9dicos relacionados con la acondroplasia, el tipo m\u00e1s com\u00fan de enanismo, incluidas las investigaciones actuales, las causas y m\u00e1s.\",\"breadcrumb\":{\"@id\":\"https:\/\/hcp.biomarin.com\/es-es\/achondroplasia\/#breadcrumb\"},\"inLanguage\":\"es\",\"potentialAction\":[{\"@type\":\"ReadAction\",\"target\":[\"https:\/\/hcp.biomarin.com\/es-es\/achondroplasia\/\"]}]},{\"@type\":\"BreadcrumbList\",\"@id\":\"https:\/\/hcp.biomarin.com\/es-es\/achondroplasia\/#breadcrumb\",\"itemListElement\":[{\"@type\":\"ListItem\",\"position\":1,\"name\":\"Home\",\"item\":\"https:\/\/hcp.biomarin.com\/es-es\/achondroplasia\/\"},{\"@type\":\"ListItem\",\"position\":2,\"name\":\"P\u00e1gina principal\"}]},{\"@type\":\"WebSite\",\"@id\":\"https:\/\/hcp.biomarin.com\/es-es\/achondroplasia\/#website\",\"url\":\"https:\/\/hcp.biomarin.com\/es-es\/achondroplasia\/\",\"name\":\"BioMarin ACH DSE HCP ES-ES\",\"description\":\"\",\"publisher\":{\"@id\":\"https:\/\/hcp.biomarin.com\/es-es\/achondroplasia\/#organization\"},\"potentialAction\":[{\"@type\":\"SearchAction\",\"target\":{\"@type\":\"EntryPoint\",\"urlTemplate\":\"https:\/\/hcp.biomarin.com\/es-es\/achondroplasia\/?s={search_term_string}\"},\"query-input\":{\"@type\":\"PropertyValueSpecification\",\"valueRequired\":true,\"valueName\":\"search_term_string\"}}],\"inLanguage\":\"es\"},{\"@type\":\"Organization\",\"@id\":\"https:\/\/hcp.biomarin.com\/es-es\/achondroplasia\/#organization\",\"name\":\"BioMarin\",\"url\":\"https:\/\/hcp.biomarin.com\/es-es\/achondroplasia\/\",\"logo\":{\"@type\":\"ImageObject\",\"inLanguage\":\"es\",\"@id\":\"https:\/\/hcp.biomarin.com\/es-es\/achondroplasia\/#\/schema\/logo\/image\/\",\"url\":\"https:\/\/hcp.biomarin.com\/es-es\/achondroplasia\/wp-content\/uploads\/sites\/5\/2023\/01\/biomarin-logo.svg\",\"contentUrl\":\"https:\/\/hcp.biomarin.com\/es-es\/achondroplasia\/wp-content\/uploads\/sites\/5\/2023\/01\/biomarin-logo.svg\",\"width\":\"1024\",\"height\":\"1024\",\"caption\":\"BioMarin\"},\"image\":{\"@id\":\"https:\/\/hcp.biomarin.com\/es-es\/achondroplasia\/#\/schema\/logo\/image\/\"},\"sameAs\":[\"https:\/\/www.facebook.com\/BioMarinOfficial\/\",\"https:\/\/www.linkedin.com\/company\/biomarin\"]}]}<\/script>\n<!-- \/ Yoast SEO plugin. -->","yoast_head_json":{"title":"Acondroplasia y Displasia Esquel\u00e9tica | Profesionales de la salud","description":"Explore nuestros recursos para profesionales m\u00e9dicos relacionados con la acondroplasia, el tipo m\u00e1s com\u00fan de enanismo, incluidas las investigaciones actuales, las causas y m\u00e1s.","robots":{"index":"index","follow":"follow","max-snippet":"max-snippet:-1","max-image-preview":"max-image-preview:large","max-video-preview":"max-video-preview:-1"},"canonical":"https:\/\/hcp.biomarin.com\/es-es\/achondroplasia\/","og_locale":"es_ES","og_type":"article","og_title":"Acondroplasia y Displasia Esquel\u00e9tica | Profesionales de la salud","og_description":"Explore nuestros recursos para profesionales m\u00e9dicos relacionados con la acondroplasia, el tipo m\u00e1s com\u00fan de enanismo, incluidas las investigaciones actuales, las causas y m\u00e1s.","og_url":"https:\/\/hcp.biomarin.com\/es-es\/achondroplasia\/","og_site_name":"BioMarin ACH DSE HCP ES-ES","article_publisher":"https:\/\/www.facebook.com\/BioMarinOfficial\/","article_modified_time":"2024-05-16T09:51:10+00:00","twitter_card":"summary_large_image","schema":{"@context":"https:\/\/schema.org","@graph":[{"@type":"WebPage","@id":"https:\/\/hcp.biomarin.com\/es-es\/achondroplasia\/","url":"https:\/\/hcp.biomarin.com\/es-es\/achondroplasia\/","name":"Acondroplasia y Displasia Esquel\u00e9tica | Profesionales de la salud","isPartOf":{"@id":"https:\/\/hcp.biomarin.com\/es-es\/achondroplasia\/#website"},"datePublished":"2022-11-01T12:17:44+00:00","dateModified":"2024-05-16T09:51:10+00:00","description":"Explore nuestros recursos para profesionales m\u00e9dicos relacionados con la acondroplasia, el tipo m\u00e1s com\u00fan de enanismo, incluidas las investigaciones actuales, las causas y m\u00e1s.","breadcrumb":{"@id":"https:\/\/hcp.biomarin.com\/es-es\/achondroplasia\/#breadcrumb"},"inLanguage":"es","potentialAction":[{"@type":"ReadAction","target":["https:\/\/hcp.biomarin.com\/es-es\/achondroplasia\/"]}]},{"@type":"BreadcrumbList","@id":"https:\/\/hcp.biomarin.com\/es-es\/achondroplasia\/#breadcrumb","itemListElement":[{"@type":"ListItem","position":1,"name":"Home","item":"https:\/\/hcp.biomarin.com\/es-es\/achondroplasia\/"},{"@type":"ListItem","position":2,"name":"P\u00e1gina principal"}]},{"@type":"WebSite","@id":"https:\/\/hcp.biomarin.com\/es-es\/achondroplasia\/#website","url":"https:\/\/hcp.biomarin.com\/es-es\/achondroplasia\/","name":"BioMarin ACH DSE HCP ES-ES","description":"","publisher":{"@id":"https:\/\/hcp.biomarin.com\/es-es\/achondroplasia\/#organization"},"potentialAction":[{"@type":"SearchAction","target":{"@type":"EntryPoint","urlTemplate":"https:\/\/hcp.biomarin.com\/es-es\/achondroplasia\/?s={search_term_string}"},"query-input":{"@type":"PropertyValueSpecification","valueRequired":true,"valueName":"search_term_string"}}],"inLanguage":"es"},{"@type":"Organization","@id":"https:\/\/hcp.biomarin.com\/es-es\/achondroplasia\/#organization","name":"BioMarin","url":"https:\/\/hcp.biomarin.com\/es-es\/achondroplasia\/","logo":{"@type":"ImageObject","inLanguage":"es","@id":"https:\/\/hcp.biomarin.com\/es-es\/achondroplasia\/#\/schema\/logo\/image\/","url":"https:\/\/hcp.biomarin.com\/es-es\/achondroplasia\/wp-content\/uploads\/sites\/5\/2023\/01\/biomarin-logo.svg","contentUrl":"https:\/\/hcp.biomarin.com\/es-es\/achondroplasia\/wp-content\/uploads\/sites\/5\/2023\/01\/biomarin-logo.svg","width":"1024","height":"1024","caption":"BioMarin"},"image":{"@id":"https:\/\/hcp.biomarin.com\/es-es\/achondroplasia\/#\/schema\/logo\/image\/"},"sameAs":["https:\/\/www.facebook.com\/BioMarinOfficial\/","https:\/\/www.linkedin.com\/company\/biomarin"]}]}},"_links":{"self":[{"href":"https:\/\/hcp.biomarin.com\/es-es\/achondroplasia\/wp-json\/wp\/v2\/pages\/5","targetHints":{"allow":["GET"]}}],"collection":[{"href":"https:\/\/hcp.biomarin.com\/es-es\/achondroplasia\/wp-json\/wp\/v2\/pages"}],"about":[{"href":"https:\/\/hcp.biomarin.com\/es-es\/achondroplasia\/wp-json\/wp\/v2\/types\/page"}],"author":[{"embeddable":true,"href":"https:\/\/hcp.biomarin.com\/es-es\/achondroplasia\/wp-json\/wp\/v2\/users\/4"}],"replies":[{"embeddable":true,"href":"https:\/\/hcp.biomarin.com\/es-es\/achondroplasia\/wp-json\/wp\/v2\/comments?post=5"}],"version-history":[{"count":282,"href":"https:\/\/hcp.biomarin.com\/es-es\/achondroplasia\/wp-json\/wp\/v2\/pages\/5\/revisions"}],"predecessor-version":[{"id":2987,"href":"https:\/\/hcp.biomarin.com\/es-es\/achondroplasia\/wp-json\/wp\/v2\/pages\/5\/revisions\/2987"}],"wp:attachment":[{"href":"https:\/\/hcp.biomarin.com\/es-es\/achondroplasia\/wp-json\/wp\/v2\/media?parent=5"}],"curies":[{"name":"wp","href":"https:\/\/api.w.org\/{rel}","templated":true}]}}