{"id":25,"date":"2022-11-03T18:35:42","date_gmt":"2022-11-03T18:35:42","guid":{"rendered":"https:\/\/achdsehcp-dev-001.azurewebsites.net\/en-us\/achondroplasia\/?page_id=25"},"modified":"2024-05-16T10:59:55","modified_gmt":"2024-05-16T10:59:55","slug":"recursos","status":"publish","type":"page","link":"https:\/\/hcp.biomarin.com\/es-es\/achondroplasia\/recursos\/","title":{"rendered":"Recursos"},"content":{"rendered":"<div id=\"acf-block-64256295ccd10\" class=\"hero hero-no-overlay pull-bottom\">\n            <div class=\"hero-background-image hero-background-image-desktop\" style=\"background-image: url(https:\/\/hcp.biomarin.com\/es-es\/achondroplasia\/wp-content\/uploads\/sites\/5\/2023\/01\/home_hero_v2-2000x800.jpg);\"><\/div>\n\t    <div class=\"hero-background-image hero-background-image-mobile\" style=\"background-image: url(https:\/\/hcp.biomarin.com\/es-es\/achondroplasia\/wp-content\/uploads\/sites\/5\/2022\/12\/mobile_bg.png?v=0.122);\"><\/div>\n    \t<div class=\"overlay\"><\/div>\n\t<div class=\"wrapper\">\n\t\t<div class=\"inner-wrapper\">\n\t\t\t<div class=\"hero-content\">\n\t\t\t    \t\t\t\t\t\t\t\t\t\t\t\t    <h1>Biblioteca\n<\/h1>\n\t\t\t\t\t\t\t\t\t\t\t\t    <p>Ampl\u00ede sus conocimientos sobre la acondroplasia<\/p>\n\t\t\t\t\t\t\t\t\n                <p class=\"inline-buttons\">\n                                                        <\/p>\n\t\t\t\t\t\t\t<\/div>\n\t\t<\/div>\n\t<\/div>\n<\/div>\n\n\n<div id=\"acf-block-64256295ccd3d\" class=\"block boxed-content boxed-content-white\">\n\t<div class=\"wrapper\">\n\t\t<div class=\"inner-wrapper\">\n\t\t\t<div class=\"box\">\n\t\t\t\t\t\t\t\t\n<div id=\"acf-block-655e74eb6b279\" class=\"image-text-block bottom-border\">\n            <div class=\"image-block medium\">\n            <figure>\n                <div class=\"image image-rounded\">\n                    <img decoding=\"async\" class=\"\" src=\"https:\/\/hcp.biomarin.com\/es-es\/achondroplasia\/wp-content\/uploads\/sites\/5\/2023\/11\/Ach-expert-1-300x300-1.png?v=0.122\" alt=\"\" \/>                <\/div>\n            <\/figure>\n        <\/div>\n        <div class=\"content-block\">\n                    <h3>Mant\u00e9ngase actualizado sobre las novedades en la evoluci\u00f3n de la acondroplasia\n<\/h3>\n                            <p>\u00danase a la primera comunidad digital para profesionales sanitarios destinada a facilitar la mejora de los resultados cl\u00ednicos y la calidad de vida de ni\u00f1os y adultos con acondroplasia.<\/p>\n                                            <p><a class=\"button button-external\" href=\"https:\/\/www.achondroplasia.expert\/\" target=\"_blank\">Visite Achondroplasia.expert<\/a><\/p>\n                        <\/div>\n<\/div>\n\n<div id=\"acf-block-64256295ccd61\" class=\"image-text-block bottom-border\">\n            <div class=\"image-block medium\">\n            <figure>\n                <div class=\"image image-rounded\">\n                    <img decoding=\"async\" class=\"\" src=\"https:\/\/hcp.biomarin.com\/es-es\/achondroplasia\/wp-content\/uploads\/sites\/5\/2023\/08\/Complications-Square-Spain-750x750.png\" alt=\"\" \/>                <\/div>\n            <\/figure>\n        <\/div>\n        <div class=\"content-block\">\n                    <h3>Complicaciones de la acondroplasia seg\u00fan el grupo de edad\n<\/h3>\n                            <p>Desde la lactancia hasta la edad adulta<\/p>\n                                            <p><a class=\"button button-download\" href=\"https:\/\/hcp.biomarin.com\/es-es\/achondroplasia\/wp-content\/uploads\/sites\/5\/2023\/07\/HCP-DSE-Complication-Timeline-Resource-es.pdf?v=0.40\" target=\"_blank\">Descargar<\/a><\/p>\n                        <\/div>\n<\/div>\n\n<div id=\"acf-block-64256295ccd9a\" class=\"image-text-block\">\n            <div class=\"image-block medium\">\n            <figure>\n                <div class=\"image image-rounded\">\n                    <img decoding=\"async\" class=\"\" src=\"https:\/\/hcp.biomarin.com\/es-es\/achondroplasia\/wp-content\/uploads\/sites\/5\/2023\/08\/Care-Team-Square-Spain-750x750.png\" alt=\"\" \/>                <\/div>\n            <\/figure>\n        <\/div>\n        <div class=\"content-block\">\n                    <h3>Atenci\u00f3n integral de la acondroplasia\n<\/h3>\n                            <p>Creaci\u00f3n del equipo multidisciplinar de su paciente<\/p>\n                                            <p><a class=\"button button-download\" href=\"https:\/\/hcp.biomarin.com\/es-es\/achondroplasia\/wp-content\/uploads\/sites\/5\/2023\/07\/HCP-DSE-Care-Team-Resource-es.pdf?v=0.40\" target=\"_blank\">Descargar<\/a><\/p>\n                        <\/div>\n<\/div>\n\t\t\t<\/div>\n\t\t<\/div>\n\t<\/div>\n<\/div>\n\n<div id=\"acf-block-64256295ccdcd\" class=\"block wrapped-content\">\n    <div class=\"wrapper\">\n        <div class=\"inner-wrapper\">\n                        <\/div>\n    <\/div>\n<\/div>\n\n<div id=\"Video-1\" class=\"block split-content equal-bias bottom-border\" data-muted-autoplay=\"false\">\n\t<div class=\"wrapper\">\n\t\t<div class=\"inner-wrapper\">\n\t\t                                                                <div class=\"content-block first-block\">\n                                                                                                                                                                                                                                                <div class=\"video-poster\">\n\t\t\t                            <a class=\"modal-video permitted\" href=\"https:\/\/player.vimeo.com\/video\/910880632\" style=\"background-image: url(https:\/\/hcp.biomarin.com\/es-es\/achondroplasia\/wp-content\/uploads\/sites\/5\/2022\/11\/video1_still@2x.jpg?v=0.122);\">Play<\/a>\n\t\t                            <\/div>\n                                    \n                                                                                                                    \n                                                                                                                \n\t\t                                                                            <\/div>\n                    \n                                            <div class=\"content-block second-block\">\n                                                                                                <h4>\u00bfQu\u00e9 es la acondroplasia?<\/h4>\n<p>Expertos en acondroplasia hablan del mecanismo de la enfermedad y las consideraciones a largo plazo<\/p>\n                                                                                    <\/div>\n                                                \t\t<\/div>\n\t<\/div>\n<\/div>\n\n<div id=\"acf-block-64256295cce20\" class=\"block split-content equal-bias bottom-border\" data-muted-autoplay=\"false\">\n\t<div class=\"wrapper\">\n\t\t<div class=\"inner-wrapper\">\n\t\t                                                                <div class=\"content-block first-block\">\n                                                                                                                                                                                                                                                <div class=\"video-poster\">\n\t\t\t                            <a class=\"modal-video permitted\" href=\"https:\/\/player.vimeo.com\/video\/910880320\" style=\"background-image: url(https:\/\/hcp.biomarin.com\/es-es\/achondroplasia\/wp-content\/uploads\/sites\/5\/2022\/11\/video2_still@2x.jpg?v=0.122);\">Play<\/a>\n\t\t                            <\/div>\n                                    \n                                                                                                                    \n                                                                                                                \n\t\t                                                                            <\/div>\n                    \n                                            <div class=\"content-block second-block\">\n                                                                                                <h4>Complicaciones en las diferentes etapas de la vida<\/h4>\n<p>Escuche a los especialistas describir las complicaciones de la acondroplasia y su manejo mediante el modelo del equipo multidisciplinar<\/p>\n                                                                                    <\/div>\n                                                \t\t<\/div>\n\t<\/div>\n<\/div>\n\n<div id=\"acf-block-64256295cce3b\" class=\"block cards cards-2-col\">\n\t<div class=\"wrapper\">\n\t\t<div class=\"inner-wrapper\">\n\t\t\t<div class=\"cards-title\">\n\t\t\t    \t\t\t\t\t\t\t<\/div>\n\t\t\t<div class=\"cards-wrapper\">\n\t\t\t    \n<div id=\"acf-block-64256295cce5c\" class=\"card card-fixed-button\" data-muted-autoplay=\"false\">\n    \t    \n\n                    <img decoding=\"async\" class=\"card-image\" src=\"https:\/\/hcp.biomarin.com\/es-es\/achondroplasia\/wp-content\/uploads\/sites\/5\/2022\/11\/mother-with-child.jpg?v=0.122\" alt=\"mother sat reading with child with Achodroplasia\" \/>        \n\t    <div class=\"card-content\">\n                            <h4>Manejo de la acondroplasia\n<\/h4>\n        \n                                                                                                            <p>Los especialistas de atenci\u00f3n primaria pueden ayudar a coordinar un enfoque multidisciplinar de la atenci\u00f3n. <\/p>\n                                                                                                                                                                                                                                                                        \n                                                                                        <\/div>\n                                <div class=\"card-actions\">\n                            \n                            <p><a class=\"button button-text button-arrow\" href=\"https:\/\/hcp.biomarin.com\/es-es\/achondroplasia\/medidas-terapeuticas\/\" target=\"_self\">M\u00e1s informaci\u00f3n sobre el tratamiento de la acondroplasia<\/a><\/p>\n                                                                                    <\/div>\n<\/div>\n\n<div id=\"acf-block-64256295cce7a\" class=\"card card-fixed-button\" data-muted-autoplay=\"false\">\n    \t    \n\n                    <img decoding=\"async\" class=\"card-image\" src=\"https:\/\/hcp.biomarin.com\/es-es\/achondroplasia\/wp-content\/uploads\/sites\/5\/2022\/11\/Impact_Card@2x.jpg?v=0.122\" alt=\"\" \/>        \n\t    <div class=\"card-content\">\n                            <h4>Complicaciones de la acondroplasia\n<\/h4>\n        \n                                                                                                            <p>Se pueden esperar complicaciones comunes a lo largo de la vida de un individuo.<\/p>\n                                                                                                                                                                                                                                                                        \n                                                                                        <\/div>\n                                <div class=\"card-actions\">\n                            \n                            <p><a class=\"button button-text button-arrow\" href=\"https:\/\/hcp.biomarin.com\/es-es\/achondroplasia\/impacto\/\" target=\"_self\">M\u00e1s informaci\u00f3n sobre las complicaciones de la acondroplasia<\/a><\/p>\n                                                                                    <\/div>\n<\/div>\n\t\t\t<\/div>\n\t\t<\/div>\n\t<\/div>\n<\/div>\n\n<div id=\"acf-block-64256295cebf1\" class=\"block boxed-content quiz\">\n    <div class=\"wrapper\">\n        <div class=\"inner-wrapper\">\n            <div class=\"box\">\n\t\t\t\t<div class=\"quiz-question\">\n                    \t\t\t\t\t    <h2>Prueba tus conocimientos\n<\/h2>\n\t\t\t\t\t\n\t\t\t\t\t\t\t\t\t\t    <p>Los ni\u00f1os con acondroplasia solo requieren atenci\u00f3n m\u00e9dica para problemas f\u00edsicos.<\/p>\n\t\t\t\t\t\n                                            <div class=\"quiz-question-responses\">\n                                                                                                                                                            <a class=\"button button-ghost\" href=\"#\" data-correct-answer=\"false\">\n                                    Verdadero\n                                <\/a>\n                                                                                                                                                            <a class=\"button button-ghost\" href=\"#\" data-correct-answer=\"true\">\n                                    Falso\n                                <\/a>\n                                                    <\/div>\n\t\t\t\t\t\n                                            <div class=\"quiz-question-submit\">\n                            <p><a class=\"button\" href=\"#\">Enviar<\/a><\/p>\n                        <\/div>\n\t\t\t\t\t\t\t\t\t<\/div>\n\n\t\t\t\t<div class=\"quiz-answer\" style=\"display:none;\">\n\t\t\t\t    \t\t\t\t        \t\t\t\t\t    <p class=\"quiz-answer-choice\">Tu elegiste: %choice%\n<\/p>\n\t\t\t\t\t\n\t\t\t\t\t\t\t\t\t\t    <div class=\"split-content\">\n                            <div class=\"wrapper\">\n                                <div class=\"inner-wrapper\">\n                                    <div class=\"content-block\">\n                                                                                    <h2 class=\"correct\" style=\"display:none;\">Correcto!\n<\/h2>\n                                        \n                                                                                    <h2 class=\"incorrect\" style=\"display:none;\">Eso no es correcto &#8211; La respuesta correcta es %answer%\n<\/h2>\n                                        \n                                                                                    <p>Los ni\u00f1os con acondroplasia tambi\u00e9n pueden enfrentar <b>desaf\u00edos funcionales y psicosociales<\/b>, especialmente cuando comienzan en el colegio y hacen la transici\u00f3n a la pubertad.<sup>1-3<\/sup><\/p>\n                                                                            <\/div>\n                                    <div class=\"content-block\">\n                                                                                    <figure>\n                                                <div class=\"image\">\n                                                    <img decoding=\"async\" class=\"\" src=\"https:\/\/hcp.biomarin.com\/es-es\/achondroplasia\/wp-content\/uploads\/sites\/5\/2023\/03\/Screenshot_2023-03-30_at_11.17.20-removebg-preview.png?v=0.122\" alt=\"\" \/>                                                <\/div>\n                                            <\/figure>\n                                                                            <\/div>\n                                <\/div>\n                            <\/div>\n                        <\/div>\n\t\t\t\t\t\n\t\t\t\t\t                        <p class=\"references\">\n                            <a class=\"quiz-references-modal\" href=\"#quiz-references-modal\">Bibliograf\u00eda<\/a>\n                        <\/p>\n                        <div id=\"quiz-references-modal\" class=\"quiz-references white-popup-block mfp-hide\">\n                            <div class=\"box references\">\n                                <p><a class=\"modal-close\" href=\"#\">Cerca Bibliograf\u00eda<\/a><\/p>\n                                                                    <h2>Bibliograf\u00eda:\n<\/h2>\n                                                                <ol>\n                                                                                                                                                                                                        <li><span>Hoover-Fong J, Scott CI, Jones MC; COMMITTEE ON GENETICS. Health Supervision for People With Achondroplasia.\u202fPediatrics. 2020;145(6):e20201010. doi:10.1542\/peds.2020-1010.\n<\/span><\/li>\n                                                                                                                                                                                                                                                <li><span>Wright MJ, Irving MD. Clinical management of achondroplasia.\u202fArch Dis Child. 2012;97(2):129-134. doi:10.1136\/adc.2010.189092.\n<\/span><\/li>\n                                                                                                                                                                                                                                                <li><span>Ireland PJ, McGill J, Zankl A, et al. Functional performance in young Australian children with achondroplasia.\u202fDev Med Child Neurol. 2011;53(10):944-950.\n<\/span><\/li>\n                                                                                                            <\/ol>\n                            <\/div>\n                        <\/div>\n\t\t\t\t\t\t\t\t\t<\/div>\n\t\t\t<\/div>\n        <\/div>\n    <\/div>\n<\/div>\n\n<div id=\"acf-block-64256295cee18\" class=\"block print-page\">\n    <div class=\"wrapper\">\n        <div class=\"inner-wrapper\">\n            <p><a class=\"button button-print\" href=\"#\">imprime esta p\u00e1gina<\/a><\/p>\n        <\/div>\n    <\/div>\n<\/div>","protected":false},"excerpt":{"rendered":"","protected":false},"author":4,"featured_media":0,"parent":0,"menu_order":0,"comment_status":"closed","ping_status":"closed","template":"","meta":{"_acf_changed":false,"inline_featured_image":false,"footnotes":""},"class_list":["post-25","page","type-page","status-publish","hentry"],"acf":[],"yoast_head":"<!-- This site is optimized with the Yoast SEO plugin v27.1.1 - https:\/\/yoast.com\/product\/yoast-seo-wordpress\/ -->\n<title>Art\u00edculos y hojas informativas sobre acondroplasia | Recursos<\/title>\n<meta name=\"description\" content=\"Profundice su conocimiento sobre la acondroplasia con folletos educativos descargables, hojas de trabajo, formularios de revisi\u00f3n y m\u00e1s.\" \/>\n<meta name=\"robots\" content=\"index, follow, max-snippet:-1, max-image-preview:large, max-video-preview:-1\" \/>\n<link rel=\"canonical\" href=\"https:\/\/hcp.biomarin.com\/es-es\/achondroplasia\/recursos\/\" \/>\n<meta property=\"og:locale\" content=\"es_ES\" \/>\n<meta property=\"og:type\" content=\"article\" \/>\n<meta property=\"og:title\" content=\"Art\u00edculos y hojas informativas sobre acondroplasia | Recursos\" \/>\n<meta property=\"og:description\" content=\"Profundice su conocimiento sobre la acondroplasia con folletos educativos descargables, hojas de trabajo, formularios de revisi\u00f3n y m\u00e1s.\" \/>\n<meta property=\"og:url\" content=\"https:\/\/hcp.biomarin.com\/es-es\/achondroplasia\/recursos\/\" \/>\n<meta property=\"og:site_name\" content=\"BioMarin ACH DSE HCP ES-ES\" \/>\n<meta property=\"article:publisher\" content=\"https:\/\/www.facebook.com\/BioMarinOfficial\/\" \/>\n<meta property=\"article:modified_time\" content=\"2024-05-16T10:59:55+00:00\" \/>\n<meta name=\"twitter:card\" content=\"summary_large_image\" \/>\n<script type=\"application\/ld+json\" class=\"yoast-schema-graph\">{\"@context\":\"https:\/\/schema.org\",\"@graph\":[{\"@type\":\"WebPage\",\"@id\":\"https:\/\/hcp.biomarin.com\/es-es\/achondroplasia\/recursos\/\",\"url\":\"https:\/\/hcp.biomarin.com\/es-es\/achondroplasia\/recursos\/\",\"name\":\"Art\u00edculos y hojas informativas sobre acondroplasia | Recursos\",\"isPartOf\":{\"@id\":\"https:\/\/hcp.biomarin.com\/es-es\/achondroplasia\/#website\"},\"datePublished\":\"2022-11-03T18:35:42+00:00\",\"dateModified\":\"2024-05-16T10:59:55+00:00\",\"description\":\"Profundice su conocimiento sobre la acondroplasia con folletos educativos descargables, hojas de trabajo, formularios de revisi\u00f3n y m\u00e1s.\",\"breadcrumb\":{\"@id\":\"https:\/\/hcp.biomarin.com\/es-es\/achondroplasia\/recursos\/#breadcrumb\"},\"inLanguage\":\"es\",\"potentialAction\":[{\"@type\":\"ReadAction\",\"target\":[\"https:\/\/hcp.biomarin.com\/es-es\/achondroplasia\/recursos\/\"]}]},{\"@type\":\"BreadcrumbList\",\"@id\":\"https:\/\/hcp.biomarin.com\/es-es\/achondroplasia\/recursos\/#breadcrumb\",\"itemListElement\":[{\"@type\":\"ListItem\",\"position\":1,\"name\":\"Home\",\"item\":\"https:\/\/hcp.biomarin.com\/es-es\/achondroplasia\/\"},{\"@type\":\"ListItem\",\"position\":2,\"name\":\"Recursos\"}]},{\"@type\":\"WebSite\",\"@id\":\"https:\/\/hcp.biomarin.com\/es-es\/achondroplasia\/#website\",\"url\":\"https:\/\/hcp.biomarin.com\/es-es\/achondroplasia\/\",\"name\":\"BioMarin ACH DSE HCP ES-ES\",\"description\":\"\",\"publisher\":{\"@id\":\"https:\/\/hcp.biomarin.com\/es-es\/achondroplasia\/#organization\"},\"potentialAction\":[{\"@type\":\"SearchAction\",\"target\":{\"@type\":\"EntryPoint\",\"urlTemplate\":\"https:\/\/hcp.biomarin.com\/es-es\/achondroplasia\/?s={search_term_string}\"},\"query-input\":{\"@type\":\"PropertyValueSpecification\",\"valueRequired\":true,\"valueName\":\"search_term_string\"}}],\"inLanguage\":\"es\"},{\"@type\":\"Organization\",\"@id\":\"https:\/\/hcp.biomarin.com\/es-es\/achondroplasia\/#organization\",\"name\":\"BioMarin\",\"url\":\"https:\/\/hcp.biomarin.com\/es-es\/achondroplasia\/\",\"logo\":{\"@type\":\"ImageObject\",\"inLanguage\":\"es\",\"@id\":\"https:\/\/hcp.biomarin.com\/es-es\/achondroplasia\/#\/schema\/logo\/image\/\",\"url\":\"https:\/\/hcp.biomarin.com\/es-es\/achondroplasia\/wp-content\/uploads\/sites\/5\/2023\/01\/biomarin-logo.svg\",\"contentUrl\":\"https:\/\/hcp.biomarin.com\/es-es\/achondroplasia\/wp-content\/uploads\/sites\/5\/2023\/01\/biomarin-logo.svg\",\"width\":\"1024\",\"height\":\"1024\",\"caption\":\"BioMarin\"},\"image\":{\"@id\":\"https:\/\/hcp.biomarin.com\/es-es\/achondroplasia\/#\/schema\/logo\/image\/\"},\"sameAs\":[\"https:\/\/www.facebook.com\/BioMarinOfficial\/\",\"https:\/\/www.linkedin.com\/company\/biomarin\"]}]}<\/script>\n<!-- \/ Yoast SEO plugin. -->","yoast_head_json":{"title":"Art\u00edculos y hojas informativas sobre acondroplasia | Recursos","description":"Profundice su conocimiento sobre la acondroplasia con folletos educativos descargables, hojas de trabajo, formularios de revisi\u00f3n y m\u00e1s.","robots":{"index":"index","follow":"follow","max-snippet":"max-snippet:-1","max-image-preview":"max-image-preview:large","max-video-preview":"max-video-preview:-1"},"canonical":"https:\/\/hcp.biomarin.com\/es-es\/achondroplasia\/recursos\/","og_locale":"es_ES","og_type":"article","og_title":"Art\u00edculos y hojas informativas sobre acondroplasia | Recursos","og_description":"Profundice su conocimiento sobre la acondroplasia con folletos educativos descargables, hojas de trabajo, formularios de revisi\u00f3n y m\u00e1s.","og_url":"https:\/\/hcp.biomarin.com\/es-es\/achondroplasia\/recursos\/","og_site_name":"BioMarin ACH DSE HCP ES-ES","article_publisher":"https:\/\/www.facebook.com\/BioMarinOfficial\/","article_modified_time":"2024-05-16T10:59:55+00:00","twitter_card":"summary_large_image","schema":{"@context":"https:\/\/schema.org","@graph":[{"@type":"WebPage","@id":"https:\/\/hcp.biomarin.com\/es-es\/achondroplasia\/recursos\/","url":"https:\/\/hcp.biomarin.com\/es-es\/achondroplasia\/recursos\/","name":"Art\u00edculos y hojas informativas sobre acondroplasia | Recursos","isPartOf":{"@id":"https:\/\/hcp.biomarin.com\/es-es\/achondroplasia\/#website"},"datePublished":"2022-11-03T18:35:42+00:00","dateModified":"2024-05-16T10:59:55+00:00","description":"Profundice su conocimiento sobre la acondroplasia con folletos educativos descargables, hojas de trabajo, formularios de revisi\u00f3n y m\u00e1s.","breadcrumb":{"@id":"https:\/\/hcp.biomarin.com\/es-es\/achondroplasia\/recursos\/#breadcrumb"},"inLanguage":"es","potentialAction":[{"@type":"ReadAction","target":["https:\/\/hcp.biomarin.com\/es-es\/achondroplasia\/recursos\/"]}]},{"@type":"BreadcrumbList","@id":"https:\/\/hcp.biomarin.com\/es-es\/achondroplasia\/recursos\/#breadcrumb","itemListElement":[{"@type":"ListItem","position":1,"name":"Home","item":"https:\/\/hcp.biomarin.com\/es-es\/achondroplasia\/"},{"@type":"ListItem","position":2,"name":"Recursos"}]},{"@type":"WebSite","@id":"https:\/\/hcp.biomarin.com\/es-es\/achondroplasia\/#website","url":"https:\/\/hcp.biomarin.com\/es-es\/achondroplasia\/","name":"BioMarin ACH DSE HCP ES-ES","description":"","publisher":{"@id":"https:\/\/hcp.biomarin.com\/es-es\/achondroplasia\/#organization"},"potentialAction":[{"@type":"SearchAction","target":{"@type":"EntryPoint","urlTemplate":"https:\/\/hcp.biomarin.com\/es-es\/achondroplasia\/?s={search_term_string}"},"query-input":{"@type":"PropertyValueSpecification","valueRequired":true,"valueName":"search_term_string"}}],"inLanguage":"es"},{"@type":"Organization","@id":"https:\/\/hcp.biomarin.com\/es-es\/achondroplasia\/#organization","name":"BioMarin","url":"https:\/\/hcp.biomarin.com\/es-es\/achondroplasia\/","logo":{"@type":"ImageObject","inLanguage":"es","@id":"https:\/\/hcp.biomarin.com\/es-es\/achondroplasia\/#\/schema\/logo\/image\/","url":"https:\/\/hcp.biomarin.com\/es-es\/achondroplasia\/wp-content\/uploads\/sites\/5\/2023\/01\/biomarin-logo.svg","contentUrl":"https:\/\/hcp.biomarin.com\/es-es\/achondroplasia\/wp-content\/uploads\/sites\/5\/2023\/01\/biomarin-logo.svg","width":"1024","height":"1024","caption":"BioMarin"},"image":{"@id":"https:\/\/hcp.biomarin.com\/es-es\/achondroplasia\/#\/schema\/logo\/image\/"},"sameAs":["https:\/\/www.facebook.com\/BioMarinOfficial\/","https:\/\/www.linkedin.com\/company\/biomarin"]}]}},"_links":{"self":[{"href":"https:\/\/hcp.biomarin.com\/es-es\/achondroplasia\/wp-json\/wp\/v2\/pages\/25","targetHints":{"allow":["GET"]}}],"collection":[{"href":"https:\/\/hcp.biomarin.com\/es-es\/achondroplasia\/wp-json\/wp\/v2\/pages"}],"about":[{"href":"https:\/\/hcp.biomarin.com\/es-es\/achondroplasia\/wp-json\/wp\/v2\/types\/page"}],"author":[{"embeddable":true,"href":"https:\/\/hcp.biomarin.com\/es-es\/achondroplasia\/wp-json\/wp\/v2\/users\/4"}],"replies":[{"embeddable":true,"href":"https:\/\/hcp.biomarin.com\/es-es\/achondroplasia\/wp-json\/wp\/v2\/comments?post=25"}],"version-history":[{"count":211,"href":"https:\/\/hcp.biomarin.com\/es-es\/achondroplasia\/wp-json\/wp\/v2\/pages\/25\/revisions"}],"predecessor-version":[{"id":3017,"href":"https:\/\/hcp.biomarin.com\/es-es\/achondroplasia\/wp-json\/wp\/v2\/pages\/25\/revisions\/3017"}],"wp:attachment":[{"href":"https:\/\/hcp.biomarin.com\/es-es\/achondroplasia\/wp-json\/wp\/v2\/media?parent=25"}],"curies":[{"name":"wp","href":"https:\/\/api.w.org\/{rel}","templated":true}]}}