{"id":5450,"date":"2025-10-09T14:44:02","date_gmt":"2025-10-09T14:44:02","guid":{"rendered":"https:\/\/cln2dsehcp-dev-001-e0bbcwdbawcwa3ak.westus2-01.azurewebsites.net\/en-gb\/cln2\/expert\/?page_id=5450"},"modified":"2026-02-18T13:58:53","modified_gmt":"2026-02-18T13:58:53","slug":"events","status":"publish","type":"page","link":"https:\/\/hcp.biomarin.com\/en-gb\/cln2\/expert\/events\/","title":{"rendered":"Webinars and Events"},"content":{"rendered":"<div id=\"acf-block-6911d2a64c144\" class=\"block event-listing\">\n\t<div class=\"wrapper\">\n\t\t<div class=\"inner-wrapper\">\n            \t\t<\/div>\n\t<\/div>\n<\/div>\n\n<div id=\"acf-block-6914a3d5c00cc\" class=\"block event-listing\">\n\t<div class=\"wrapper\">\n\t\t<div class=\"inner-wrapper\">\n                                                <div class=\"listing-title\">\n                        <h2>On Demand\n<\/h2>\n                    <\/div>\n                \n                                    \n                    \n                    \n                                                                                                                                                                                                                                                \n                                                                                        \n                                        <article class=\"event\">\n                        <div class=\"event-split-layout\">\n\n                                                            <div class=\"event-image-block\">\n                                    <div class=\"event-image\" style=\"background-image: url(https:\/\/hcp.biomarin.com\/en-gb\/cln2\/expert\/wp-content\/uploads\/sites\/2\/2025\/10\/cln2-f000000-1024x576.jpg);\">\n                                                                            <\/div>\n                                <\/div>\n                            \n                            <div class=\"event-details\">\n                                                                                                        <p class=\"event-type event-type-event\">On Demand<\/p>\n                                \n                                \n                                <div class=\"event-information\">\n                                                                            <h3>Treatable infantile epilepsies: How do we diagnose earlier? presented by Professor St\u00e9phane Auvin (FR)\n<\/h3>\n                                                                                                                <p>During this webinar, first broadcast at the BioMarin sponsored CLN2 Masterclass 2021, Professor St\u00e9phane Auvin from the Robert Debr\u00e9 University Hospital &amp; Universit\u00e9 de Paris, Paris, France, focusses on treatable infantile epilepsy (with a particular focus about myoclonic epilepsies), how to identify them and how to diagnose as early as possible.<\/p>\n                                    \n                                    \n                                                                                                                                                                                                                                                                                            <p><a class=\"button\" href=\"https:\/\/player.vimeo.com\/video\/1166066290\" target=\"_self\">Watch\/Download<\/a><\/p>\n                                                                    <\/div>\n\n                                                            <\/div>\n                        <\/div>\n                    <\/article>\n                            \t\t<\/div>\n\t<\/div>\n<\/div>","protected":false},"excerpt":{"rendered":"","protected":false},"author":3,"featured_media":0,"parent":0,"menu_order":0,"comment_status":"closed","ping_status":"closed","template":"events.php","meta":{"_acf_changed":false,"inline_featured_image":false,"footnotes":""},"class_list":["post-5450","page","type-page","status-publish","hentry"],"acf":[],"yoast_head":"<!-- This site is optimized with the Yoast SEO plugin v27.1.1 - https:\/\/yoast.com\/product\/yoast-seo-wordpress\/ -->\n<title>Webinars and Events - BioMarin CLN2 Expert HCP EN-GB<\/title>\n<meta name=\"description\" content=\"Explore upcoming educational webinars, expert panels, scientific meetings and events dedicated to CLN2 disease.\" \/>\n<meta name=\"robots\" content=\"index, follow, max-snippet:-1, max-image-preview:large, max-video-preview:-1\" \/>\n<link rel=\"canonical\" href=\"https:\/\/hcp.biomarin.com\/en-gb\/cln2\/expert\/events\/\" \/>\n<meta property=\"og:locale\" content=\"en_GB\" \/>\n<meta property=\"og:type\" content=\"article\" \/>\n<meta property=\"og:title\" content=\"Webinar and events\" \/>\n<meta property=\"og:description\" content=\"Explore upcoming educational webinars, expert panels, scientific meetings and events dedicated to CLN2 disease.\" \/>\n<meta property=\"og:url\" content=\"https:\/\/hcp.biomarin.com\/en-gb\/cln2\/expert\/events\/\" \/>\n<meta property=\"og:site_name\" content=\"BioMarin CLN2 Expert HCP EN-GB\" \/>\n<meta property=\"article:publisher\" content=\"https:\/\/www.facebook.com\/BioMarinOfficial\/\" \/>\n<meta property=\"article:modified_time\" content=\"2026-02-18T13:58:53+00:00\" \/>\n<meta property=\"og:image\" content=\"https:\/\/hcp.biomarin.com\/en-gb\/cln2\/expert\/wp-content\/uploads\/sites\/2\/2025\/11\/CLN2-Logo.png?v=0.2\" \/>\n\t<meta property=\"og:image:width\" content=\"2264\" \/>\n\t<meta property=\"og:image:height\" content=\"738\" \/>\n\t<meta property=\"og:image:type\" content=\"image\/png\" \/>\n<meta name=\"twitter:card\" content=\"summary_large_image\" \/>\n<script type=\"application\/ld+json\" class=\"yoast-schema-graph\">{\"@context\":\"https:\/\/schema.org\",\"@graph\":[{\"@type\":\"WebPage\",\"@id\":\"https:\/\/hcp.biomarin.com\/en-gb\/cln2\/expert\/events\/\",\"url\":\"https:\/\/hcp.biomarin.com\/en-gb\/cln2\/expert\/events\/\",\"name\":\"Webinars and Events - BioMarin CLN2 Expert HCP EN-GB\",\"isPartOf\":{\"@id\":\"https:\/\/hcp.biomarin.com\/en-gb\/cln2\/expert\/#website\"},\"datePublished\":\"2025-10-09T14:44:02+00:00\",\"dateModified\":\"2026-02-18T13:58:53+00:00\",\"description\":\"Explore upcoming educational webinars, expert panels, scientific meetings and events dedicated to CLN2 disease.\",\"breadcrumb\":{\"@id\":\"https:\/\/hcp.biomarin.com\/en-gb\/cln2\/expert\/events\/#breadcrumb\"},\"inLanguage\":\"en-GB\",\"potentialAction\":[{\"@type\":\"ReadAction\",\"target\":[\"https:\/\/hcp.biomarin.com\/en-gb\/cln2\/expert\/events\/\"]}]},{\"@type\":\"BreadcrumbList\",\"@id\":\"https:\/\/hcp.biomarin.com\/en-gb\/cln2\/expert\/events\/#breadcrumb\",\"itemListElement\":[{\"@type\":\"ListItem\",\"position\":1,\"name\":\"Home\",\"item\":\"https:\/\/hcp.biomarin.com\/en-gb\/cln2\/expert\/\"},{\"@type\":\"ListItem\",\"position\":2,\"name\":\"Webinars and Events\"}]},{\"@type\":\"WebSite\",\"@id\":\"https:\/\/hcp.biomarin.com\/en-gb\/cln2\/expert\/#website\",\"url\":\"https:\/\/hcp.biomarin.com\/en-gb\/cln2\/expert\/\",\"name\":\"BioMarin CLN2 Expert HCP EN-GB\",\"description\":\"\",\"publisher\":{\"@id\":\"https:\/\/hcp.biomarin.com\/en-gb\/cln2\/expert\/#organization\"},\"potentialAction\":[{\"@type\":\"SearchAction\",\"target\":{\"@type\":\"EntryPoint\",\"urlTemplate\":\"https:\/\/hcp.biomarin.com\/en-gb\/cln2\/expert\/?s={search_term_string}\"},\"query-input\":{\"@type\":\"PropertyValueSpecification\",\"valueRequired\":true,\"valueName\":\"search_term_string\"}}],\"inLanguage\":\"en-GB\"},{\"@type\":\"Organization\",\"@id\":\"https:\/\/hcp.biomarin.com\/en-gb\/cln2\/expert\/#organization\",\"name\":\"BioMarin\",\"url\":\"https:\/\/hcp.biomarin.com\/en-gb\/cln2\/expert\/\",\"logo\":{\"@type\":\"ImageObject\",\"inLanguage\":\"en-GB\",\"@id\":\"https:\/\/hcp.biomarin.com\/en-gb\/cln2\/expert\/#\/schema\/logo\/image\/\",\"url\":\"\",\"contentUrl\":\"\",\"caption\":\"BioMarin\"},\"image\":{\"@id\":\"https:\/\/hcp.biomarin.com\/en-gb\/cln2\/expert\/#\/schema\/logo\/image\/\"},\"sameAs\":[\"https:\/\/www.facebook.com\/BioMarinOfficial\/\",\"https:\/\/www.linkedin.com\/company\/biomarin\"]}]}<\/script>\n<!-- \/ Yoast SEO plugin. -->","yoast_head_json":{"title":"Webinars and Events - BioMarin CLN2 Expert HCP EN-GB","description":"Explore upcoming educational webinars, expert panels, scientific meetings and events dedicated to CLN2 disease.","robots":{"index":"index","follow":"follow","max-snippet":"max-snippet:-1","max-image-preview":"max-image-preview:large","max-video-preview":"max-video-preview:-1"},"canonical":"https:\/\/hcp.biomarin.com\/en-gb\/cln2\/expert\/events\/","og_locale":"en_GB","og_type":"article","og_title":"Webinar and events","og_description":"Explore upcoming educational webinars, expert panels, scientific meetings and events dedicated to CLN2 disease.","og_url":"https:\/\/hcp.biomarin.com\/en-gb\/cln2\/expert\/events\/","og_site_name":"BioMarin CLN2 Expert HCP EN-GB","article_publisher":"https:\/\/www.facebook.com\/BioMarinOfficial\/","article_modified_time":"2026-02-18T13:58:53+00:00","og_image":[{"width":2264,"height":738,"url":"https:\/\/hcp.biomarin.com\/en-gb\/cln2\/expert\/wp-content\/uploads\/sites\/2\/2025\/11\/CLN2-Logo.png?v=0.2","type":"image\/png"}],"twitter_card":"summary_large_image","schema":{"@context":"https:\/\/schema.org","@graph":[{"@type":"WebPage","@id":"https:\/\/hcp.biomarin.com\/en-gb\/cln2\/expert\/events\/","url":"https:\/\/hcp.biomarin.com\/en-gb\/cln2\/expert\/events\/","name":"Webinars and Events - BioMarin CLN2 Expert HCP EN-GB","isPartOf":{"@id":"https:\/\/hcp.biomarin.com\/en-gb\/cln2\/expert\/#website"},"datePublished":"2025-10-09T14:44:02+00:00","dateModified":"2026-02-18T13:58:53+00:00","description":"Explore upcoming educational webinars, expert panels, scientific meetings and events dedicated to CLN2 disease.","breadcrumb":{"@id":"https:\/\/hcp.biomarin.com\/en-gb\/cln2\/expert\/events\/#breadcrumb"},"inLanguage":"en-GB","potentialAction":[{"@type":"ReadAction","target":["https:\/\/hcp.biomarin.com\/en-gb\/cln2\/expert\/events\/"]}]},{"@type":"BreadcrumbList","@id":"https:\/\/hcp.biomarin.com\/en-gb\/cln2\/expert\/events\/#breadcrumb","itemListElement":[{"@type":"ListItem","position":1,"name":"Home","item":"https:\/\/hcp.biomarin.com\/en-gb\/cln2\/expert\/"},{"@type":"ListItem","position":2,"name":"Webinars and Events"}]},{"@type":"WebSite","@id":"https:\/\/hcp.biomarin.com\/en-gb\/cln2\/expert\/#website","url":"https:\/\/hcp.biomarin.com\/en-gb\/cln2\/expert\/","name":"BioMarin CLN2 Expert HCP EN-GB","description":"","publisher":{"@id":"https:\/\/hcp.biomarin.com\/en-gb\/cln2\/expert\/#organization"},"potentialAction":[{"@type":"SearchAction","target":{"@type":"EntryPoint","urlTemplate":"https:\/\/hcp.biomarin.com\/en-gb\/cln2\/expert\/?s={search_term_string}"},"query-input":{"@type":"PropertyValueSpecification","valueRequired":true,"valueName":"search_term_string"}}],"inLanguage":"en-GB"},{"@type":"Organization","@id":"https:\/\/hcp.biomarin.com\/en-gb\/cln2\/expert\/#organization","name":"BioMarin","url":"https:\/\/hcp.biomarin.com\/en-gb\/cln2\/expert\/","logo":{"@type":"ImageObject","inLanguage":"en-GB","@id":"https:\/\/hcp.biomarin.com\/en-gb\/cln2\/expert\/#\/schema\/logo\/image\/","url":"","contentUrl":"","caption":"BioMarin"},"image":{"@id":"https:\/\/hcp.biomarin.com\/en-gb\/cln2\/expert\/#\/schema\/logo\/image\/"},"sameAs":["https:\/\/www.facebook.com\/BioMarinOfficial\/","https:\/\/www.linkedin.com\/company\/biomarin"]}]}},"_links":{"self":[{"href":"https:\/\/hcp.biomarin.com\/en-gb\/cln2\/expert\/wp-json\/wp\/v2\/pages\/5450","targetHints":{"allow":["GET"]}}],"collection":[{"href":"https:\/\/hcp.biomarin.com\/en-gb\/cln2\/expert\/wp-json\/wp\/v2\/pages"}],"about":[{"href":"https:\/\/hcp.biomarin.com\/en-gb\/cln2\/expert\/wp-json\/wp\/v2\/types\/page"}],"author":[{"embeddable":true,"href":"https:\/\/hcp.biomarin.com\/en-gb\/cln2\/expert\/wp-json\/wp\/v2\/users\/3"}],"replies":[{"embeddable":true,"href":"https:\/\/hcp.biomarin.com\/en-gb\/cln2\/expert\/wp-json\/wp\/v2\/comments?post=5450"}],"version-history":[{"count":17,"href":"https:\/\/hcp.biomarin.com\/en-gb\/cln2\/expert\/wp-json\/wp\/v2\/pages\/5450\/revisions"}],"predecessor-version":[{"id":5937,"href":"https:\/\/hcp.biomarin.com\/en-gb\/cln2\/expert\/wp-json\/wp\/v2\/pages\/5450\/revisions\/5937"}],"wp:attachment":[{"href":"https:\/\/hcp.biomarin.com\/en-gb\/cln2\/expert\/wp-json\/wp\/v2\/media?parent=5450"}],"curies":[{"name":"wp","href":"https:\/\/api.w.org\/{rel}","templated":true}]}}