{"id":4489,"date":"2024-03-08T18:50:16","date_gmt":"2024-03-08T18:50:16","guid":{"rendered":"https:\/\/hcp.biomarin.com\/en-gb\/achondroplasia\/expert\/?page_id=4489"},"modified":"2024-06-24T09:11:42","modified_gmt":"2024-06-24T09:11:42","slug":"contact-page33","status":"publish","type":"page","link":"https:\/\/hcp.biomarin.com\/en-gb\/achondroplasia\/expert\/contact-page33\/","title":{"rendered":"Contact p33"},"content":{"rendered":"<div id=\"acf-block-65ea04722e510\" class=\"block wrapped-content block-tight-bottom\">\n    <div class=\"wrapper\">\n        <div class=\"inner-wrapper\">\n                \n<div id=\"acf-block-65ea04722e68f\" class=\"block-wysiwyg\">\n            <h1>Contact<\/h1>\n<p>Join our growing community networking with one another by opting to share your details in our user directory in your account. You can also make contact with BioMarin.<\/p>\n    <\/div>\n        <\/div>\n    <\/div>\n<\/div>\n\n<div id=\"acf-block-65ea059a22105\" class=\"block wrapped-content bg-band block-zero-top block-tight-bottom block-remove-top-padding block-remove-bottom-padding\">\n    <div class=\"wrapper\">\n        <div class=\"inner-wrapper\">\n                \n<div id=\"acf-block-65ea24443b0ae\" class=\"block-wysiwyg\">\n            <h2 style=\"color: #28509c\">Contact BioMarin<\/h2>\n<p>If you would like to contact BioMarin, please <a href=\"https:\/\/www.biomarin.com\/web+request+form+for+commercial+sites\" target=\"_blank\" rel=\"noopener noreferrer\"> click here to submit a question or request<\/a><\/p>\n<h3>User Directory<\/h3>\n    <\/div>\n\n\n<figure class=\"wp-block-table is-style-stripes\"><table class=\"has-white-background-color has-background has-fixed-layout\"><thead><tr><th><strong>Name<\/strong><\/th><th><strong>Specialty<\/strong><\/th><th><strong>Institution<\/strong><\/th><th><strong>Country<\/strong><\/th><th><strong>Email<\/strong><\/th><\/tr><\/thead><tbody><tr><td>Maria Sredkova<\/td><td>Endocrinology, Diabetes &amp; Metabolism<\/td><td>SBALDB<\/td><td>Bulgaria<\/td><td><a href=\"mailto:msredkova@abv.bg\" class=\"styled-link\">Send Email<\/a><\/td><\/tr><tr><td>Maria Sredkova<\/td><td>Pediatric Endocrinology, Diabetes &amp; Metabolism<\/td><td>SBALDB<\/td><td>Bulgaria<\/td><td><a href=\"mailto:mariasredkova@abv.bg\" class=\"styled-link\">Send Email<\/a><\/td><\/tr><tr><td>Aikaterini Stasinaki<\/td><td>Pediatric Endocrinology, Diabetes &amp; Metabolism<\/td><td>Children&#8217;s Hospital of Eastern Switzerland<\/td><td>Switzerland<\/td><td><a href=\"mailto:kat.stasinakis@gmail.com\" class=\"styled-link\">Send Email<\/a><\/td><\/tr><tr><td>Ioana Streata<\/td><td>Genetics<\/td><td>UMF Craiova &#8211; CRGM Dolj &#8211; SCJUC<\/td><td>Romania<\/td><td><a href=\"mailto:Ioana.streata@umfcv.ro\" class=\"styled-link\">Send Email<\/a><\/td><\/tr><tr><td>Dr. Saoud T. Swafiri Swafiri<\/td><td>Genetics<\/td><td>Fundaci\u00f3n Jim\u00e9nez D\u00edaz<\/td><td>Spain<\/td><td><a href=\"mailto:stahsin@quironsalud.es\" class=\"styled-link\">Send Email<\/a><\/td><\/tr><tr><td>M\u00e1rta Szegedi<\/td><td>Genetics<\/td><td>Semmelweis University, Institute of Genomic Medicine and Rare Disorders<\/td><td>Hungary<\/td><td><a href=\"mailto:szegedi.marta@med.semmelweis-univ.hu\" class=\"styled-link\">Send Email<\/a><\/td><\/tr><tr><td>Randa Taha<\/td><td>Neonatal<\/td><td>El galaa teaching hospital<\/td><td>Egypt<\/td><td><a href=\"mailto:randaibrahimtaha@gmail.com\" class=\"styled-link\">Send Email<\/a><\/td><\/tr><tr><td>Sameh Tawfik<\/td><td>Endocrinology, Diabetes &amp; Metabolism<\/td><td>Maadi<\/td><td>Egypt<\/td><td><a href=\"mailto:stawfikamer@yahoo.com\" class=\"styled-link\">Send Email<\/a><\/td><\/tr><tr><td>Hala Tfayli<\/td><td>Pediatric Endocrinology<\/td><td>American University of Beirut<\/td><td>Lebanon<\/td><td><a href=\"mailto:ht31@aub.edu.lb\" class=\"styled-link\">Send Email<\/a><\/td><\/tr><tr><td>Tinatin Tkemaladze<\/td><td>Clinical Biochemical Genetics<\/td><td>TSMU<\/td><td>Georgia<\/td><td><a href=\"mailto:tikatkem@gmail.com\" class=\"styled-link\">Send Email<\/a><\/td><\/tr><\/tbody><\/table><\/figure>\n\n        <\/div>\n    <\/div>\n<\/div>\n\n<div id=\"acf-block-65eb49a23da9e\" class=\"block wrapped-content block-tight-top\">\n    <div class=\"wrapper\">\n        <div class=\"inner-wrapper\">\n                \n<div id=\"acf-block-65eb49a23db5b\" class=\"card\" data-muted-autoplay=\"false\">\n        <div class=\"card-content\">\n                \n                                                                                                            <p style=\"text-align: center\"><a href=\"https:\/\/hcp.biomarin.com\/en-gb\/achondroplasia\/expert\/contact-page1\/\">1<\/a> <a href=\"https:\/\/hcp.biomarin.com\/en-gb\/achondroplasia\/expert\/contact-page2\/\">2<\/a> <a href=\"https:\/\/hcp.biomarin.com\/en-gb\/achondroplasia\/expert\/contact-page3\/\">3<\/a> <a href=\"https:\/\/hcp.biomarin.com\/en-gb\/achondroplasia\/expert\/contact-page4\/\">4<\/a> <a href=\"https:\/\/hcp.biomarin.com\/en-gb\/achondroplasia\/expert\/contact-page5\/\">5<\/a> <a href=\"https:\/\/hcp.biomarin.com\/en-gb\/achondroplasia\/expert\/contact-page6\/\">6<\/a> <a href=\"https:\/\/hcp.biomarin.com\/en-gb\/achondroplasia\/expert\/contact-page7\/\">7<\/a> <a href=\"https:\/\/hcp.biomarin.com\/en-gb\/achondroplasia\/expert\/contact-page8\/\">8<\/a> <a href=\"https:\/\/hcp.biomarin.com\/en-gb\/achondroplasia\/expert\/contact-page9\/\">9<\/a> <a href=\"https:\/\/hcp.biomarin.com\/en-gb\/achondroplasia\/expert\/contact-page10\/\">10<\/a> <a href=\"https:\/\/hcp.biomarin.com\/en-gb\/achondroplasia\/expert\/contact-page11\/\">11<\/a> <a href=\"https:\/\/hcp.biomarin.com\/en-gb\/achondroplasia\/expert\/contact-page12\/\">12<\/a> <a href=\"https:\/\/hcp.biomarin.com\/en-gb\/achondroplasia\/expert\/contact-page13\/\">13<\/a> <a href=\"https:\/\/hcp.biomarin.com\/en-gb\/achondroplasia\/expert\/contact-page14\/\">14<\/a> <a href=\"https:\/\/hcp.biomarin.com\/en-gb\/achondroplasia\/expert\/contact-page15\/\">15<\/a> <a href=\"https:\/\/hcp.biomarin.com\/en-gb\/achondroplasia\/expert\/contact-page16\/\">16<\/a> <a href=\"https:\/\/hcp.biomarin.com\/en-gb\/achondroplasia\/expert\/contact-page17\/\">17<\/a> <a href=\"https:\/\/hcp.biomarin.com\/en-gb\/achondroplasia\/expert\/contact-page18\/\">18<\/a> <a href=\"https:\/\/hcp.biomarin.com\/en-gb\/achondroplasia\/expert\/contact-page19\/\">19<\/a> <a href=\"https:\/\/hcp.biomarin.com\/en-gb\/achondroplasia\/expert\/contact-page20\/\">20<\/a> <a href=\"https:\/\/hcp.biomarin.com\/en-gb\/achondroplasia\/expert\/contact-page21\/\">21<\/a> <a href=\"https:\/\/hcp.biomarin.com\/en-gb\/achondroplasia\/expert\/contact-page22\/\">22<\/a> <a href=\"https:\/\/hcp.biomarin.com\/en-gb\/achondroplasia\/expert\/contact-page23\/\">23<\/a> <a href=\"https:\/\/hcp.biomarin.com\/en-gb\/achondroplasia\/expert\/contact-page24\/\">24<\/a> <a href=\"https:\/\/hcp.biomarin.com\/en-gb\/achondroplasia\/expert\/contact-page25\/\">25<\/a> <a href=\"https:\/\/hcp.biomarin.com\/en-gb\/achondroplasia\/expert\/contact-page26\/\">26<\/a> <a href=\"https:\/\/hcp.biomarin.com\/en-gb\/achondroplasia\/expert\/contact-page27\/\">27<\/a> <a href=\"https:\/\/hcp.biomarin.com\/en-gb\/achondroplasia\/expert\/contact-page28\/\">28<\/a> <a href=\"https:\/\/hcp.biomarin.com\/en-gb\/achondroplasia\/expert\/contact-page29\/\">29<\/a> <a href=\"https:\/\/hcp.biomarin.com\/en-gb\/achondroplasia\/expert\/contact-page30\/\">30<\/a> <a href=\"https:\/\/hcp.biomarin.com\/en-gb\/achondroplasia\/expert\/contact-page31\/\">31<\/a> <a href=\"https:\/\/hcp.biomarin.com\/en-gb\/achondroplasia\/expert\/contact-page32\/\">32<\/a> <a href=\"https:\/\/hcp.biomarin.com\/en-gb\/achondroplasia\/expert\/contact-page33\/\">33<\/a> <a href=\"https:\/\/hcp.biomarin.com\/en-gb\/achondroplasia\/expert\/contact-page34\/\">34<\/a> <a href=\"https:\/\/hcp.biomarin.com\/en-gb\/achondroplasia\/expert\/contact-page35\/\">35<\/a> <a href=\"https:\/\/hcp.biomarin.com\/en-gb\/achondroplasia\/expert\/contact-page36\/\">36<\/a><\/p>\n                                                                                    <\/div>\n<\/div>\n        <\/div>\n    <\/div>\n<\/div>","protected":false},"excerpt":{"rendered":"","protected":false},"author":4,"featured_media":0,"parent":0,"menu_order":0,"comment_status":"closed","ping_status":"closed","template":"","meta":{"_acf_changed":false,"inline_featured_image":false,"footnotes":""},"class_list":["post-4489","page","type-page","status-publish","hentry"],"acf":[],"yoast_head":"<!-- This site is optimized with the Yoast SEO plugin v27.1.1 - https:\/\/yoast.com\/product\/yoast-seo-wordpress\/ -->\n<title>Contact p33 - BioMarin ACH DSE Expert HCP EN-GB<\/title>\n<meta name=\"robots\" content=\"index, follow, max-snippet:-1, max-image-preview:large, max-video-preview:-1\" \/>\n<link rel=\"canonical\" href=\"https:\/\/hcp.biomarin.com\/en-gb\/achondroplasia\/expert\/contact-page33\/\" \/>\n<meta property=\"og:locale\" content=\"en_GB\" \/>\n<meta property=\"og:type\" content=\"article\" \/>\n<meta property=\"og:title\" content=\"Contact p33 - BioMarin ACH DSE Expert HCP EN-GB\" \/>\n<meta property=\"og:url\" content=\"https:\/\/hcp.biomarin.com\/en-gb\/achondroplasia\/expert\/contact-page33\/\" \/>\n<meta property=\"og:site_name\" content=\"BioMarin ACH DSE Expert HCP EN-GB\" \/>\n<meta property=\"article:publisher\" content=\"https:\/\/www.facebook.com\/BioMarinOfficial\/\" \/>\n<meta property=\"article:modified_time\" content=\"2024-06-24T09:11:42+00:00\" \/>\n<meta name=\"twitter:card\" content=\"summary_large_image\" \/>\n<script type=\"application\/ld+json\" class=\"yoast-schema-graph\">{\"@context\":\"https:\/\/schema.org\",\"@graph\":[{\"@type\":\"WebPage\",\"@id\":\"https:\/\/hcp.biomarin.com\/en-gb\/achondroplasia\/expert\/contact-page33\/\",\"url\":\"https:\/\/hcp.biomarin.com\/en-gb\/achondroplasia\/expert\/contact-page33\/\",\"name\":\"Contact p33 - BioMarin ACH DSE Expert HCP EN-GB\",\"isPartOf\":{\"@id\":\"https:\/\/hcp.biomarin.com\/en-gb\/achondroplasia\/expert\/#website\"},\"datePublished\":\"2024-03-08T18:50:16+00:00\",\"dateModified\":\"2024-06-24T09:11:42+00:00\",\"breadcrumb\":{\"@id\":\"https:\/\/hcp.biomarin.com\/en-gb\/achondroplasia\/expert\/contact-page33\/#breadcrumb\"},\"inLanguage\":\"en-GB\",\"potentialAction\":[{\"@type\":\"ReadAction\",\"target\":[\"https:\/\/hcp.biomarin.com\/en-gb\/achondroplasia\/expert\/contact-page33\/\"]}]},{\"@type\":\"BreadcrumbList\",\"@id\":\"https:\/\/hcp.biomarin.com\/en-gb\/achondroplasia\/expert\/contact-page33\/#breadcrumb\",\"itemListElement\":[{\"@type\":\"ListItem\",\"position\":1,\"name\":\"Home\",\"item\":\"https:\/\/hcp.biomarin.com\/en-gb\/achondroplasia\/expert\/\"},{\"@type\":\"ListItem\",\"position\":2,\"name\":\"Contact p33\"}]},{\"@type\":\"WebSite\",\"@id\":\"https:\/\/hcp.biomarin.com\/en-gb\/achondroplasia\/expert\/#website\",\"url\":\"https:\/\/hcp.biomarin.com\/en-gb\/achondroplasia\/expert\/\",\"name\":\"BioMarin ACH DSE Expert HCP EN-GB\",\"description\":\"\",\"publisher\":{\"@id\":\"https:\/\/hcp.biomarin.com\/en-gb\/achondroplasia\/expert\/#organization\"},\"potentialAction\":[{\"@type\":\"SearchAction\",\"target\":{\"@type\":\"EntryPoint\",\"urlTemplate\":\"https:\/\/hcp.biomarin.com\/en-gb\/achondroplasia\/expert\/?s={search_term_string}\"},\"query-input\":{\"@type\":\"PropertyValueSpecification\",\"valueRequired\":true,\"valueName\":\"search_term_string\"}}],\"inLanguage\":\"en-GB\"},{\"@type\":\"Organization\",\"@id\":\"https:\/\/hcp.biomarin.com\/en-gb\/achondroplasia\/expert\/#organization\",\"name\":\"BioMarin\",\"url\":\"https:\/\/hcp.biomarin.com\/en-gb\/achondroplasia\/expert\/\",\"logo\":{\"@type\":\"ImageObject\",\"inLanguage\":\"en-GB\",\"@id\":\"https:\/\/hcp.biomarin.com\/en-gb\/achondroplasia\/expert\/#\/schema\/logo\/image\/\",\"url\":\"https:\/\/hcp.biomarin.com\/en-gb\/achondroplasia\/expert\/wp-content\/uploads\/sites\/13\/2023\/01\/biomarin-logo.svg\",\"contentUrl\":\"https:\/\/hcp.biomarin.com\/en-gb\/achondroplasia\/expert\/wp-content\/uploads\/sites\/13\/2023\/01\/biomarin-logo.svg\",\"width\":\"1024\",\"height\":\"1024\",\"caption\":\"BioMarin\"},\"image\":{\"@id\":\"https:\/\/hcp.biomarin.com\/en-gb\/achondroplasia\/expert\/#\/schema\/logo\/image\/\"},\"sameAs\":[\"https:\/\/www.facebook.com\/BioMarinOfficial\/\",\"https:\/\/www.linkedin.com\/company\/biomarin\"]}]}<\/script>\n<!-- \/ Yoast SEO plugin. -->","yoast_head_json":{"title":"Contact p33 - BioMarin ACH DSE Expert HCP EN-GB","robots":{"index":"index","follow":"follow","max-snippet":"max-snippet:-1","max-image-preview":"max-image-preview:large","max-video-preview":"max-video-preview:-1"},"canonical":"https:\/\/hcp.biomarin.com\/en-gb\/achondroplasia\/expert\/contact-page33\/","og_locale":"en_GB","og_type":"article","og_title":"Contact p33 - BioMarin ACH DSE Expert HCP EN-GB","og_url":"https:\/\/hcp.biomarin.com\/en-gb\/achondroplasia\/expert\/contact-page33\/","og_site_name":"BioMarin ACH DSE Expert HCP EN-GB","article_publisher":"https:\/\/www.facebook.com\/BioMarinOfficial\/","article_modified_time":"2024-06-24T09:11:42+00:00","twitter_card":"summary_large_image","schema":{"@context":"https:\/\/schema.org","@graph":[{"@type":"WebPage","@id":"https:\/\/hcp.biomarin.com\/en-gb\/achondroplasia\/expert\/contact-page33\/","url":"https:\/\/hcp.biomarin.com\/en-gb\/achondroplasia\/expert\/contact-page33\/","name":"Contact p33 - BioMarin ACH DSE Expert HCP EN-GB","isPartOf":{"@id":"https:\/\/hcp.biomarin.com\/en-gb\/achondroplasia\/expert\/#website"},"datePublished":"2024-03-08T18:50:16+00:00","dateModified":"2024-06-24T09:11:42+00:00","breadcrumb":{"@id":"https:\/\/hcp.biomarin.com\/en-gb\/achondroplasia\/expert\/contact-page33\/#breadcrumb"},"inLanguage":"en-GB","potentialAction":[{"@type":"ReadAction","target":["https:\/\/hcp.biomarin.com\/en-gb\/achondroplasia\/expert\/contact-page33\/"]}]},{"@type":"BreadcrumbList","@id":"https:\/\/hcp.biomarin.com\/en-gb\/achondroplasia\/expert\/contact-page33\/#breadcrumb","itemListElement":[{"@type":"ListItem","position":1,"name":"Home","item":"https:\/\/hcp.biomarin.com\/en-gb\/achondroplasia\/expert\/"},{"@type":"ListItem","position":2,"name":"Contact p33"}]},{"@type":"WebSite","@id":"https:\/\/hcp.biomarin.com\/en-gb\/achondroplasia\/expert\/#website","url":"https:\/\/hcp.biomarin.com\/en-gb\/achondroplasia\/expert\/","name":"BioMarin ACH DSE Expert HCP EN-GB","description":"","publisher":{"@id":"https:\/\/hcp.biomarin.com\/en-gb\/achondroplasia\/expert\/#organization"},"potentialAction":[{"@type":"SearchAction","target":{"@type":"EntryPoint","urlTemplate":"https:\/\/hcp.biomarin.com\/en-gb\/achondroplasia\/expert\/?s={search_term_string}"},"query-input":{"@type":"PropertyValueSpecification","valueRequired":true,"valueName":"search_term_string"}}],"inLanguage":"en-GB"},{"@type":"Organization","@id":"https:\/\/hcp.biomarin.com\/en-gb\/achondroplasia\/expert\/#organization","name":"BioMarin","url":"https:\/\/hcp.biomarin.com\/en-gb\/achondroplasia\/expert\/","logo":{"@type":"ImageObject","inLanguage":"en-GB","@id":"https:\/\/hcp.biomarin.com\/en-gb\/achondroplasia\/expert\/#\/schema\/logo\/image\/","url":"https:\/\/hcp.biomarin.com\/en-gb\/achondroplasia\/expert\/wp-content\/uploads\/sites\/13\/2023\/01\/biomarin-logo.svg","contentUrl":"https:\/\/hcp.biomarin.com\/en-gb\/achondroplasia\/expert\/wp-content\/uploads\/sites\/13\/2023\/01\/biomarin-logo.svg","width":"1024","height":"1024","caption":"BioMarin"},"image":{"@id":"https:\/\/hcp.biomarin.com\/en-gb\/achondroplasia\/expert\/#\/schema\/logo\/image\/"},"sameAs":["https:\/\/www.facebook.com\/BioMarinOfficial\/","https:\/\/www.linkedin.com\/company\/biomarin"]}]}},"_links":{"self":[{"href":"https:\/\/hcp.biomarin.com\/en-gb\/achondroplasia\/expert\/wp-json\/wp\/v2\/pages\/4489","targetHints":{"allow":["GET"]}}],"collection":[{"href":"https:\/\/hcp.biomarin.com\/en-gb\/achondroplasia\/expert\/wp-json\/wp\/v2\/pages"}],"about":[{"href":"https:\/\/hcp.biomarin.com\/en-gb\/achondroplasia\/expert\/wp-json\/wp\/v2\/types\/page"}],"author":[{"embeddable":true,"href":"https:\/\/hcp.biomarin.com\/en-gb\/achondroplasia\/expert\/wp-json\/wp\/v2\/users\/4"}],"replies":[{"embeddable":true,"href":"https:\/\/hcp.biomarin.com\/en-gb\/achondroplasia\/expert\/wp-json\/wp\/v2\/comments?post=4489"}],"version-history":[{"count":3,"href":"https:\/\/hcp.biomarin.com\/en-gb\/achondroplasia\/expert\/wp-json\/wp\/v2\/pages\/4489\/revisions"}],"predecessor-version":[{"id":4787,"href":"https:\/\/hcp.biomarin.com\/en-gb\/achondroplasia\/expert\/wp-json\/wp\/v2\/pages\/4489\/revisions\/4787"}],"wp:attachment":[{"href":"https:\/\/hcp.biomarin.com\/en-gb\/achondroplasia\/expert\/wp-json\/wp\/v2\/media?parent=4489"}],"curies":[{"name":"wp","href":"https:\/\/api.w.org\/{rel}","templated":true}]}}