{"id":2671,"date":"2024-05-14T22:30:57","date_gmt":"2024-05-14T22:30:57","guid":{"rendered":"https:\/\/hcp.biomarin.com\/de-de\/achondroplasia\/?page_id=2671"},"modified":"2025-11-16T20:42:16","modified_gmt":"2025-11-16T20:42:16","slug":"impressum","status":"publish","type":"page","link":"https:\/\/hcp.biomarin.com\/de-de\/achondroplasia\/impressum\/","title":{"rendered":"Impressum"},"content":{"rendered":"<div id=\"acf-block-63f4e69734cb0\" class=\"block wrapped-content block-zero-bottom\">\n    <div class=\"wrapper\">\n        <div class=\"inner-wrapper\">\n                \n<div id=\"acf-block-63f4e69734cbf\" class=\"block-wysiwyg\">\n            <h2>Impressum<\/h2>\n<h4><strong>Herausgeber:<\/strong><\/h4>\n<p>BioMarin Deutschland GmbH<br \/>\nWesterbachstra\u00dfe 28<br \/>\n61476 Kronberg (Ts.)<\/p>\n<p>Tel. +49 (0)6173 98 90 100<br \/>\nFax +49 (0)6173 98 90 109<br \/>\n<a href=\"https:\/\/www.biomarin.eu\/\" target=\"_blank\" rel=\"noopener\">www.biomarin.eu<\/a><\/p>\n<p>Gesch\u00e4ftsf\u00fchrer:\u00a0Richard Morris, Fabian F\u00fcllbier, Eric Davis, Brian Keogh<\/p>\n<p>Amtsgericht Frankfurt \u2013 Registergericht \u2013 HRB 95536<\/p>\n<p>Umsatzsteuernummer: DE293701259<\/p>\n<p>&nbsp;<\/p>\n<p>&nbsp;<\/p>\n<p>&nbsp;<\/p>\n<p>&nbsp;<\/p>\n<p>&nbsp;<\/p>\n<p>&nbsp;<\/p>\n<p>&nbsp;<\/p>\n    <\/div>\n        <\/div>\n    <\/div>\n<\/div>","protected":false},"excerpt":{"rendered":"","protected":false},"author":8,"featured_media":0,"parent":0,"menu_order":0,"comment_status":"closed","ping_status":"closed","template":"","meta":{"_acf_changed":false,"inline_featured_image":false,"footnotes":""},"class_list":["post-2671","page","type-page","status-publish","hentry"],"acf":[],"yoast_head":"<!-- This site is optimized with the Yoast SEO plugin v27.4 - https:\/\/yoast.com\/product\/yoast-seo-wordpress\/ -->\n<title>Achondroplasie und Skelettdysplasie | Medizinische Fachkr\u00e4fte<\/title>\n<meta name=\"description\" content=\"Entdecken Sie unsere Ressourcen f\u00fcr Mediziner zum Thema Achondroplasie, der h\u00e4ufigsten Form von Zwergwuchs, einschlie\u00dflich aktueller Forschungsergebnisse, Ursachen und mehr.\" \/>\n<meta name=\"robots\" content=\"index, follow, max-snippet:-1, max-image-preview:large, max-video-preview:-1\" \/>\n<link rel=\"canonical\" href=\"https:\/\/hcp.biomarin.com\/de-de\/achondroplasia\/impressum\/\" \/>\n<meta property=\"og:locale\" content=\"de_DE\" \/>\n<meta property=\"og:type\" content=\"article\" \/>\n<meta property=\"og:title\" content=\"Achondroplasie und Skelettdysplasie | Medizinische Fachkr\u00e4fte\" \/>\n<meta property=\"og:description\" content=\"Entdecken Sie unsere Ressourcen f\u00fcr Mediziner zum Thema Achondroplasie, der h\u00e4ufigsten Form von Zwergwuchs, einschlie\u00dflich aktueller Forschungsergebnisse, Ursachen und mehr.\" \/>\n<meta property=\"og:url\" content=\"https:\/\/hcp.biomarin.com\/de-de\/achondroplasia\/impressum\/\" \/>\n<meta property=\"og:site_name\" content=\"BioMarin ACH DSE HCP DE-DE\" \/>\n<meta property=\"article:publisher\" content=\"https:\/\/www.facebook.com\/BioMarinOfficial\/\" \/>\n<meta property=\"article:modified_time\" content=\"2025-11-16T20:42:16+00:00\" \/>\n<meta name=\"twitter:card\" content=\"summary_large_image\" \/>\n<script type=\"application\/ld+json\" class=\"yoast-schema-graph\">{\"@context\":\"https:\\\/\\\/schema.org\",\"@graph\":[{\"@type\":\"WebPage\",\"@id\":\"https:\\\/\\\/hcp.biomarin.com\\\/de-de\\\/achondroplasia\\\/impressum\\\/\",\"url\":\"https:\\\/\\\/hcp.biomarin.com\\\/de-de\\\/achondroplasia\\\/impressum\\\/\",\"name\":\"Achondroplasie und Skelettdysplasie | Medizinische Fachkr\u00e4fte\",\"isPartOf\":{\"@id\":\"https:\\\/\\\/hcp.biomarin.com\\\/de-de\\\/achondroplasia\\\/#website\"},\"datePublished\":\"2024-05-14T22:30:57+00:00\",\"dateModified\":\"2025-11-16T20:42:16+00:00\",\"description\":\"Entdecken Sie unsere Ressourcen f\u00fcr Mediziner zum Thema Achondroplasie, der h\u00e4ufigsten Form von Zwergwuchs, einschlie\u00dflich aktueller Forschungsergebnisse, Ursachen und mehr.\",\"breadcrumb\":{\"@id\":\"https:\\\/\\\/hcp.biomarin.com\\\/de-de\\\/achondroplasia\\\/impressum\\\/#breadcrumb\"},\"inLanguage\":\"de\",\"potentialAction\":[{\"@type\":\"ReadAction\",\"target\":[\"https:\\\/\\\/hcp.biomarin.com\\\/de-de\\\/achondroplasia\\\/impressum\\\/\"]}]},{\"@type\":\"BreadcrumbList\",\"@id\":\"https:\\\/\\\/hcp.biomarin.com\\\/de-de\\\/achondroplasia\\\/impressum\\\/#breadcrumb\",\"itemListElement\":[{\"@type\":\"ListItem\",\"position\":1,\"name\":\"Home\",\"item\":\"https:\\\/\\\/hcp.biomarin.com\\\/de-de\\\/achondroplasia\\\/\"},{\"@type\":\"ListItem\",\"position\":2,\"name\":\"Impressum\"}]},{\"@type\":\"WebSite\",\"@id\":\"https:\\\/\\\/hcp.biomarin.com\\\/de-de\\\/achondroplasia\\\/#website\",\"url\":\"https:\\\/\\\/hcp.biomarin.com\\\/de-de\\\/achondroplasia\\\/\",\"name\":\"BioMarin ACH DSE HCP DE-DE\",\"description\":\"\",\"publisher\":{\"@id\":\"https:\\\/\\\/hcp.biomarin.com\\\/de-de\\\/achondroplasia\\\/#organization\"},\"potentialAction\":[{\"@type\":\"SearchAction\",\"target\":{\"@type\":\"EntryPoint\",\"urlTemplate\":\"https:\\\/\\\/hcp.biomarin.com\\\/de-de\\\/achondroplasia\\\/?s={search_term_string}\"},\"query-input\":{\"@type\":\"PropertyValueSpecification\",\"valueRequired\":true,\"valueName\":\"search_term_string\"}}],\"inLanguage\":\"de\"},{\"@type\":\"Organization\",\"@id\":\"https:\\\/\\\/hcp.biomarin.com\\\/de-de\\\/achondroplasia\\\/#organization\",\"name\":\"BioMarin\",\"url\":\"https:\\\/\\\/hcp.biomarin.com\\\/de-de\\\/achondroplasia\\\/\",\"logo\":{\"@type\":\"ImageObject\",\"inLanguage\":\"de\",\"@id\":\"https:\\\/\\\/hcp.biomarin.com\\\/de-de\\\/achondroplasia\\\/#\\\/schema\\\/logo\\\/image\\\/\",\"url\":\"https:\\\/\\\/hcp.biomarin.com\\\/de-de\\\/achondroplasia\\\/wp-content\\\/uploads\\\/sites\\\/4\\\/2023\\\/01\\\/biomarin-logo.svg\",\"contentUrl\":\"https:\\\/\\\/hcp.biomarin.com\\\/de-de\\\/achondroplasia\\\/wp-content\\\/uploads\\\/sites\\\/4\\\/2023\\\/01\\\/biomarin-logo.svg\",\"width\":\"1024\",\"height\":\"1024\",\"caption\":\"BioMarin\"},\"image\":{\"@id\":\"https:\\\/\\\/hcp.biomarin.com\\\/de-de\\\/achondroplasia\\\/#\\\/schema\\\/logo\\\/image\\\/\"},\"sameAs\":[\"https:\\\/\\\/www.facebook.com\\\/BioMarinOfficial\\\/\",\"https:\\\/\\\/www.linkedin.com\\\/company\\\/biomarin\"]}]}<\/script>\n<!-- \/ Yoast SEO plugin. -->","yoast_head_json":{"title":"Achondroplasie und Skelettdysplasie | Medizinische Fachkr\u00e4fte","description":"Entdecken Sie unsere Ressourcen f\u00fcr Mediziner zum Thema Achondroplasie, der h\u00e4ufigsten Form von Zwergwuchs, einschlie\u00dflich aktueller Forschungsergebnisse, Ursachen und mehr.","robots":{"index":"index","follow":"follow","max-snippet":"max-snippet:-1","max-image-preview":"max-image-preview:large","max-video-preview":"max-video-preview:-1"},"canonical":"https:\/\/hcp.biomarin.com\/de-de\/achondroplasia\/impressum\/","og_locale":"de_DE","og_type":"article","og_title":"Achondroplasie und Skelettdysplasie | Medizinische Fachkr\u00e4fte","og_description":"Entdecken Sie unsere Ressourcen f\u00fcr Mediziner zum Thema Achondroplasie, der h\u00e4ufigsten Form von Zwergwuchs, einschlie\u00dflich aktueller Forschungsergebnisse, Ursachen und mehr.","og_url":"https:\/\/hcp.biomarin.com\/de-de\/achondroplasia\/impressum\/","og_site_name":"BioMarin ACH DSE HCP DE-DE","article_publisher":"https:\/\/www.facebook.com\/BioMarinOfficial\/","article_modified_time":"2025-11-16T20:42:16+00:00","twitter_card":"summary_large_image","schema":{"@context":"https:\/\/schema.org","@graph":[{"@type":"WebPage","@id":"https:\/\/hcp.biomarin.com\/de-de\/achondroplasia\/impressum\/","url":"https:\/\/hcp.biomarin.com\/de-de\/achondroplasia\/impressum\/","name":"Achondroplasie und Skelettdysplasie | Medizinische Fachkr\u00e4fte","isPartOf":{"@id":"https:\/\/hcp.biomarin.com\/de-de\/achondroplasia\/#website"},"datePublished":"2024-05-14T22:30:57+00:00","dateModified":"2025-11-16T20:42:16+00:00","description":"Entdecken Sie unsere Ressourcen f\u00fcr Mediziner zum Thema Achondroplasie, der h\u00e4ufigsten Form von Zwergwuchs, einschlie\u00dflich aktueller Forschungsergebnisse, Ursachen und mehr.","breadcrumb":{"@id":"https:\/\/hcp.biomarin.com\/de-de\/achondroplasia\/impressum\/#breadcrumb"},"inLanguage":"de","potentialAction":[{"@type":"ReadAction","target":["https:\/\/hcp.biomarin.com\/de-de\/achondroplasia\/impressum\/"]}]},{"@type":"BreadcrumbList","@id":"https:\/\/hcp.biomarin.com\/de-de\/achondroplasia\/impressum\/#breadcrumb","itemListElement":[{"@type":"ListItem","position":1,"name":"Home","item":"https:\/\/hcp.biomarin.com\/de-de\/achondroplasia\/"},{"@type":"ListItem","position":2,"name":"Impressum"}]},{"@type":"WebSite","@id":"https:\/\/hcp.biomarin.com\/de-de\/achondroplasia\/#website","url":"https:\/\/hcp.biomarin.com\/de-de\/achondroplasia\/","name":"BioMarin ACH DSE HCP DE-DE","description":"","publisher":{"@id":"https:\/\/hcp.biomarin.com\/de-de\/achondroplasia\/#organization"},"potentialAction":[{"@type":"SearchAction","target":{"@type":"EntryPoint","urlTemplate":"https:\/\/hcp.biomarin.com\/de-de\/achondroplasia\/?s={search_term_string}"},"query-input":{"@type":"PropertyValueSpecification","valueRequired":true,"valueName":"search_term_string"}}],"inLanguage":"de"},{"@type":"Organization","@id":"https:\/\/hcp.biomarin.com\/de-de\/achondroplasia\/#organization","name":"BioMarin","url":"https:\/\/hcp.biomarin.com\/de-de\/achondroplasia\/","logo":{"@type":"ImageObject","inLanguage":"de","@id":"https:\/\/hcp.biomarin.com\/de-de\/achondroplasia\/#\/schema\/logo\/image\/","url":"https:\/\/hcp.biomarin.com\/de-de\/achondroplasia\/wp-content\/uploads\/sites\/4\/2023\/01\/biomarin-logo.svg","contentUrl":"https:\/\/hcp.biomarin.com\/de-de\/achondroplasia\/wp-content\/uploads\/sites\/4\/2023\/01\/biomarin-logo.svg","width":"1024","height":"1024","caption":"BioMarin"},"image":{"@id":"https:\/\/hcp.biomarin.com\/de-de\/achondroplasia\/#\/schema\/logo\/image\/"},"sameAs":["https:\/\/www.facebook.com\/BioMarinOfficial\/","https:\/\/www.linkedin.com\/company\/biomarin"]}]}},"_links":{"self":[{"href":"https:\/\/hcp.biomarin.com\/de-de\/achondroplasia\/wp-json\/wp\/v2\/pages\/2671","targetHints":{"allow":["GET"]}}],"collection":[{"href":"https:\/\/hcp.biomarin.com\/de-de\/achondroplasia\/wp-json\/wp\/v2\/pages"}],"about":[{"href":"https:\/\/hcp.biomarin.com\/de-de\/achondroplasia\/wp-json\/wp\/v2\/types\/page"}],"author":[{"embeddable":true,"href":"https:\/\/hcp.biomarin.com\/de-de\/achondroplasia\/wp-json\/wp\/v2\/users\/8"}],"replies":[{"embeddable":true,"href":"https:\/\/hcp.biomarin.com\/de-de\/achondroplasia\/wp-json\/wp\/v2\/comments?post=2671"}],"version-history":[{"count":6,"href":"https:\/\/hcp.biomarin.com\/de-de\/achondroplasia\/wp-json\/wp\/v2\/pages\/2671\/revisions"}],"predecessor-version":[{"id":2698,"href":"https:\/\/hcp.biomarin.com\/de-de\/achondroplasia\/wp-json\/wp\/v2\/pages\/2671\/revisions\/2698"}],"wp:attachment":[{"href":"https:\/\/hcp.biomarin.com\/de-de\/achondroplasia\/wp-json\/wp\/v2\/media?parent=2671"}],"curies":[{"name":"wp","href":"https:\/\/api.w.org\/{rel}","templated":true}]}}