{"id":1870,"date":"2023-02-17T12:30:15","date_gmt":"2023-02-17T12:30:15","guid":{"rendered":"https:\/\/achdsehcp-dev-001.azurewebsites.net\/en-us\/achondroplasia\/?page_id=1870"},"modified":"2024-04-16T11:51:07","modified_gmt":"2024-04-16T11:51:07","slug":"growth-and-development","status":"publish","type":"page","link":"https:\/\/hcp.biomarin.com\/de-de\/achondroplasia\/growth-and-development\/","title":{"rendered":"Growth and Development"},"content":{"rendered":"<div id=\"acf-block-63f60c2928d6f\" class=\"hero hero-no-overlay\">\n            <div class=\"hero-background-image hero-background-image-desktop\" style=\"background-image: url(https:\/\/hcp.biomarin.com\/de-de\/achondroplasia\/wp-content\/uploads\/sites\/4\/2023\/01\/home_hero_v2-2000x800.jpg);\"><\/div>\n\t    <div class=\"hero-background-image hero-background-image-mobile\" style=\"background-image: url(https:\/\/hcp.biomarin.com\/de-de\/achondroplasia\/wp-content\/uploads\/sites\/4\/2022\/12\/mobile_bg.png?v=0.122);\"><\/div>\n    \t<div class=\"overlay\"><\/div>\n\t<div class=\"wrapper\">\n\t\t<div class=\"inner-wrapper\">\n\t\t\t<div class=\"hero-content\">\n\t\t\t    \t\t\t\t\t\t\t\t\t\t\t\t    <h1>Achondroplasia growth and development publications\n<\/h1>\n\t\t\t\t\t\t\t\t\t\t\t\t    <p class=\"p1\">Es ist wichtig, Achondroplasie-spezifische Wachstumstabellen und Entwicklungsmeilensteine zu verwenden, um sicherzustellen, dass Sie das Wachstum und die Entwicklung Ihrer Patienten angemessen beurteilen und \u00fcberwachen k\u00f6nnen. Zu Ihrer Erleichterung haben wir Informationen zu Publikationen zusammengestellt, die Sie nutzen k\u00f6nnen, um mehr \u00fcber die \u00dcberwachung von Wachstum und Entwicklung zu erfahren.<\/p>\n\t\t\t\t\t\t\t\t\n                <p class=\"inline-buttons\">\n                                                        <\/p>\n\t\t\t\t\t\t\t<\/div>\n\t\t<\/div>\n\t<\/div>\n<\/div>\n\n\n<div id=\"acf-block-63f60c2928ddf\" class=\"block cards cards-2-col block-tight-top block-tight-bottom\">\n\t<div class=\"wrapper\">\n\t\t<div class=\"inner-wrapper\">\n\t\t\t<div class=\"cards-title\">\n\t\t\t    \t\t\t\t\t\t\t<\/div>\n\t\t\t<div class=\"cards-wrapper\">\n\t\t\t    \n<div id=\"acf-block-63f60c2928dff\" class=\"card\" data-muted-autoplay=\"false\">\n        <div class=\"card-content\">\n                            <h4>2007\n<\/h4>\n        \n                                                                                                            <p><strong>Weight for age charts for children with achondroplasia.<\/strong><br \/>\nHoover\u2010Fong, J. et al. <em>Am. J. Med. Genet. A<\/em> <strong>143<\/strong>, 2227\u201335 (2007).<\/p>\n                                                                                    <\/div>\n<\/div>\n\n<div id=\"acf-block-63f60c2928e1d\" class=\"card\" data-muted-autoplay=\"false\">\n        <div class=\"card-content\">\n                            <h4>2017\n<\/h4>\n        \n                                                                                                            <p><strong>A height\u2010for\u2010age growth reference for children with achondroplasia: Expanded applications and comparison with original reference data.<\/strong><br \/>\nHoover-Fong, J. et al. <em>Am. J. Med. Genet. A<\/em> <strong>173<\/strong>, 1226\u201330 (2017).<\/p>\n                                                                                    <\/div>\n<\/div>\n\n<div id=\"acf-block-63f60c2928e3c\" class=\"card\" data-muted-autoplay=\"false\">\n        <div class=\"card-content\">\n                            <h4>2011\n<\/h4>\n        \n                                                                                                            <p class=\"title\"><strong>Growth references for height, weight, and head circumference for Argentine children with achondroplasia.<\/strong><\/p>\n<p class=\"author\">Del Pino, M., Fano, V. &amp; Lejarraga, H. <em>Eur. J. Pediatr<\/em>. <strong>170<\/strong>, 453\u2013459 (2011).<\/p>\n                                                                                    <\/div>\n<\/div>\n\n<div id=\"acf-block-63f60c2928e58\" class=\"card\" data-muted-autoplay=\"false\">\n        <div class=\"card-content\">\n                            <h4>2017\n<\/h4>\n        \n                                                                                                            <p class=\"title\"><strong>Growth charts for Australian children with achondroplasia.<\/strong><\/p>\n<p class=\"author\">Tofts L, Das S, Collins F, Burton KLO. <em>Am. J. Med. Genet. A<\/em>. <strong>173<\/strong>(8):2189-2200 (2017).<\/p>\n                                                                                    <\/div>\n<\/div>\n\n<div id=\"acf-block-63f60c2928e72\" class=\"card\" data-muted-autoplay=\"false\">\n        <div class=\"card-content\">\n                            <h4>2018\n<\/h4>\n        \n                                                                                                            <p class=\"title\"><strong>Growth in achondroplasia: Development of height, weight, head circumference, and body mass index in a European cohort.<\/strong><\/p>\n<p class=\"author\">Merker A, Neumeyer L, Herte, NT, Grigelioniene G, M\u00e4kitie O, Mohnike K, Hagen\u00e4s L. <em>Am. J. of Med. Genet. A<\/em> <strong>176<\/strong>, 1723-34 (2018).<\/p>\n                                                                                    <\/div>\n<\/div>\n\t\t\t<\/div>\n\t\t<\/div>\n\t<\/div>\n<\/div>\n\n<div id=\"acf-block-6425667ec7f44\" class=\"block print-page\">\n    <div class=\"wrapper\">\n        <div class=\"inner-wrapper\">\n            <p><a class=\"button button-print\" href=\"#\">Drucke diese Seite<\/a><\/p>\n        <\/div>\n    <\/div>\n<\/div>","protected":false},"excerpt":{"rendered":"","protected":false},"author":4,"featured_media":0,"parent":0,"menu_order":0,"comment_status":"closed","ping_status":"closed","template":"","meta":{"_acf_changed":false,"inline_featured_image":false,"footnotes":""},"class_list":["post-1870","page","type-page","status-publish","hentry"],"acf":[],"yoast_head":"<!-- This site is optimized with the Yoast SEO plugin v27.4 - https:\/\/yoast.com\/product\/yoast-seo-wordpress\/ -->\n<title>Growth and Development - BioMarin ACH DSE HCP DE-DE<\/title>\n<meta name=\"robots\" content=\"index, follow, max-snippet:-1, max-image-preview:large, max-video-preview:-1\" \/>\n<link rel=\"canonical\" href=\"https:\/\/hcp.biomarin.com\/de-de\/achondroplasia\/growth-and-development\/\" \/>\n<meta property=\"og:locale\" content=\"de_DE\" \/>\n<meta property=\"og:type\" content=\"article\" \/>\n<meta property=\"og:title\" content=\"Growth and Development - BioMarin ACH DSE HCP DE-DE\" \/>\n<meta property=\"og:url\" content=\"https:\/\/hcp.biomarin.com\/de-de\/achondroplasia\/growth-and-development\/\" \/>\n<meta property=\"og:site_name\" content=\"BioMarin ACH DSE HCP DE-DE\" \/>\n<meta property=\"article:publisher\" content=\"https:\/\/www.facebook.com\/BioMarinOfficial\/\" \/>\n<meta property=\"article:modified_time\" content=\"2024-04-16T11:51:07+00:00\" \/>\n<meta name=\"twitter:card\" content=\"summary_large_image\" \/>\n<script type=\"application\/ld+json\" class=\"yoast-schema-graph\">{\"@context\":\"https:\\\/\\\/schema.org\",\"@graph\":[{\"@type\":\"WebPage\",\"@id\":\"https:\\\/\\\/hcp.biomarin.com\\\/de-de\\\/achondroplasia\\\/growth-and-development\\\/\",\"url\":\"https:\\\/\\\/hcp.biomarin.com\\\/de-de\\\/achondroplasia\\\/growth-and-development\\\/\",\"name\":\"Growth and Development - BioMarin ACH DSE HCP DE-DE\",\"isPartOf\":{\"@id\":\"https:\\\/\\\/hcp.biomarin.com\\\/de-de\\\/achondroplasia\\\/#website\"},\"datePublished\":\"2023-02-17T12:30:15+00:00\",\"dateModified\":\"2024-04-16T11:51:07+00:00\",\"breadcrumb\":{\"@id\":\"https:\\\/\\\/hcp.biomarin.com\\\/de-de\\\/achondroplasia\\\/growth-and-development\\\/#breadcrumb\"},\"inLanguage\":\"de\",\"potentialAction\":[{\"@type\":\"ReadAction\",\"target\":[\"https:\\\/\\\/hcp.biomarin.com\\\/de-de\\\/achondroplasia\\\/growth-and-development\\\/\"]}]},{\"@type\":\"BreadcrumbList\",\"@id\":\"https:\\\/\\\/hcp.biomarin.com\\\/de-de\\\/achondroplasia\\\/growth-and-development\\\/#breadcrumb\",\"itemListElement\":[{\"@type\":\"ListItem\",\"position\":1,\"name\":\"Home\",\"item\":\"https:\\\/\\\/hcp.biomarin.com\\\/de-de\\\/achondroplasia\\\/\"},{\"@type\":\"ListItem\",\"position\":2,\"name\":\"Growth and Development\"}]},{\"@type\":\"WebSite\",\"@id\":\"https:\\\/\\\/hcp.biomarin.com\\\/de-de\\\/achondroplasia\\\/#website\",\"url\":\"https:\\\/\\\/hcp.biomarin.com\\\/de-de\\\/achondroplasia\\\/\",\"name\":\"BioMarin ACH DSE HCP DE-DE\",\"description\":\"\",\"publisher\":{\"@id\":\"https:\\\/\\\/hcp.biomarin.com\\\/de-de\\\/achondroplasia\\\/#organization\"},\"potentialAction\":[{\"@type\":\"SearchAction\",\"target\":{\"@type\":\"EntryPoint\",\"urlTemplate\":\"https:\\\/\\\/hcp.biomarin.com\\\/de-de\\\/achondroplasia\\\/?s={search_term_string}\"},\"query-input\":{\"@type\":\"PropertyValueSpecification\",\"valueRequired\":true,\"valueName\":\"search_term_string\"}}],\"inLanguage\":\"de\"},{\"@type\":\"Organization\",\"@id\":\"https:\\\/\\\/hcp.biomarin.com\\\/de-de\\\/achondroplasia\\\/#organization\",\"name\":\"BioMarin\",\"url\":\"https:\\\/\\\/hcp.biomarin.com\\\/de-de\\\/achondroplasia\\\/\",\"logo\":{\"@type\":\"ImageObject\",\"inLanguage\":\"de\",\"@id\":\"https:\\\/\\\/hcp.biomarin.com\\\/de-de\\\/achondroplasia\\\/#\\\/schema\\\/logo\\\/image\\\/\",\"url\":\"https:\\\/\\\/hcp.biomarin.com\\\/de-de\\\/achondroplasia\\\/wp-content\\\/uploads\\\/sites\\\/4\\\/2023\\\/01\\\/biomarin-logo.svg\",\"contentUrl\":\"https:\\\/\\\/hcp.biomarin.com\\\/de-de\\\/achondroplasia\\\/wp-content\\\/uploads\\\/sites\\\/4\\\/2023\\\/01\\\/biomarin-logo.svg\",\"width\":\"1024\",\"height\":\"1024\",\"caption\":\"BioMarin\"},\"image\":{\"@id\":\"https:\\\/\\\/hcp.biomarin.com\\\/de-de\\\/achondroplasia\\\/#\\\/schema\\\/logo\\\/image\\\/\"},\"sameAs\":[\"https:\\\/\\\/www.facebook.com\\\/BioMarinOfficial\\\/\",\"https:\\\/\\\/www.linkedin.com\\\/company\\\/biomarin\"]}]}<\/script>\n<!-- \/ Yoast SEO plugin. -->","yoast_head_json":{"title":"Growth and Development - BioMarin ACH DSE HCP DE-DE","robots":{"index":"index","follow":"follow","max-snippet":"max-snippet:-1","max-image-preview":"max-image-preview:large","max-video-preview":"max-video-preview:-1"},"canonical":"https:\/\/hcp.biomarin.com\/de-de\/achondroplasia\/growth-and-development\/","og_locale":"de_DE","og_type":"article","og_title":"Growth and Development - BioMarin ACH DSE HCP DE-DE","og_url":"https:\/\/hcp.biomarin.com\/de-de\/achondroplasia\/growth-and-development\/","og_site_name":"BioMarin ACH DSE HCP DE-DE","article_publisher":"https:\/\/www.facebook.com\/BioMarinOfficial\/","article_modified_time":"2024-04-16T11:51:07+00:00","twitter_card":"summary_large_image","schema":{"@context":"https:\/\/schema.org","@graph":[{"@type":"WebPage","@id":"https:\/\/hcp.biomarin.com\/de-de\/achondroplasia\/growth-and-development\/","url":"https:\/\/hcp.biomarin.com\/de-de\/achondroplasia\/growth-and-development\/","name":"Growth and Development - BioMarin ACH DSE HCP DE-DE","isPartOf":{"@id":"https:\/\/hcp.biomarin.com\/de-de\/achondroplasia\/#website"},"datePublished":"2023-02-17T12:30:15+00:00","dateModified":"2024-04-16T11:51:07+00:00","breadcrumb":{"@id":"https:\/\/hcp.biomarin.com\/de-de\/achondroplasia\/growth-and-development\/#breadcrumb"},"inLanguage":"de","potentialAction":[{"@type":"ReadAction","target":["https:\/\/hcp.biomarin.com\/de-de\/achondroplasia\/growth-and-development\/"]}]},{"@type":"BreadcrumbList","@id":"https:\/\/hcp.biomarin.com\/de-de\/achondroplasia\/growth-and-development\/#breadcrumb","itemListElement":[{"@type":"ListItem","position":1,"name":"Home","item":"https:\/\/hcp.biomarin.com\/de-de\/achondroplasia\/"},{"@type":"ListItem","position":2,"name":"Growth and Development"}]},{"@type":"WebSite","@id":"https:\/\/hcp.biomarin.com\/de-de\/achondroplasia\/#website","url":"https:\/\/hcp.biomarin.com\/de-de\/achondroplasia\/","name":"BioMarin ACH DSE HCP DE-DE","description":"","publisher":{"@id":"https:\/\/hcp.biomarin.com\/de-de\/achondroplasia\/#organization"},"potentialAction":[{"@type":"SearchAction","target":{"@type":"EntryPoint","urlTemplate":"https:\/\/hcp.biomarin.com\/de-de\/achondroplasia\/?s={search_term_string}"},"query-input":{"@type":"PropertyValueSpecification","valueRequired":true,"valueName":"search_term_string"}}],"inLanguage":"de"},{"@type":"Organization","@id":"https:\/\/hcp.biomarin.com\/de-de\/achondroplasia\/#organization","name":"BioMarin","url":"https:\/\/hcp.biomarin.com\/de-de\/achondroplasia\/","logo":{"@type":"ImageObject","inLanguage":"de","@id":"https:\/\/hcp.biomarin.com\/de-de\/achondroplasia\/#\/schema\/logo\/image\/","url":"https:\/\/hcp.biomarin.com\/de-de\/achondroplasia\/wp-content\/uploads\/sites\/4\/2023\/01\/biomarin-logo.svg","contentUrl":"https:\/\/hcp.biomarin.com\/de-de\/achondroplasia\/wp-content\/uploads\/sites\/4\/2023\/01\/biomarin-logo.svg","width":"1024","height":"1024","caption":"BioMarin"},"image":{"@id":"https:\/\/hcp.biomarin.com\/de-de\/achondroplasia\/#\/schema\/logo\/image\/"},"sameAs":["https:\/\/www.facebook.com\/BioMarinOfficial\/","https:\/\/www.linkedin.com\/company\/biomarin"]}]}},"_links":{"self":[{"href":"https:\/\/hcp.biomarin.com\/de-de\/achondroplasia\/wp-json\/wp\/v2\/pages\/1870","targetHints":{"allow":["GET"]}}],"collection":[{"href":"https:\/\/hcp.biomarin.com\/de-de\/achondroplasia\/wp-json\/wp\/v2\/pages"}],"about":[{"href":"https:\/\/hcp.biomarin.com\/de-de\/achondroplasia\/wp-json\/wp\/v2\/types\/page"}],"author":[{"embeddable":true,"href":"https:\/\/hcp.biomarin.com\/de-de\/achondroplasia\/wp-json\/wp\/v2\/users\/4"}],"replies":[{"embeddable":true,"href":"https:\/\/hcp.biomarin.com\/de-de\/achondroplasia\/wp-json\/wp\/v2\/comments?post=1870"}],"version-history":[{"count":28,"href":"https:\/\/hcp.biomarin.com\/de-de\/achondroplasia\/wp-json\/wp\/v2\/pages\/1870\/revisions"}],"predecessor-version":[{"id":2660,"href":"https:\/\/hcp.biomarin.com\/de-de\/achondroplasia\/wp-json\/wp\/v2\/pages\/1870\/revisions\/2660"}],"wp:attachment":[{"href":"https:\/\/hcp.biomarin.com\/de-de\/achondroplasia\/wp-json\/wp\/v2\/media?parent=1870"}],"curies":[{"name":"wp","href":"https:\/\/api.w.org\/{rel}","templated":true}]}}